{"id":9994,"date":"2019-07-21T13:53:37","date_gmt":"2019-07-21T11:53:37","guid":{"rendered":"https:\/\/silverproject.eu\/pl\/?post_type=product&#038;p=9994"},"modified":"2026-03-08T17:56:20","modified_gmt":"2026-03-08T16:56:20","slug":"2-51mm-turbo-kompresor-flansza-adapter-do-gt28r-gt28-t28-t25-s13-s14","status":"publish","type":"product","link":"https:\/\/silverproject.eu\/pl\/2-51mm-turbo-kompresor-flansza-adapter-do-gt28r-gt28-t28-t25-s13-s14\/","title":{"rendered":"2&#8243; \/ 51mm Turbo Kompresor Flansza Adapter do GT28R GT28 T28 T25 S13 S14"},"content":{"rendered":"<p>Flansza cz\u0119\u015bci &#8220;zimnej&#8221; turbiny- tzw. wylot z kompresora<\/p>\n<p>do turbiny Garrett GT28R GT28 T28 GT25<\/p>\n<p>wersja z oringiem bez potrzeby dorabiania uszczelki.<br \/>\nwykonane z aluminium , co sprawia \u017ce s\u0105 bardzo lekkie i wytrzyma\u0142e zarazem<\/p>\n<p>wersja na w\u0105\u017c silikonowy fi 51 mm<\/p>\n","protected":false},"excerpt":{"rendered":"<p>Flansza cz\u0119\u015bci &#8220;zimnej&#8221; turbiny- tzw. wylot z kompresora do turbiny Garrett GT28R GT28 T28 GT25 wersja z oringiem bez potrzeby dorabiania uszczelki. wykonane z aluminium , co sprawia \u017ce s\u0105 bardzo lekkie i wytrzyma\u0142e zarazem wersja na w\u0105\u017c silikonowy fi 51 mm<\/p>\n","protected":false},"featured_media":9989,"template":"","meta":{"_seopress_robots_primary_cat":"none","_seopress_titles_title":"Turbo Kompresor Flansza Adapter do GT28R","_seopress_titles_desc":"Turbo Kompresor 2\" \/ 51mm. Flansza cz\u0119\u015bci \"zimnej\" turbiny - tzw. wylot z kompresora. Wersja z oringiem, bez potrzeby dorabiania uszczelki.","_seopress_robots_index":"","inline_featured_image":false},"product_brand":[],"product_cat":[16,18,20,22,26,28,24,30,32,34,36,38,70,75,80,71,76,81,72,77,73,78,74,79],"product_tag":[534,84,85,86,88,535,536,89,90,91],"class_list":{"0":"post-9994","1":"product","2":"type-product","3":"status-publish","4":"has-post-thumbnail","6":"product_cat-czesci-do-audi","7":"product_cat-czesci-do-bmw","8":"product_cat-czesci-do-fiat","9":"product_cat-czesci-do-honda","10":"product_cat-czesci-do-mercedes-benz","11":"product_cat-czesci-do-mitsubishi","12":"product_cat-czesci-do-nissan","13":"product_cat-czesci-do-seat","14":"product_cat-czesci-do-skoda","15":"product_cat-czesci-do-subaru","16":"product_cat-czesci-do-toyota","17":"product_cat-czesci-do-vw","18":"product_cat-uklad-dolotowy-do-audi","19":"product_cat-uklad-dolotowy-do-mercedes-benz","20":"product_cat-uklad-dolotowy-do-toyota","21":"product_cat-uklad-dolotowy-do-bmw","22":"product_cat-uklad-dolotowy-do-mitsubishi","23":"product_cat-uklad-dolotowy-do-vw","24":"product_cat-uklad-dolotowy-do-fiat","25":"product_cat-uklad-dolotowy-do-seat","26":"product_cat-uklad-dolotowy-do-honda","27":"product_cat-uklad-dolotowy-do-skoda","28":"product_cat-uklad-dolotowy-do-nissan","29":"product_cat-uklad-dolotowy-do-subaru","30":"product_tag-51mm","31":"product_tag-dolot","32":"product_tag-flansza","33":"product_tag-garrett","34":"product_tag-gt28","35":"product_tag-gt28r","36":"product_tag-kompresor","37":"product_tag-lacznik","38":"product_tag-t28","39":"product_tag-turbo","41":"first","42":"instock","43":"taxable","44":"shipping-taxable","45":"purchasable","46":"product-type-simple"},"_links":{"self":[{"href":"https:\/\/silverproject.eu\/pl\/wp-json\/wp\/v2\/product\/9994","targetHints":{"allow":["GET"]}}],"collection":[{"href":"https:\/\/silverproject.eu\/pl\/wp-json\/wp\/v2\/product"}],"about":[{"href":"https:\/\/silverproject.eu\/pl\/wp-json\/wp\/v2\/types\/product"}],"wp:featuredmedia":[{"embeddable":true,"href":"https:\/\/silverproject.eu\/pl\/wp-json\/wp\/v2\/media\/9989"}],"wp:attachment":[{"href":"https:\/\/silverproject.eu\/pl\/wp-json\/wp\/v2\/media?parent=9994"}],"wp:term":[{"taxonomy":"product_brand","embeddable":true,"href":"https:\/\/silverproject.eu\/pl\/wp-json\/wp\/v2\/product_brand?post=9994"},{"taxonomy":"product_cat","embeddable":true,"href":"https:\/\/silverproject.eu\/pl\/wp-json\/wp\/v2\/product_cat?post=9994"},{"taxonomy":"product_tag","embeddable":true,"href":"https:\/\/silverproject.eu\/pl\/wp-json\/wp\/v2\/product_tag?post=9994"}],"curies":[{"name":"wp","href":"https:\/\/api.w.org\/{rel}","templated":true}]}}