{"id":99,"date":"2018-12-03T18:01:56","date_gmt":"2018-12-03T17:01:56","guid":{"rendered":"https:\/\/silverproject.eu\/pl\/produkt\/import-placeholder-for-2598\/"},"modified":"2026-04-20T09:13:55","modified_gmt":"2026-04-20T07:13:55","slug":"regulatory-katow-camber-plates-do-golf-mk2-mk3-15mm-camber-15","status":"publish","type":"product","link":"https:\/\/silverproject.eu\/pl\/regulatory-katow-camber-plates-do-golf-mk2-mk3-15mm-camber-15\/","title":{"rendered":"Regulatory k\u0105t\u00f3w CAMBER PLATES do GOLF MK2 MK3 -15MM &#8211; camber 1,5"},"content":{"rendered":"<p>Camber Plates do Golf MK2 \/ MK3 &#8211; prz\u00f3d<br \/>\nmo\u017cliwo\u015b\u0107 camber i caster<br \/>\nobni\u017caj\u0105 auto o 15mm !!!<br \/>\npasuje pod seryjny i gwintowany amortyzator<\/p>\n<h4><span style=\"color: #ff0000;\"><strong><span id=\"result_box\" lang=\"pl\"><a style=\"color: #ff0000;\" href=\"https:\/\/silverproject.eu\/pl\/wp-content\/uploads\/2024\/12\/inst.-camber-pl.pdf\">instrukcja monta\u017cu<\/a><\/span><\/strong><\/span><\/h4>\n<div><\/div>\n<h4><span style=\"color: #ff0000;\"><strong><span id=\"result_box\" lang=\"pl\"><a style=\"color: #ff0000;\" href=\"https:\/\/silverproject.eu\/pl\/wp-content\/uploads\/2024\/12\/parts-pl.pdf\">elementy camber plates<\/a><\/span><\/strong><\/span><\/h4>\n<div><\/div>\n<h4><span style=\"color: #ff0000;\"><strong><span id=\"result_box\" lang=\"pl\"><a style=\"color: #ff0000;\" href=\"https:\/\/silverproject.eu\/pl\/wp-content\/uploads\/2024\/12\/Nm-camber-caster-PL.pdf\">instrukcja ustawienia<\/a><\/span><\/strong><\/span><\/h4>\n<div><\/div>\n<h4><span style=\"color: #ff0000;\"><strong><span id=\"result_box\" lang=\"pl\"><a style=\"color: #ff0000;\" href=\"https:\/\/silverproject.eu\/pl\/wp-content\/uploads\/2024\/12\/material-certyf.pdf\">certyfikat materia\u0142owy<\/a><\/span><\/strong><\/span><\/h4>\n<div><\/div>\n<p>jeste\u015bmy firm\u0105 kt\u00f3ra jako pierwsza wykona\u0142a takie cambery w Polsce<\/p>\n<p>Zaprojektowane i wykonane na zam\u00f3wienie klient\u00f3w jednego z polskich for internetowych VW golf<\/p>\n<p>\u0141o\u017cyska z wk\u0142adem teflonowym.<\/p>\n<p>Dost\u0119pne kolory :Czerwony mat , Niebieski mat , Czarny mat , Pomara\u0144czowy mat.<\/p>\n","protected":false},"excerpt":{"rendered":"<p>Camber Plates do Golf MK2 \/ MK3 &#8211; prz\u00f3d mo\u017cliwo\u015b\u0107 camber i caster obni\u017caj\u0105 auto o 15mm !!! pasuje pod seryjny i gwintowany amortyzator instrukcja monta\u017cu elementy camber plates instrukcja ustawienia certyfikat materia\u0142owy jeste\u015bmy firm\u0105 kt\u00f3ra jako pierwsza wykona\u0142a takie cambery w Polsce Zaprojektowane i wykonane na zam\u00f3wienie klient\u00f3w jednego z polskich for internetowych VW [&hellip;]<\/p>\n","protected":false},"featured_media":186,"template":"","meta":{"_seopress_robots_primary_cat":"none","_seopress_titles_title":"Regulatory k\u0105t\u00f3w CAMBER PLATES do GOLF 2, 3","_seopress_titles_desc":"Regulatory k\u0105t\u00f3w CAMBER PLATES do GOLF MK2 MK3 -15MM - camber 1,5 Camber Plates Golf MK2 \/ MK3 - prz\u00f3d mo\u017cliwo\u015b\u0107 camber i caster obni\u017caj\u0105 auto o 15mm !!!","_seopress_robots_index":"","inline_featured_image":false},"product_brand":[],"product_cat":[30,38,143,144],"product_tag":[57,145,146,147,148,149],"class_list":{"0":"post-99","1":"product","2":"type-product","3":"status-publish","4":"has-post-thumbnail","6":"product_cat-czesci-do-seat","7":"product_cat-czesci-do-vw","8":"product_cat-zawieszenie-do-seat","9":"product_cat-zawieszenie-do-vw","10":"product_tag-camber-plates","11":"product_tag-caster","12":"product_tag-gleba","13":"product_tag-golf","14":"product_tag-mk2","15":"product_tag-mk3","17":"first","18":"instock","19":"taxable","20":"shipping-taxable","21":"purchasable","22":"product-type-variable"},"_links":{"self":[{"href":"https:\/\/silverproject.eu\/pl\/wp-json\/wp\/v2\/product\/99","targetHints":{"allow":["GET"]}}],"collection":[{"href":"https:\/\/silverproject.eu\/pl\/wp-json\/wp\/v2\/product"}],"about":[{"href":"https:\/\/silverproject.eu\/pl\/wp-json\/wp\/v2\/types\/product"}],"wp:featuredmedia":[{"embeddable":true,"href":"https:\/\/silverproject.eu\/pl\/wp-json\/wp\/v2\/media\/186"}],"wp:attachment":[{"href":"https:\/\/silverproject.eu\/pl\/wp-json\/wp\/v2\/media?parent=99"}],"wp:term":[{"taxonomy":"product_brand","embeddable":true,"href":"https:\/\/silverproject.eu\/pl\/wp-json\/wp\/v2\/product_brand?post=99"},{"taxonomy":"product_cat","embeddable":true,"href":"https:\/\/silverproject.eu\/pl\/wp-json\/wp\/v2\/product_cat?post=99"},{"taxonomy":"product_tag","embeddable":true,"href":"https:\/\/silverproject.eu\/pl\/wp-json\/wp\/v2\/product_tag?post=99"}],"curies":[{"name":"wp","href":"https:\/\/api.w.org\/{rel}","templated":true}]}}