{"id":98,"date":"2018-12-03T18:01:56","date_gmt":"2018-12-03T17:01:56","guid":{"rendered":"https:\/\/silverproject.eu\/pl\/produkt\/import-placeholder-for-2597\/"},"modified":"2026-03-25T10:11:04","modified_gmt":"2026-03-25T09:11:04","slug":"poduszka-skrzyni-biegow-drift-do-nissan-skyline-200sx-s13-s14","status":"publish","type":"product","link":"https:\/\/silverproject.eu\/pl\/poduszka-skrzyni-biegow-drift-do-nissan-skyline-200sx-s13-s14\/","title":{"rendered":"Poduszka skrzyni bieg\u00f3w drift do Nissan Skyline 200sx S13 S14"},"content":{"rendered":"<p>Sportowy zamiennik poduszki skrzyni bieg\u00f3w do Nissana Skyline oraz 200sx S13 S14 S14a wykonany z poliuretanu.<br \/>\nTwardo\u015b\u0107 75Sha.<\/p>\n<p>Po wymianie precyzyjniejsze wchodzenie bieg\u00f3w. Do jazdy na co dzie\u0144 jak i do sportu.<\/p>\n<p>Kiedy wzrasta moment obrotowy silnika powoduje nadmierne poruszanie si\u0119 -ta poduszka ca\u0142kowicie eliminuje ten efekt.<br \/>\nTo rozwi\u0105zanie pomaga zmniejszy\u0107 te obci\u0105\u017cenia , a tak\u017ce jest lepszym rozwi\u0105zaniem w przypadku wymiany starej fabrycznej poduszki , kt\u00f3ra zu\u017cywa si\u0119 w czasie. Pomaga stabilizacji momentu obrotowego silnika i skrzyni bieg\u00f3w uk\u0142adu nap\u0119dowego zapewnia lepsz\u0105 reakcj\u0119.<\/p>\n<p>Ostatnio zastosowanie w silniku CA18DET kt\u00f3ry przy ci\u015bnieniu 1,65bara wykr\u0119ci\u0142 399KM.<br \/>\nW\u0142a\u015bciciel bardzo zadowolony z poduszki.Bra\u0142 te\u017c poduszki silnika, kt\u00f3re s\u0105 u nas dost\u0119pne.<\/p>\n<p>Polecana podczas swapu na silnik SR20DET. Zalecany w Sporcie i Drifcie.<\/p>\n","protected":false},"excerpt":{"rendered":"<p>Sportowy zamiennik poduszki skrzyni bieg\u00f3w do nissana Skyline oraz 200sx S13 , S14 , S14a &#8211; wykonany z poliuretanu.<br \/>\nTwardo\u015b\u0107 75Sha.<\/p>\n<p>Po wymianie precyzyjniejsze wchodzenie bieg\u00f3w. Do jazdy na co dzie\u0144 jak i do sportu.<\/p>\n","protected":false},"featured_media":184,"template":"","meta":{"_seopress_robots_primary_cat":"none","_seopress_titles_title":"Poduszka skrzyni bieg\u00f3w drift do Nissan Skyline","_seopress_titles_desc":"Poduszka skrzyni bieg\u00f3w drift do Nissan Skyline 200sx S13 S14. Sportowy zamienniki poduszki skrzyni bieg\u00f3w do nissana Skyline wykonane z poliuretanu.","_seopress_robots_index":"","inline_featured_image":false},"product_brand":[],"product_cat":[24,47],"product_tag":[48,141,40,49,116,50,52,53,142,113],"class_list":{"0":"post-98","1":"product","2":"type-product","3":"status-publish","4":"has-post-thumbnail","6":"product_cat-czesci-do-nissan","7":"product_cat-silnik-i-przeniesienie-napedu-do-nissan","8":"product_tag-200sx","9":"product_tag-biegow","10":"product_tag-drift","11":"product_tag-nissan","12":"product_tag-poduszka","13":"product_tag-poduszka-silnika","14":"product_tag-s13","15":"product_tag-s14","16":"product_tag-skrzynia","17":"product_tag-skyline","19":"first","20":"instock","21":"featured","22":"taxable","23":"shipping-taxable","24":"purchasable","25":"product-type-simple"},"_links":{"self":[{"href":"https:\/\/silverproject.eu\/pl\/wp-json\/wp\/v2\/product\/98","targetHints":{"allow":["GET"]}}],"collection":[{"href":"https:\/\/silverproject.eu\/pl\/wp-json\/wp\/v2\/product"}],"about":[{"href":"https:\/\/silverproject.eu\/pl\/wp-json\/wp\/v2\/types\/product"}],"wp:featuredmedia":[{"embeddable":true,"href":"https:\/\/silverproject.eu\/pl\/wp-json\/wp\/v2\/media\/184"}],"wp:attachment":[{"href":"https:\/\/silverproject.eu\/pl\/wp-json\/wp\/v2\/media?parent=98"}],"wp:term":[{"taxonomy":"product_brand","embeddable":true,"href":"https:\/\/silverproject.eu\/pl\/wp-json\/wp\/v2\/product_brand?post=98"},{"taxonomy":"product_cat","embeddable":true,"href":"https:\/\/silverproject.eu\/pl\/wp-json\/wp\/v2\/product_cat?post=98"},{"taxonomy":"product_tag","embeddable":true,"href":"https:\/\/silverproject.eu\/pl\/wp-json\/wp\/v2\/product_tag?post=98"}],"curies":[{"name":"wp","href":"https:\/\/api.w.org\/{rel}","templated":true}]}}