{"id":97,"date":"2018-12-03T18:01:56","date_gmt":"2018-12-03T17:01:56","guid":{"rendered":"https:\/\/silverproject.eu\/pl\/produkt\/import-placeholder-for-2595\/"},"modified":"2026-03-04T10:03:34","modified_gmt":"2026-03-04T09:03:34","slug":"poduszka-skrzyni-do-subaru-impreza-wrx-sti","status":"publish","type":"product","link":"https:\/\/silverproject.eu\/pl\/poduszka-skrzyni-do-subaru-impreza-wrx-sti\/","title":{"rendered":"PODUSZKA SKRZYNI do SUBARU IMPREZA WRX STI"},"content":{"rendered":"<p>Poduszka skrzyni bieg\u00f3w\u00a0 do SUBARU Impreza GC \/ GD<br \/>\nBlue Poliuretan 60ShA<br \/>\ncena za 1szt<br \/>\n1992-2011<br \/>\npasuje zamiennie pod seryjn\u0105 poduszk\u0119 skrzyni<\/p>\n<p>Kiedy moc wzrasta moment obrotowy powoduje \u017ce ci\u0119\u017cko wbija bieg na seryjnej mi\u0119kkiej poduszce nasz produkt poprawia wchodzenie bieg\u00f3w &#8211; gdy\u017c konstrukcja jest sztywna i zwarta<br \/>\nJak wiedz\u0105 wszyscy u\u017cytkownicy Subaru Impreza ci\u0119\u017cko na rynku o poduszki skrzyni w dobrej jako\u015bci a nadlewki z kleju do szyb &#8230; to chyba nie ta klasa auta.<\/p>\n<p>Pomaga w stabilizacji momentu obrotowego silnika i uk\u0142adu nap\u0119dowego zapewnia lepsz\u0105\u0085 reakcj\u0119.<\/p>\n<p>Wykonane na zam\u00f3wienie klienta z ponad 380konnym silnikiem &#8211; seryjne poduszki nie wytrzymywa\u0142y.<\/p>\n<p>Polecana podczas wy\u015bcig\u00f3w po torze i miejskich street\u00f3w .<\/p>\n","protected":false},"excerpt":{"rendered":"<p>Poduszka skrzyni bieg\u00f3w\u00a0 do SUBARU Impreza GC \/ GD Blue Poliuretan 60ShA cena za 1szt 1992-2011 pasuje zamiennie pod seryjn\u0105 poduszk\u0119 skrzyni Kiedy moc wzrasta moment obrotowy powoduje \u017ce ci\u0119\u017cko wbija bieg na seryjnej mi\u0119kkiej poduszce nasz produkt poprawia wchodzenie bieg\u00f3w &#8211; gdy\u017c konstrukcja jest sztywna i zwarta Jak wiedz\u0105 wszyscy u\u017cytkownicy Subaru Impreza ci\u0119\u017cko [&hellip;]<\/p>\n","protected":false},"featured_media":10612,"template":"","meta":{"_seopress_robots_primary_cat":"none","_seopress_titles_title":"PODUSZKA SKRZYNI do SUBARU IMPREZA WRX STI","_seopress_titles_desc":"PODUSZKA SKRZYNI do SUBARU IMPREZA WRX STI. Pomaga w stabilizacji momentu obrotowego silnika i uk\u0142adu nap\u0119dowego zapewnia lepsz\u0105 reakcj\u0119.","_seopress_robots_index":"","inline_featured_image":false},"product_brand":[],"product_cat":[34,134],"product_tag":[129,50,138,139,130,140],"class_list":{"0":"post-97","1":"product","2":"type-product","3":"status-publish","4":"has-post-thumbnail","6":"product_cat-czesci-do-subaru","7":"product_cat-silnik-i-przeniesienie-napedu-do-subaru","8":"product_tag-impreza","9":"product_tag-poduszka-silnika","10":"product_tag-poduszka-skrzyni","11":"product_tag-sti","12":"product_tag-subaru","13":"product_tag-wrx","15":"first","16":"instock","17":"taxable","18":"shipping-taxable","19":"purchasable","20":"product-type-simple"},"_links":{"self":[{"href":"https:\/\/silverproject.eu\/pl\/wp-json\/wp\/v2\/product\/97","targetHints":{"allow":["GET"]}}],"collection":[{"href":"https:\/\/silverproject.eu\/pl\/wp-json\/wp\/v2\/product"}],"about":[{"href":"https:\/\/silverproject.eu\/pl\/wp-json\/wp\/v2\/types\/product"}],"wp:featuredmedia":[{"embeddable":true,"href":"https:\/\/silverproject.eu\/pl\/wp-json\/wp\/v2\/media\/10612"}],"wp:attachment":[{"href":"https:\/\/silverproject.eu\/pl\/wp-json\/wp\/v2\/media?parent=97"}],"wp:term":[{"taxonomy":"product_brand","embeddable":true,"href":"https:\/\/silverproject.eu\/pl\/wp-json\/wp\/v2\/product_brand?post=97"},{"taxonomy":"product_cat","embeddable":true,"href":"https:\/\/silverproject.eu\/pl\/wp-json\/wp\/v2\/product_cat?post=97"},{"taxonomy":"product_tag","embeddable":true,"href":"https:\/\/silverproject.eu\/pl\/wp-json\/wp\/v2\/product_tag?post=97"}],"curies":[{"name":"wp","href":"https:\/\/api.w.org\/{rel}","templated":true}]}}