{"id":93,"date":"2018-12-03T18:01:56","date_gmt":"2018-12-03T17:01:56","guid":{"rendered":"https:\/\/silverproject.eu\/pl\/produkt\/import-placeholder-for-2591\/"},"modified":"2026-01-08T11:36:01","modified_gmt":"2026-01-08T10:36:01","slug":"camber-plates-do-bmw-e30-3d-true-professionals-drift-gwint","status":"publish","type":"product","link":"https:\/\/silverproject.eu\/pl\/camber-plates-do-bmw-e30-3d-true-professionals-drift-gwint\/","title":{"rendered":"Camber Plates do BMW E30 3D true professionals Drift gwint"},"content":{"rendered":"<p>Camber Plates do BMW E30 3D<br \/>\nmo\u017cliwo\u015b\u0107 ustawienia wyprzedzenia k\u0105ta sworznia.<\/p>\n<h4><span style=\"color: #ff0000;\"><strong><span id=\"result_box\" lang=\"pl\"><a style=\"color: #ff0000;\" href=\"https:\/\/silverproject.eu\/pl\/wp-content\/uploads\/2024\/12\/inst.-camber-pl.pdf\">instrukcja monta\u017cu<\/a><\/span><\/strong><\/span><\/h4>\n<div><\/div>\n<h4><span style=\"color: #ff0000;\"><strong><span id=\"result_box\" lang=\"pl\"><a style=\"color: #ff0000;\" href=\"https:\/\/silverproject.eu\/pl\/wp-content\/uploads\/2024\/12\/parts-pl.pdf\">elementy camber plates<\/a><\/span><\/strong><\/span><\/h4>\n<div><\/div>\n<h4><span style=\"color: #ff0000;\"><strong><span id=\"result_box\" lang=\"pl\"><a style=\"color: #ff0000;\" href=\"https:\/\/silverproject.eu\/pl\/wp-content\/uploads\/2024\/12\/Nm-camber-caster-PL.pdf\">instrukcja ustawienia<\/a><\/span><\/strong><\/span><\/h4>\n<div><\/div>\n<h4><span style=\"color: #ff0000;\"><strong><span id=\"result_box\" lang=\"pl\"><a style=\"color: #ff0000;\" href=\"https:\/\/silverproject.eu\/pl\/wp-content\/uploads\/2024\/12\/material-certyf.pdf\">certyfikat materia\u0142owy<\/a><\/span><\/strong><\/span><\/h4>\n<div><\/div>\n<\/div>\n<p>To sprz\u0119t dla zawodowc\u00f3w kt\u00f3rzy szukaj\u0105 ekstremalnych ustawie\u0144 zawieszenia.<br \/>\nPasuje pod gwintowany amortyzator z p\u0142askim lub sto\u017ckowym g\u00f3rnym mocowaniem spr\u0119\u017cyny.<br \/>\nZaprojektowane i wykonane na zam\u00f3wienie licencjonowanych zawodnik\u00f3w z Polski, testowane w Poznaniu.<br \/>\n\u0141o\u017cyska z wk\u0142adem teflonowym.<\/p>\n<p>Dost\u0119pne w kolorze: Niebieski mat , Pomara\u0144czowy mat.<\/p>\n<p>Przetestowane na torach Polski , UK , Stan\u00f3w Zjednoczonych oraz Niemiec.<br \/>\nNasze Cambery wysy\u0142amy do wielu pa\u0144stw Europy oraz do Stan\u00f3w Zjednoczonych i Australii.<br \/>\nWykonane z ocynkowanej i pomalowanej proszkowo stali.<br \/>\nNowo\u015b\u0107 w Polsce &#8211; jeste\u015bmy jedynymi producentami tego elementu na terenie kraju !!!<\/p>\n","protected":false},"excerpt":{"rendered":"<p>Camber Plates do BMW E30 3D mo\u017cliwo\u015b\u0107 ustawienia wyprzedzenia k\u0105ta sworznia. instrukcja monta\u017cu elementy camber plates instrukcja ustawienia certyfikat materia\u0142owy To sprz\u0119t dla zawodowc\u00f3w kt\u00f3rzy szukaj\u0105 ekstremalnych ustawie\u0144 zawieszenia. Pasuje pod gwintowany amortyzator z p\u0142askim lub sto\u017ckowym g\u00f3rnym mocowaniem spr\u0119\u017cyny. Zaprojektowane i wykonane na zam\u00f3wienie licencjonowanych zawodnik\u00f3w z Polski, testowane w Poznaniu. \u0141o\u017cyska z wk\u0142adem [&hellip;]<\/p>\n","protected":false},"featured_media":158,"template":"","meta":{"_seopress_robots_primary_cat":"none","_seopress_titles_title":"Camber Plates do BMW E30 3D Drift gwint","_seopress_titles_desc":"Camber Plates do BMW E30 3D Drift gwint, 2,5 D, mo\u017cliwo\u015b\u0107 ustawienia wyprzedzenia k\u0105ta sworznia.","_seopress_robots_index":"","inline_featured_image":false},"product_brand":[],"product_cat":[18,60],"product_tag":[61,57,40,64,114,116],"class_list":{"0":"post-93","1":"product","2":"type-product","3":"status-publish","4":"has-post-thumbnail","6":"product_cat-czesci-do-bmw","7":"product_cat-zawieszenie-do-bmw","8":"product_tag-bmw","9":"product_tag-camber-plates","10":"product_tag-drift","11":"product_tag-e30","12":"product_tag-gwint","13":"product_tag-poduszka","15":"first","16":"instock","17":"taxable","18":"shipping-taxable","19":"purchasable","20":"product-type-variable"},"_links":{"self":[{"href":"https:\/\/silverproject.eu\/pl\/wp-json\/wp\/v2\/product\/93","targetHints":{"allow":["GET"]}}],"collection":[{"href":"https:\/\/silverproject.eu\/pl\/wp-json\/wp\/v2\/product"}],"about":[{"href":"https:\/\/silverproject.eu\/pl\/wp-json\/wp\/v2\/types\/product"}],"wp:featuredmedia":[{"embeddable":true,"href":"https:\/\/silverproject.eu\/pl\/wp-json\/wp\/v2\/media\/158"}],"wp:attachment":[{"href":"https:\/\/silverproject.eu\/pl\/wp-json\/wp\/v2\/media?parent=93"}],"wp:term":[{"taxonomy":"product_brand","embeddable":true,"href":"https:\/\/silverproject.eu\/pl\/wp-json\/wp\/v2\/product_brand?post=93"},{"taxonomy":"product_cat","embeddable":true,"href":"https:\/\/silverproject.eu\/pl\/wp-json\/wp\/v2\/product_cat?post=93"},{"taxonomy":"product_tag","embeddable":true,"href":"https:\/\/silverproject.eu\/pl\/wp-json\/wp\/v2\/product_tag?post=93"}],"curies":[{"name":"wp","href":"https:\/\/api.w.org\/{rel}","templated":true}]}}