{"id":92,"date":"2018-12-03T18:01:55","date_gmt":"2018-12-03T17:01:55","guid":{"rendered":"https:\/\/silverproject.eu\/pl\/produkt\/import-placeholder-for-2590\/"},"modified":"2026-04-16T15:05:08","modified_gmt":"2026-04-16T13:05:08","slug":"camber-plates-tyl-do-bmw-e30-e36-e46","status":"publish","type":"product","link":"https:\/\/silverproject.eu\/pl\/camber-plates-tyl-do-bmw-e30-e36-e46\/","title":{"rendered":"Camber Plates (ty\u0142) do BMW E30, E36, E46"},"content":{"rendered":"<p>Camber Plates na ty\u0142 do BMW E30 , E36 , E46<\/p>\n<h4><span style=\"color: #ff0000;\"><strong><span id=\"result_box\" lang=\"pl\"><a style=\"color: #ff0000;\" href=\"https:\/\/silverproject.eu\/pl\/wp-content\/uploads\/2024\/12\/inst.-camber-pl.pdf\">instrukcja monta\u017cu<\/a><\/span><\/strong><\/span><\/h4>\n<div><\/div>\n<h4><span style=\"color: #ff0000;\"><strong><span id=\"result_box\" lang=\"pl\"><a style=\"color: #ff0000;\" href=\"https:\/\/silverproject.eu\/pl\/wp-content\/uploads\/2024\/12\/parts-pl.pdf\">elementy camber plates<\/a><\/span><\/strong><\/span><\/h4>\n<div><\/div>\n<h4><span style=\"color: #ff0000;\"><strong><span id=\"result_box\" lang=\"pl\"><a style=\"color: #ff0000;\" href=\"https:\/\/silverproject.eu\/pl\/wp-content\/uploads\/2024\/12\/Nm-camber-caster-PL.pdf\">instrukcja ustawienia<\/a><\/span><\/strong><\/span><\/h4>\n<div><\/div>\n<h4><span style=\"color: #ff0000;\"><strong><span id=\"result_box\" lang=\"pl\"><a style=\"color: #ff0000;\" href=\"https:\/\/silverproject.eu\/pl\/wp-content\/uploads\/2024\/12\/material-certyf.pdf\">certyfikat materia\u0142owy<\/a><\/span><\/strong><\/span><\/h4>\n<div><\/div>\n<\/div>\n<p>&nbsp;<\/p>\n<p>pasuje pod seryjny i gwintowany amortyzator<br \/>\nzamiennik seryjnych zrobionych z gumy element\u00f3w kt\u00f3re bardzo cz\u0119sto rozrywaj\u0105 si\u0119 pod obci\u0105\u017ceniem<br \/>\ns\u0105 niezb\u0119dne gdy chcemy je\u017adzi\u0107 w drifcie lub wy\u015bcigach i mie\u0107 wi\u0119ksz\u0105 przyczepno\u015b\u0107.<br \/>\n\u0141o\u017cyska z wk\u0142adem teflonowym.<\/p>\n<p>Przetestowane na torach Polski , UK , Stan\u00f3w Zjednoczonych oraz Niemiec.<\/p>\n<p>Nasze Cambery wysy\u0142amy do wielu pa\u0144stw Europy oraz do Stan\u00f3w Zjednoczonych i Australii.<br \/>\nWykonane ze stali i ocynkowane.<br \/>\nNowo\u015b\u0107 w Polsce &#8211; jeste\u015bmy jedynymi producentami tego elementu na terenie kraju !!!<\/p>\n","protected":false},"excerpt":{"rendered":"<p>Camber Plates na ty\u0142 do BMW E30 , E36 , E46 instrukcja monta\u017cu elementy camber plates instrukcja ustawienia certyfikat materia\u0142owy &nbsp; pasuje pod seryjny i gwintowany amortyzator zamiennik seryjnych zrobionych z gumy element\u00f3w kt\u00f3re bardzo cz\u0119sto rozrywaj\u0105 si\u0119 pod obci\u0105\u017ceniem s\u0105 niezb\u0119dne gdy chcemy je\u017adzi\u0107 w drifcie lub wy\u015bcigach i mie\u0107 wi\u0119ksz\u0105 przyczepno\u015b\u0107. \u0141o\u017cyska z [&hellip;]<\/p>\n","protected":false},"featured_media":156,"template":"","meta":{"_seopress_robots_primary_cat":"none","_seopress_titles_title":"Camber Plates (ty\u0142) do BMW E30 , E36 , E46","_seopress_titles_desc":"Camber Plates (ty\u0142) do BMW E30 , E36 , E46 pasuje pod seryjny amortyzator zamiennik seryjnych zrobionych z gumy element\u00f3w.","_seopress_robots_index":"","inline_featured_image":false},"product_brand":[],"product_cat":[18,60],"product_tag":[131,115,61,66,64,67,69,116,117],"class_list":{"0":"post-92","1":"product","2":"type-product","3":"status-publish","4":"has-post-thumbnail","6":"product_cat-czesci-do-bmw","7":"product_cat-zawieszenie-do-bmw","8":"product_tag-amortyzator","9":"product_tag-amortyzatora","10":"product_tag-bmw","11":"product_tag-camber","12":"product_tag-e30","13":"product_tag-e36","14":"product_tag-e46","15":"product_tag-poduszka","16":"product_tag-tyl","18":"first","19":"instock","20":"taxable","21":"shipping-taxable","22":"purchasable","23":"product-type-simple"},"_links":{"self":[{"href":"https:\/\/silverproject.eu\/pl\/wp-json\/wp\/v2\/product\/92","targetHints":{"allow":["GET"]}}],"collection":[{"href":"https:\/\/silverproject.eu\/pl\/wp-json\/wp\/v2\/product"}],"about":[{"href":"https:\/\/silverproject.eu\/pl\/wp-json\/wp\/v2\/types\/product"}],"wp:featuredmedia":[{"embeddable":true,"href":"https:\/\/silverproject.eu\/pl\/wp-json\/wp\/v2\/media\/156"}],"wp:attachment":[{"href":"https:\/\/silverproject.eu\/pl\/wp-json\/wp\/v2\/media?parent=92"}],"wp:term":[{"taxonomy":"product_brand","embeddable":true,"href":"https:\/\/silverproject.eu\/pl\/wp-json\/wp\/v2\/product_brand?post=92"},{"taxonomy":"product_cat","embeddable":true,"href":"https:\/\/silverproject.eu\/pl\/wp-json\/wp\/v2\/product_cat?post=92"},{"taxonomy":"product_tag","embeddable":true,"href":"https:\/\/silverproject.eu\/pl\/wp-json\/wp\/v2\/product_tag?post=92"}],"curies":[{"name":"wp","href":"https:\/\/api.w.org\/{rel}","templated":true}]}}