{"id":89,"date":"2018-12-03T18:01:55","date_gmt":"2018-12-03T17:01:55","guid":{"rendered":"https:\/\/silverproject.eu\/pl\/produkt\/import-placeholder-for-2585\/"},"modified":"2025-05-30T11:39:15","modified_gmt":"2025-05-30T09:39:15","slug":"regulowany-tylny-drazek-zbieznosc-do-nissan-200sx-s13","status":"publish","type":"product","link":"https:\/\/silverproject.eu\/pl\/regulowany-tylny-drazek-zbieznosc-do-nissan-200sx-s13\/","title":{"rendered":"Regulowany tylny dr\u0105\u017cek zbie\u017cno\u015b\u0107 do Nissan 200sx S13"},"content":{"rendered":"<h4><span style=\"color: #ff0000;\"><strong><span id=\"result_box\" lang=\"pl\"><a style=\"color: #ff0000;\" href=\"https:\/\/silverproject.eu\/pl\/wp-content\/uploads\/2024\/12\/inst.-wahacz-pl.pdf\">instrukcja monta\u017cu<\/a><\/span><\/strong><\/span><\/h4>\n<div><\/div>\n<h4><span style=\"color: #ff0000;\"><strong><span id=\"result_box\" lang=\"pl\"><a style=\"color: #ff0000;\" href=\"       \">certyfikat materia\u0142owy<\/a><\/span><\/strong><\/span><\/h4>\n<div><\/div>\n<\/div>\n<p>Regulowany tylny dr\u0105\u017cek zbie\u017cno\u015b\u0107 ko\u0142a tylnego do Nissana 200sx S13<\/p>\n<p>Tuleja z poliuretanu najwy\u017cszej jako\u015bci.<\/p>\n<p>Dost\u0119pne w kolorze: Czarny mat , Niebieski mat.<\/p>\n","protected":false},"excerpt":{"rendered":"<p>instrukcja monta\u017cu certyfikat materia\u0142owy Regulowany tylny dr\u0105\u017cek zbie\u017cno\u015b\u0107 ko\u0142a tylnego do Nissana 200sx S13 Tuleja z poliuretanu najwy\u017cszej jako\u015bci. Dost\u0119pne w kolorze: Czarny mat , Niebieski mat.<\/p>\n","protected":false},"featured_media":150,"template":"","meta":{"_seopress_robots_primary_cat":"none","_seopress_titles_title":"Regulowany tylny dr\u0105\u017cek zbie\u017cno\u015b\u0107 do Nissan 200sx S13","_seopress_titles_desc":"Regulowany tylny dr\u0105\u017cek zbie\u017cno\u015b\u0107 do Nissana 200sx S13. Tuleja z poliuretanu najwy\u017cszej jako\u015bci. Dost\u0119pne w kolorze: Czarny mat , Niebieski mat.","_seopress_robots_index":"","inline_featured_image":false},"product_brand":[],"product_cat":[24,46],"product_tag":[48,40,117,118,119],"class_list":{"0":"post-89","1":"product","2":"type-product","3":"status-publish","4":"has-post-thumbnail","6":"product_cat-czesci-do-nissan","7":"product_cat-zawieszenie-do-nissan","8":"product_tag-200sx","9":"product_tag-drift","10":"product_tag-tyl","11":"product_tag-wahacz","12":"product_tag-zbieznosc","14":"first","15":"instock","16":"taxable","17":"shipping-taxable","18":"purchasable","19":"product-type-variable"},"_links":{"self":[{"href":"https:\/\/silverproject.eu\/pl\/wp-json\/wp\/v2\/product\/89","targetHints":{"allow":["GET"]}}],"collection":[{"href":"https:\/\/silverproject.eu\/pl\/wp-json\/wp\/v2\/product"}],"about":[{"href":"https:\/\/silverproject.eu\/pl\/wp-json\/wp\/v2\/types\/product"}],"wp:featuredmedia":[{"embeddable":true,"href":"https:\/\/silverproject.eu\/pl\/wp-json\/wp\/v2\/media\/150"}],"wp:attachment":[{"href":"https:\/\/silverproject.eu\/pl\/wp-json\/wp\/v2\/media?parent=89"}],"wp:term":[{"taxonomy":"product_brand","embeddable":true,"href":"https:\/\/silverproject.eu\/pl\/wp-json\/wp\/v2\/product_brand?post=89"},{"taxonomy":"product_cat","embeddable":true,"href":"https:\/\/silverproject.eu\/pl\/wp-json\/wp\/v2\/product_cat?post=89"},{"taxonomy":"product_tag","embeddable":true,"href":"https:\/\/silverproject.eu\/pl\/wp-json\/wp\/v2\/product_tag?post=89"}],"curies":[{"name":"wp","href":"https:\/\/api.w.org\/{rel}","templated":true}]}}