{"id":87,"date":"2018-12-03T18:01:55","date_gmt":"2018-12-03T17:01:55","guid":{"rendered":"https:\/\/silverproject.eu\/pl\/produkt\/import-placeholder-for-2581\/"},"modified":"2026-02-09T17:27:37","modified_gmt":"2026-02-09T16:27:37","slug":"camber-plates-do-bmw-e30-e34-e28-e24-drift-gwint","status":"publish","type":"product","link":"https:\/\/silverproject.eu\/pl\/camber-plates-do-bmw-e30-e34-e28-e24-drift-gwint\/","title":{"rendered":"Camber Plates do BMW E30, E34, E28, E24 Drift gwint"},"content":{"rendered":"<p>Camber Plates do BMW E30, E34, E28, E24 Drift gwint<br \/>\nrocznik 1982-1994<\/p>\n<h4><span style=\"color: #ff0000;\"><strong><span id=\"result_box\" lang=\"pl\"><a style=\"color: #ff0000;\" href=\"https:\/\/silverproject.eu\/pl\/wp-content\/uploads\/2024\/12\/inst.-camber-pl.pdf\">instrukcja monta\u017cu<\/a><\/span><\/strong><\/span><\/h4>\n<div><\/div>\n<h4><span style=\"color: #ff0000;\"><strong><span id=\"result_box\" lang=\"pl\"><a style=\"color: #ff0000;\" href=\"https:\/\/silverproject.eu\/pl\/wp-content\/uploads\/2024\/12\/parts-pl.pdf\">elementy camber plates<\/a><\/span><\/strong><\/span><\/h4>\n<div><\/div>\n<h4><span style=\"color: #ff0000;\"><strong><span id=\"result_box\" lang=\"pl\"><a style=\"color: #ff0000;\" href=\"https:\/\/silverproject.eu\/pl\/wp-content\/uploads\/2024\/12\/Nm-camber-caster-PL.pdf\">instrukcja ustawienia<\/a><\/span><\/strong><\/span><\/h4>\n<div><\/div>\n<h4><span style=\"color: #ff0000;\"><strong><span id=\"result_box\" lang=\"pl\"><a style=\"color: #ff0000;\" href=\"https:\/\/silverproject.eu\/pl\/wp-content\/uploads\/2024\/12\/material-certyf.pdf\">certyfikat materia\u0142owy<\/a><\/span><\/strong><\/span><\/h4>\n<div><\/div>\n<\/div>\n<p>&nbsp;<\/p>\n<p>Pozwala pochyli\u0107 ko\u0142o\/amortyzator o kilka stopni<br \/>\nco jest niezb\u0119dne gdy chcemy je\u017adzi\u0107 w drifcie i mie\u0107 wi\u0119ksz\u0105 przyczepno\u015b\u0107.<br \/>\n\u0141o\u017cyska z wk\u0142adem teflonowym.<\/p>\n<p>Dost\u0119pne w kolorze: Czarny mat , Niebieski mat , Pomara\u0144czowy mat.<\/p>\n<p>Wersja pod gwintowany amortyzator.<br \/>\nPrzetestowane na torach Polski , UK , Stan\u00f3w Zjednoczonych oraz Niemiec<\/p>\n","protected":false},"excerpt":{"rendered":"<p>Camber Plates do BMW E30, E34, E28, E24 Drift gwint rocznik 1982-1994 instrukcja monta\u017cu elementy camber plates instrukcja ustawienia certyfikat materia\u0142owy &nbsp; Pozwala pochyli\u0107 ko\u0142o\/amortyzator o kilka stopni co jest niezb\u0119dne gdy chcemy je\u017adzi\u0107 w drifcie i mie\u0107 wi\u0119ksz\u0105 przyczepno\u015b\u0107. \u0141o\u017cyska z wk\u0142adem teflonowym. Dost\u0119pne w kolorze: Czarny mat , Niebieski mat , Pomara\u0144czowy mat. [&hellip;]<\/p>\n","protected":false},"featured_media":128,"template":"","meta":{"_seopress_robots_primary_cat":"none","_seopress_titles_title":"Camber Plates do BMW E30, E34, E28, E24 Drift gwint","_seopress_titles_desc":"Camber Plates do BMW E30, E34, E28, E24 Drift gwint. Pozwala pochyli\u0107 ko\u0142o\/amortyzator o kilka stopni.","_seopress_robots_index":"","inline_featured_image":false},"product_brand":[],"product_cat":[18,60],"product_tag":[61,57,40,62,63,64,65,114],"class_list":{"0":"post-87","1":"product","2":"type-product","3":"status-publish","4":"has-post-thumbnail","6":"product_cat-czesci-do-bmw","7":"product_cat-zawieszenie-do-bmw","8":"product_tag-bmw","9":"product_tag-camber-plates","10":"product_tag-drift","11":"product_tag-e24","12":"product_tag-e28","13":"product_tag-e30","14":"product_tag-e34","15":"product_tag-gwint","17":"first","18":"instock","19":"taxable","20":"shipping-taxable","21":"purchasable","22":"product-type-variable"},"_links":{"self":[{"href":"https:\/\/silverproject.eu\/pl\/wp-json\/wp\/v2\/product\/87","targetHints":{"allow":["GET"]}}],"collection":[{"href":"https:\/\/silverproject.eu\/pl\/wp-json\/wp\/v2\/product"}],"about":[{"href":"https:\/\/silverproject.eu\/pl\/wp-json\/wp\/v2\/types\/product"}],"wp:featuredmedia":[{"embeddable":true,"href":"https:\/\/silverproject.eu\/pl\/wp-json\/wp\/v2\/media\/128"}],"wp:attachment":[{"href":"https:\/\/silverproject.eu\/pl\/wp-json\/wp\/v2\/media?parent=87"}],"wp:term":[{"taxonomy":"product_brand","embeddable":true,"href":"https:\/\/silverproject.eu\/pl\/wp-json\/wp\/v2\/product_brand?post=87"},{"taxonomy":"product_cat","embeddable":true,"href":"https:\/\/silverproject.eu\/pl\/wp-json\/wp\/v2\/product_cat?post=87"},{"taxonomy":"product_tag","embeddable":true,"href":"https:\/\/silverproject.eu\/pl\/wp-json\/wp\/v2\/product_tag?post=87"}],"curies":[{"name":"wp","href":"https:\/\/api.w.org\/{rel}","templated":true}]}}