{"id":86,"date":"2018-12-03T18:01:54","date_gmt":"2018-12-03T17:01:54","guid":{"rendered":"https:\/\/silverproject.eu\/pl\/produkt\/import-placeholder-for-2579\/"},"modified":"2026-04-16T15:05:08","modified_gmt":"2026-04-16T13:05:08","slug":"poduszki-silnika-do-nissan-skyline-r33-r34-rb25det","status":"publish","type":"product","link":"https:\/\/silverproject.eu\/pl\/poduszki-silnika-do-nissan-skyline-r33-r34-rb25det\/","title":{"rendered":"Poduszki silnika do Nissan SKYLINE R33 R34 RB25DET"},"content":{"rendered":"<p>Poduszki silnika do Nissan SKYLINE R33 R34 RB25DET Poliuretan 60ShA, numer seryjnych poduszek to 11220 21U00<\/p>\n<p>Kiedy moc wzrasta moment obrotowy silnika powoduje nadmierne poruszanie si\u0119 &#8211; te poduszki ca\u0142kowicie eliminuj\u0105 ten efekt.<br \/>\nTo rozwi\u0105zanie pomaga zmniejszy\u0107 te obci\u0105\u017cenia , a tak\u017ce jest lepszym rozwi\u0105zaniem w przypadku wymiany starej fabrycznej poduszki , kt\u00f3re zu\u017cywaj\u0105 si\u0119 w czasie. Pomaga w stabilizacji momentu obrotowego silnika i uk\u0142adu nap\u0119dowego zapewnia lepsze reakcj\u0119.<\/p>\n<p>Wykonane na zam\u00f3wienie klienta z ponad 500konnym silnikiem &#8211; seryjne poduszki nie wytrzymywa\u0142y<\/p>\n<p>Polecana podczas swapu na silnik RB25DET. Zalecany r\u00f3wnie\u017c w Sporcie i Drifcie.<\/p>\n<p>Zestaw zawiera lew\u0105 i praw\u0105 poduszk\u0119 silnika<\/p>\n<p>Poduszki silnika do Nissan Skyline z RB25DET<\/p>\n<p>aukcja dotyczy kompletu czyli poduszki lewej i prawej<\/p>\n","protected":false},"excerpt":{"rendered":"<p>Poduszki silnika do Nissan SKYLINE R33 R34 RB25DET Poliuretan 60ShA, numer seryjnych poduszek to 11220 21U00 Kiedy moc wzrasta moment obrotowy silnika powoduje nadmierne poruszanie si\u0119 &#8211; te poduszki ca\u0142kowicie eliminuj\u0105 ten efekt. To rozwi\u0105zanie pomaga zmniejszy\u0107 te obci\u0105\u017cenia , a tak\u017ce jest lepszym rozwi\u0105zaniem w przypadku wymiany starej fabrycznej poduszki , kt\u00f3re zu\u017cywaj\u0105 si\u0119 [&hellip;]<\/p>\n","protected":false},"featured_media":125,"template":"","meta":{"_seopress_robots_primary_cat":"none","_seopress_titles_title":"Poduszki silnika do Nissan SKYLINE R33 R34","_seopress_titles_desc":"Poduszki silnika do Nissan SKYLINE R33 R34 RB25DET 60ShA dla Nissan Skyline R33,R34 , numer seryjnych poduszek to 11220 21U00","_seopress_robots_index":"","inline_featured_image":false},"product_brand":[],"product_cat":[24,47],"product_tag":[49,50,51,110,111,112,113],"class_list":{"0":"post-86","1":"product","2":"type-product","3":"status-publish","4":"has-post-thumbnail","6":"product_cat-czesci-do-nissan","7":"product_cat-silnik-i-przeniesienie-napedu-do-nissan","8":"product_tag-nissan","9":"product_tag-poduszka-silnika","10":"product_tag-poduszki-silnika","11":"product_tag-r33","12":"product_tag-r34","13":"product_tag-rb25det","14":"product_tag-skyline","16":"first","17":"instock","18":"taxable","19":"shipping-taxable","20":"purchasable","21":"product-type-simple"},"_links":{"self":[{"href":"https:\/\/silverproject.eu\/pl\/wp-json\/wp\/v2\/product\/86","targetHints":{"allow":["GET"]}}],"collection":[{"href":"https:\/\/silverproject.eu\/pl\/wp-json\/wp\/v2\/product"}],"about":[{"href":"https:\/\/silverproject.eu\/pl\/wp-json\/wp\/v2\/types\/product"}],"wp:featuredmedia":[{"embeddable":true,"href":"https:\/\/silverproject.eu\/pl\/wp-json\/wp\/v2\/media\/125"}],"wp:attachment":[{"href":"https:\/\/silverproject.eu\/pl\/wp-json\/wp\/v2\/media?parent=86"}],"wp:term":[{"taxonomy":"product_brand","embeddable":true,"href":"https:\/\/silverproject.eu\/pl\/wp-json\/wp\/v2\/product_brand?post=86"},{"taxonomy":"product_cat","embeddable":true,"href":"https:\/\/silverproject.eu\/pl\/wp-json\/wp\/v2\/product_cat?post=86"},{"taxonomy":"product_tag","embeddable":true,"href":"https:\/\/silverproject.eu\/pl\/wp-json\/wp\/v2\/product_tag?post=86"}],"curies":[{"name":"wp","href":"https:\/\/api.w.org\/{rel}","templated":true}]}}