{"id":82,"date":"2018-12-03T18:01:54","date_gmt":"2018-12-03T17:01:54","guid":{"rendered":"https:\/\/silverproject.eu\/pl\/produkt\/import-placeholder-for-2574\/"},"modified":"2024-02-08T12:21:17","modified_gmt":"2024-02-08T11:21:17","slug":"flansza-turbo-do-garrett-t28-gt25-gt28-60mm","status":"publish","type":"product","link":"https:\/\/silverproject.eu\/pl\/flansza-turbo-do-garrett-t28-gt25-gt28-60mm\/","title":{"rendered":"Flansza turbo do Garrett T28 GT25 GT28 &#8211; 60mm"},"content":{"rendered":"<p>Flansza dolotu do turbiny Garrett GT28R GT28 T28 GT25<\/p>\n<p>BEZ TEGO NIE MO\u017bNA ZA\u0141O\u017bY\u0106 GARRETTA T28 W AUCIE<br \/>\nwersja z oringiem bez potrzeby dorabiania uszczelki.<br \/>\nwykonane z aluminium , co sprawia \u017ce s\u0105 bardzo lekkie i wytrzyma\u0142e zarazem<\/p>\n<p>wersja na w\u0105\u017c silikonowy fi 60 mm<\/p>\n","protected":false},"excerpt":{"rendered":"<p>Flansza dolotu do turbiny Garrett GT28R GT28 T28 GT25 BEZ TEGO NIE MO\u017bNA ZA\u0141O\u017bY\u0106 GARRETTA T28 W AUCIE wersja z oringiem bez potrzeby dorabiania uszczelki. wykonane z aluminium , co sprawia \u017ce s\u0105 bardzo lekkie i wytrzyma\u0142e zarazem wersja na w\u0105\u017c silikonowy fi 60 mm<\/p>\n","protected":false},"featured_media":9923,"template":"","meta":{"_seopress_robots_primary_cat":"none","_seopress_titles_title":"Flansza turbo do Garrett T28 GT25 GT28 - 60mm","_seopress_titles_desc":"Flansza turbo do Garrett T28 GT25 GT28 - 60mm","_seopress_robots_index":"","inline_featured_image":false},"product_brand":[],"product_cat":[16,18,20,22,26,28,24,30,32,34,36,38,70,75,80,71,76,81,72,77,73,78,74,79],"product_tag":[92,84,85,86,88,89,90,91],"class_list":{"0":"post-82","1":"product","2":"type-product","3":"status-publish","4":"has-post-thumbnail","6":"product_cat-czesci-do-audi","7":"product_cat-czesci-do-bmw","8":"product_cat-czesci-do-fiat","9":"product_cat-czesci-do-honda","10":"product_cat-czesci-do-mercedes-benz","11":"product_cat-czesci-do-mitsubishi","12":"product_cat-czesci-do-nissan","13":"product_cat-czesci-do-seat","14":"product_cat-czesci-do-skoda","15":"product_cat-czesci-do-subaru","16":"product_cat-czesci-do-toyota","17":"product_cat-czesci-do-vw","18":"product_cat-uklad-dolotowy-do-audi","19":"product_cat-uklad-dolotowy-do-mercedes-benz","20":"product_cat-uklad-dolotowy-do-toyota","21":"product_cat-uklad-dolotowy-do-bmw","22":"product_cat-uklad-dolotowy-do-mitsubishi","23":"product_cat-uklad-dolotowy-do-vw","24":"product_cat-uklad-dolotowy-do-fiat","25":"product_cat-uklad-dolotowy-do-seat","26":"product_cat-uklad-dolotowy-do-honda","27":"product_cat-uklad-dolotowy-do-skoda","28":"product_cat-uklad-dolotowy-do-nissan","29":"product_cat-uklad-dolotowy-do-subaru","30":"product_tag-60mm","31":"product_tag-dolot","32":"product_tag-flansza","33":"product_tag-garrett","34":"product_tag-gt28","35":"product_tag-lacznik","36":"product_tag-t28","37":"product_tag-turbo","39":"first","40":"instock","41":"taxable","42":"shipping-taxable","43":"purchasable","44":"product-type-simple"},"_links":{"self":[{"href":"https:\/\/silverproject.eu\/pl\/wp-json\/wp\/v2\/product\/82","targetHints":{"allow":["GET"]}}],"collection":[{"href":"https:\/\/silverproject.eu\/pl\/wp-json\/wp\/v2\/product"}],"about":[{"href":"https:\/\/silverproject.eu\/pl\/wp-json\/wp\/v2\/types\/product"}],"wp:featuredmedia":[{"embeddable":true,"href":"https:\/\/silverproject.eu\/pl\/wp-json\/wp\/v2\/media\/9923"}],"wp:attachment":[{"href":"https:\/\/silverproject.eu\/pl\/wp-json\/wp\/v2\/media?parent=82"}],"wp:term":[{"taxonomy":"product_brand","embeddable":true,"href":"https:\/\/silverproject.eu\/pl\/wp-json\/wp\/v2\/product_brand?post=82"},{"taxonomy":"product_cat","embeddable":true,"href":"https:\/\/silverproject.eu\/pl\/wp-json\/wp\/v2\/product_cat?post=82"},{"taxonomy":"product_tag","embeddable":true,"href":"https:\/\/silverproject.eu\/pl\/wp-json\/wp\/v2\/product_tag?post=82"}],"curies":[{"name":"wp","href":"https:\/\/api.w.org\/{rel}","templated":true}]}}