{"id":744,"date":"2018-12-03T18:07:45","date_gmt":"2018-12-03T17:07:45","guid":{"rendered":"https:\/\/silverproject.eu\/pl\/produkt\/import-placeholder-for-5320\/"},"modified":"2024-12-12T22:19:13","modified_gmt":"2024-12-12T21:19:13","slug":"dystanse-20mm-5x120mm-10-srub-m12x15-do-bmw","status":"publish","type":"product","link":"https:\/\/silverproject.eu\/pl\/dystanse-20mm-5x120mm-10-srub-m12x15-do-bmw\/","title":{"rendered":"DYSTANSE 20mm 5x120mm + 10 \u015aRUB M12x1,5 DO BMW"},"content":{"rendered":"<h4><span style=\"color: #ff0000;\"><strong><span id=\"result_box\" lang=\"pl\"><a style=\"color: #ff0000;\" href=\"https:\/\/silverproject.eu\/pl\/wp-content\/uploads\/2024\/12\/inst.-dystans-pl.pdf\">instrukcja monta\u017cu<\/a><\/span><\/strong><\/span><\/h4>\n<div><\/div>\n<h4><span style=\"color: #ff0000;\"><strong><span id=\"result_box\" lang=\"pl\"><a style=\"color: #ff0000;\" href=\"       \">certyfikat materia\u0142owy<\/a><\/span><\/strong><\/span><\/h4>\n<div><\/div>\n<\/div>\n<div><span id=\"result_box\" lang=\"pl\">\u00a0<\/span><\/div>\n<div>Dystans 20mm 5x120mm + 10 \u015brub M12x1,5 do bmw<\/div>\n<div><\/div>\n<div><span id=\"result_box\" lang=\"pl\"> <span title=\"Kliknij, aby wy\u015bwietli\u0107 alternatywne t\u0142umaczenia\">&#8211; Lewy i Prawy dystans 2x20mm (aluminium PA6)<\/span><\/span><span id=\"result_box\" lang=\"pl\"><\/span><\/div>\n<div>&#8211; 10 \u015brub M12x1,5 x 50mm sto\u017cek\u00a0 (10.9 twardo\u015b\u0107 \u015brub , ocynkowane)<\/div>\n<div>&#8211; 72.56 od strony piasty i od strony ko\u0142a<\/div>\n<div><\/div>\n<div><span title=\"Kliknij, aby wy\u015bwietli\u0107 alternatywne t\u0142umaczenia\">\u00a0<\/span><\/div>\n<div><span title=\"Kliknij, aby wy\u015bwietli\u0107 alternatywne t\u0142umaczenia\">\u00a0<\/span><\/div>\n<div><span title=\"Kliknij, aby wy\u015bwietli\u0107 alternatywne t\u0142umaczenia\">Polecane w sporcie i drifcie.<br \/>\n<\/span><\/div>\n<div><\/div>\n<div>FIT:<\/div>\n<div><a target=\"_blank\" rel=\"noopener noreferrer\">BMW 1, <\/a><\/div>\n<div><a target=\"_blank\" rel=\"noopener noreferrer\">BMW 3 E36, <\/a><\/div>\n<div><a target=\"_blank\" rel=\"noopener noreferrer\">BMW 3 E46, <\/a><\/div>\n<div><a target=\"_blank\" rel=\"noopener noreferrer\">BMW 3 E90, <\/a><\/div>\n<div><a target=\"_blank\" rel=\"noopener noreferrer\">BMW 3 E91, <\/a><\/div>\n<div><a target=\"_blank\" rel=\"noopener noreferrer\">BMW 5 E28,<\/a><\/div>\n<div><a target=\"_blank\" rel=\"noopener noreferrer\"> BMW 5 E34, <\/a><\/div>\n<div><a target=\"_blank\" rel=\"noopener noreferrer\">BMW 5 E60, <\/a><\/div>\n<div><a target=\"_blank\" rel=\"noopener noreferrer\">BMW 5 E61, <\/a><\/div>\n<div><a target=\"_blank\" rel=\"noopener noreferrer\">BMW 6 E35, <\/a><\/div>\n<div><a target=\"_blank\" rel=\"noopener noreferrer\">BMW 7 E32, <\/a><\/div>\n<div><a target=\"_blank\" rel=\"noopener noreferrer\">BMW 7 E38, <\/a><\/div>\n<div><a target=\"_blank\" rel=\"noopener noreferrer\">BMW Z3, <\/a><\/div>\n<div><a target=\"_blank\" rel=\"noopener noreferrer\">BMW Z4,<\/a><\/div>\n<div><a target=\"_blank\" rel=\"noopener noreferrer\"> BMW X1 .<\/a><\/div>\n<p>&nbsp;<\/p>\n<p>&nbsp;<\/p>\n<p>&nbsp;<\/p>\n<p>&nbsp;<\/p>\n","protected":false},"excerpt":{"rendered":"<p>instrukcja monta\u017cu certyfikat materia\u0142owy \u00a0 Dystans 20mm 5x120mm + 10 \u015brub M12x1,5 do bmw &#8211; Lewy i Prawy dystans 2x20mm (aluminium PA6) &#8211; 10 \u015brub M12x1,5 x 50mm sto\u017cek\u00a0 (10.9 twardo\u015b\u0107 \u015brub , ocynkowane) &#8211; 72.56 od strony piasty i od strony ko\u0142a \u00a0 \u00a0 Polecane w sporcie i drifcie. FIT: BMW 1, BMW 3 [&hellip;]<\/p>\n","protected":false},"featured_media":815,"template":"","meta":{"_seopress_robots_primary_cat":"none","_seopress_titles_title":"DYSTANSE 20mm 5x120mm + 10 \u015aRUB M12x1,5 DO BMW","_seopress_titles_desc":"DYSTANSE 20mm 5x120mm + 10 \u015aRUB M12x1,5 DO BMW","_seopress_robots_index":"","inline_featured_image":false},"product_brand":[],"product_cat":[18,60],"product_tag":[61,40,63,428,65,460,67,429,69,461,462,374,375,68,446,181],"class_list":{"0":"post-744","1":"product","2":"type-product","3":"status-publish","4":"has-post-thumbnail","6":"product_cat-czesci-do-bmw","7":"product_cat-zawieszenie-do-bmw","8":"product_tag-bmw","9":"product_tag-drift","10":"product_tag-e28","11":"product_tag-e32","12":"product_tag-e34","13":"product_tag-e35","14":"product_tag-e36","15":"product_tag-e38","16":"product_tag-e46","17":"product_tag-e60","18":"product_tag-e61","19":"product_tag-e90","20":"product_tag-e91","21":"product_tag-pochylenie-kola","22":"product_tag-z3","23":"product_tag-z4","25":"first","26":"instock","27":"taxable","28":"shipping-taxable","29":"purchasable","30":"product-type-simple"},"_links":{"self":[{"href":"https:\/\/silverproject.eu\/pl\/wp-json\/wp\/v2\/product\/744","targetHints":{"allow":["GET"]}}],"collection":[{"href":"https:\/\/silverproject.eu\/pl\/wp-json\/wp\/v2\/product"}],"about":[{"href":"https:\/\/silverproject.eu\/pl\/wp-json\/wp\/v2\/types\/product"}],"wp:featuredmedia":[{"embeddable":true,"href":"https:\/\/silverproject.eu\/pl\/wp-json\/wp\/v2\/media\/815"}],"wp:attachment":[{"href":"https:\/\/silverproject.eu\/pl\/wp-json\/wp\/v2\/media?parent=744"}],"wp:term":[{"taxonomy":"product_brand","embeddable":true,"href":"https:\/\/silverproject.eu\/pl\/wp-json\/wp\/v2\/product_brand?post=744"},{"taxonomy":"product_cat","embeddable":true,"href":"https:\/\/silverproject.eu\/pl\/wp-json\/wp\/v2\/product_cat?post=744"},{"taxonomy":"product_tag","embeddable":true,"href":"https:\/\/silverproject.eu\/pl\/wp-json\/wp\/v2\/product_tag?post=744"}],"curies":[{"name":"wp","href":"https:\/\/api.w.org\/{rel}","templated":true}]}}