{"id":742,"date":"2018-12-03T18:07:44","date_gmt":"2018-12-03T17:07:44","guid":{"rendered":"https:\/\/silverproject.eu\/pl\/produkt\/import-placeholder-for-5318\/"},"modified":"2026-04-16T15:05:08","modified_gmt":"2026-04-16T13:05:08","slug":"tylne-wahacze-regulowane-do-bmw-e39-zestaw","status":"publish","type":"product","link":"https:\/\/silverproject.eu\/pl\/tylne-wahacze-regulowane-do-bmw-e39-zestaw\/","title":{"rendered":"Tylne wahacze regulowane do BMW E39 &#8211; zestaw"},"content":{"rendered":"<h4><span style=\"color: #ff0000;\"><strong><span id=\"result_box\" lang=\"pl\"><a style=\"color: #ff0000;\" href=\"https:\/\/silverproject.eu\/pl\/wp-content\/uploads\/2024\/12\/inst.-wahacz-pl.pdf\">instrukcja monta\u017cu<\/a><\/span><\/strong><\/span><\/h4>\n<div><\/div>\n<h4><span style=\"color: #ff0000;\"><strong><span id=\"result_box\" lang=\"pl\"><a style=\"color: #ff0000;\" href=\" \">certyfikat materia\u0142owy<\/a><\/span><\/strong><\/span><\/h4>\n<div><\/div>\n<p>Tylne wahacze regulowane BMW E39 &#8211; zestaw do regulacji tylnych k\u00f3\u0142<\/p>\n<p>Tylny wahacz regulowany do BMW E39 &#8211; pochylenie ko\u0142a \/ camber<\/p>\n<p>regulacja do\u00a0 -5 stopnia<\/p>\n<p>Tylny wahacz regulowany do BMW E39 &#8211; zbie\u017cno\u015b\u0107 ko\u0142a \/ toe<br \/>\npoliuretan 75ShA<br \/>\n1 komplet &#8211; lewa i prawa strona (camber)<\/p>\n<p>1 komplet &#8211; lewa i prawa strona (toe)<\/p>\n<p>&nbsp;<\/p>\n<p>Do wyboru kolor: czarny mat .<\/p>\n<p>Pasuje do E39 &#8211; wszystkie wersje silnikowe i wszystkie wersje nadwozia.<\/p>\n<p>&nbsp;<\/p>\n<p>&nbsp;<\/p>\n","protected":false},"excerpt":{"rendered":"<p>instrukcja monta\u017cu certyfikat materia\u0142owy Tylne wahacze regulowane BMW E39 &#8211; zestaw do regulacji tylnych k\u00f3\u0142 Tylny wahacz regulowany do BMW E39 &#8211; pochylenie ko\u0142a \/ camber regulacja do\u00a0 -5 stopnia Tylny wahacz regulowany do BMW E39 &#8211; zbie\u017cno\u015b\u0107 ko\u0142a \/ toe poliuretan 75ShA 1 komplet &#8211; lewa i prawa strona (camber) 1 komplet &#8211; lewa [&hellip;]<\/p>\n","protected":false},"featured_media":805,"template":"","meta":{"_seopress_robots_primary_cat":"none","_seopress_titles_title":"Tylne wahacze regulowane do BMW E39 - zestaw","_seopress_titles_desc":"Tylne wahacze regulowane do BMW E39 - zestaw","_seopress_robots_index":"","inline_featured_image":false},"product_brand":[],"product_cat":[18,60],"product_tag":[61,66,173,430,366,58,68,560,406,117,118,244,119,459],"class_list":{"0":"post-742","1":"product","2":"type-product","3":"status-publish","4":"has-post-thumbnail","6":"product_cat-czesci-do-bmw","7":"product_cat-zawieszenie-do-bmw","8":"product_tag-bmw","9":"product_tag-camber","10":"product_tag-drazek","11":"product_tag-e39","12":"product_tag-kit","13":"product_tag-pochylenie","14":"product_tag-pochylenie-kola","15":"product_tag-regulowane-wahacze","16":"product_tag-toe","17":"product_tag-tyl","18":"product_tag-wahacz","19":"product_tag-wahacze","20":"product_tag-zbieznosc","21":"product_tag-zestaw","23":"first","24":"instock","25":"sale","26":"taxable","27":"shipping-taxable","28":"purchasable","29":"product-type-simple"},"_links":{"self":[{"href":"https:\/\/silverproject.eu\/pl\/wp-json\/wp\/v2\/product\/742","targetHints":{"allow":["GET"]}}],"collection":[{"href":"https:\/\/silverproject.eu\/pl\/wp-json\/wp\/v2\/product"}],"about":[{"href":"https:\/\/silverproject.eu\/pl\/wp-json\/wp\/v2\/types\/product"}],"wp:featuredmedia":[{"embeddable":true,"href":"https:\/\/silverproject.eu\/pl\/wp-json\/wp\/v2\/media\/805"}],"wp:attachment":[{"href":"https:\/\/silverproject.eu\/pl\/wp-json\/wp\/v2\/media?parent=742"}],"wp:term":[{"taxonomy":"product_brand","embeddable":true,"href":"https:\/\/silverproject.eu\/pl\/wp-json\/wp\/v2\/product_brand?post=742"},{"taxonomy":"product_cat","embeddable":true,"href":"https:\/\/silverproject.eu\/pl\/wp-json\/wp\/v2\/product_cat?post=742"},{"taxonomy":"product_tag","embeddable":true,"href":"https:\/\/silverproject.eu\/pl\/wp-json\/wp\/v2\/product_tag?post=742"}],"curies":[{"name":"wp","href":"https:\/\/api.w.org\/{rel}","templated":true}]}}