{"id":741,"date":"2018-12-03T18:07:44","date_gmt":"2018-12-03T17:07:44","guid":{"rendered":"https:\/\/silverproject.eu\/pl\/produkt\/import-placeholder-for-5317\/"},"modified":"2026-03-17T10:05:56","modified_gmt":"2026-03-17T09:05:56","slug":"tylny-wahacz-regulowany-do-bmw-e39-zbieznosc-kola-toe","status":"publish","type":"product","link":"https:\/\/silverproject.eu\/pl\/tylny-wahacz-regulowany-do-bmw-e39-zbieznosc-kola-toe\/","title":{"rendered":"Tylny wahacz regulowany do BMW E39 &#8211; zbie\u017cno\u015b\u0107 ko\u0142a \/ TOE"},"content":{"rendered":"<h4><span style=\"color: #ff0000;\"><strong><span id=\"result_box\" lang=\"pl\"><a style=\"color: #ff0000;\" href=\"https:\/\/silverproject.eu\/pl\/wp-content\/uploads\/2024\/12\/inst.-wahacz-pl.pdf\">instrukcja monta\u017cu<\/a><\/span><\/strong><\/span><\/h4>\n<div><\/div>\n<h4><span style=\"color: #ff0000;\"><strong><span id=\"result_box\" lang=\"pl\"><a style=\"color: #ff0000;\" href=\"       \">certyfikat materia\u0142owy<\/a><\/span><\/strong><\/span><\/h4>\n<div><\/div>\n<\/div>\n<p>Tylny wahacz regulowany BMW E39\u00a0 na poliuretanie 75ShA<\/p>\n<p>poliuretan 75ShA<br \/>\n1 komplet &#8211; lewa i prawa strona<\/p>\n<p>Do wyboru kolor: czarny mat .<\/p>\n<p>Pasuje do E39 &#8211; wszystkie wersje silnikowe i wszystkie wersje nadwozia.<\/p>\n<p>&nbsp;<\/p>\n<p>Tylny wahacz regulowany do BMW E39 &#8211; zbie\u017cno\u015b\u0107 ko\u0142a \/ camber<\/p>\n","protected":false},"excerpt":{"rendered":"<p>instrukcja monta\u017cu certyfikat materia\u0142owy Tylny wahacz regulowany BMW E39\u00a0 na poliuretanie 75ShA poliuretan 75ShA 1 komplet &#8211; lewa i prawa strona Do wyboru kolor: czarny mat . Pasuje do E39 &#8211; wszystkie wersje silnikowe i wszystkie wersje nadwozia. &nbsp; Tylny wahacz regulowany do BMW E39 &#8211; zbie\u017cno\u015b\u0107 ko\u0142a \/ camber<\/p>\n","protected":false},"featured_media":800,"template":"","meta":{"_seopress_robots_primary_cat":"none","_seopress_titles_title":"Tylny wahacz regulowany do BMW E39 - zbie\u017cno\u015b\u0107 ko\u0142a \/ camber","_seopress_titles_desc":"Tylny wahacz regulowany do BMW E39 - zbie\u017cno\u015b\u0107 ko\u0142a \/ camber","_seopress_robots_index":"","inline_featured_image":false},"product_brand":[],"product_cat":[18,60],"product_tag":[61,173,430,560,117,118,244,119],"class_list":{"0":"post-741","1":"product","2":"type-product","3":"status-publish","4":"has-post-thumbnail","6":"product_cat-czesci-do-bmw","7":"product_cat-zawieszenie-do-bmw","8":"product_tag-bmw","9":"product_tag-drazek","10":"product_tag-e39","11":"product_tag-regulowane-wahacze","12":"product_tag-tyl","13":"product_tag-wahacz","14":"product_tag-wahacze","15":"product_tag-zbieznosc","17":"first","18":"instock","19":"taxable","20":"shipping-taxable","21":"purchasable","22":"product-type-simple"},"_links":{"self":[{"href":"https:\/\/silverproject.eu\/pl\/wp-json\/wp\/v2\/product\/741","targetHints":{"allow":["GET"]}}],"collection":[{"href":"https:\/\/silverproject.eu\/pl\/wp-json\/wp\/v2\/product"}],"about":[{"href":"https:\/\/silverproject.eu\/pl\/wp-json\/wp\/v2\/types\/product"}],"wp:featuredmedia":[{"embeddable":true,"href":"https:\/\/silverproject.eu\/pl\/wp-json\/wp\/v2\/media\/800"}],"wp:attachment":[{"href":"https:\/\/silverproject.eu\/pl\/wp-json\/wp\/v2\/media?parent=741"}],"wp:term":[{"taxonomy":"product_brand","embeddable":true,"href":"https:\/\/silverproject.eu\/pl\/wp-json\/wp\/v2\/product_brand?post=741"},{"taxonomy":"product_cat","embeddable":true,"href":"https:\/\/silverproject.eu\/pl\/wp-json\/wp\/v2\/product_cat?post=741"},{"taxonomy":"product_tag","embeddable":true,"href":"https:\/\/silverproject.eu\/pl\/wp-json\/wp\/v2\/product_tag?post=741"}],"curies":[{"name":"wp","href":"https:\/\/api.w.org\/{rel}","templated":true}]}}