{"id":737,"date":"2018-12-03T18:07:44","date_gmt":"2018-12-03T17:07:44","guid":{"rendered":"https:\/\/silverproject.eu\/pl\/produkt\/import-placeholder-for-5309\/"},"modified":"2026-03-27T00:00:06","modified_gmt":"2026-03-26T23:00:06","slug":"wahacze-regulowane-po-usunieciu-tylnej-sprezyny-do-nissan-370z-g37","status":"publish","type":"product","link":"https:\/\/silverproject.eu\/pl\/wahacze-regulowane-po-usunieciu-tylnej-sprezyny-do-nissan-370z-g37\/","title":{"rendered":"WAHACZE REGULOWANE PO USUNI\u0118CIU TYLNEJ SPR\u0118\u017bYNY DO NISSAN 370Z \/ G37"},"content":{"rendered":"<h4><span style=\"color: #ff0000;\"><strong><span id=\"result_box\" lang=\"pl\"><a style=\"color: #ff0000;\" href=\"https:\/\/silverproject.eu\/pl\/wp-content\/uploads\/2024\/12\/inst.-wahacz-pl.pdf\">instrukcja monta\u017cu<\/a><\/span><\/strong><\/span><\/h4>\n<div><\/div>\n<h4><span style=\"color: #ff0000;\"><strong><span id=\"result_box\" lang=\"pl\"><a style=\"color: #ff0000;\" href=\"       \">certyfikat materia\u0142owy<\/a><\/span><\/strong><\/span><\/h4>\n<div><\/div>\n<\/div>\n<p>WAHACZE REGULOWANE PO USUNI\u0118CIU TYLNEJ SPR\u0118\u017bYNY DO :<\/p>\n<p>NISSAN 370Z \/ G37 \/ GTR R3<\/p>\n<div><span lang=\"pl\">Dla aut po wymianie seryjnych amortyzator\u00f3w na amortyzatory gwintowane i usuni\u0119ciu seryjnej tylnej spr\u0119\u017cyny.<\/span><\/div>\n<div>Adjustable Rear Toe Bucket Delete Arms<\/div>\n<div><span lang=\"pl\"><br \/>\ntuleje poliuretanowe 75ShA &#8211; na zam\u00f3wienie mo\u017cliwe 95sha (typowo na tor)<\/span><br \/>\n<span title=\"Kliknij, aby wy\u015bwietli\u0107 alternatywne t\u0142umaczenia\">1 Para (Lewa &amp; Prawa) tylne dr\u0105\u017cki<\/span><br \/>\n<span title=\"Kliknij, aby wy\u015bwietli\u0107 alternatywne t\u0142umaczenia\">kolor : Niebieski mat lub\u00a0 Czarny mat .<\/span><br \/>\n<span title=\"Kliknij, aby wy\u015bwietli\u0107 alternatywne t\u0142umaczenia\">Polecana dla lepszej przyczepno\u015bci auta<\/span><span title=\"Kliknij, aby wy\u015bwietli\u0107 alternatywne t\u0142umaczenia\"> !!!<\/span><\/div>\n<div><span title=\"Kliknij, aby wy\u015bwietli\u0107 alternatywne t\u0142umaczenia\">Pasuj\u0105 do :<\/span><\/div>\n<div>NISSAN 370Z Z33 (2009-2014)<\/div>\n<div>i<\/div>\n<div>INFINITY G37 VQ37 (2008-2014)<\/div>\n<div>oraz NISSAN GTR R35<\/div>\n<p>&nbsp;<\/p>\n","protected":false},"excerpt":{"rendered":"<p>instrukcja monta\u017cu certyfikat materia\u0142owy WAHACZE REGULOWANE PO USUNI\u0118CIU TYLNEJ SPR\u0118\u017bYNY DO : NISSAN 370Z \/ G37 \/ GTR R3 Dla aut po wymianie seryjnych amortyzator\u00f3w na amortyzatory gwintowane i usuni\u0119ciu seryjnej tylnej spr\u0119\u017cyny. Adjustable Rear Toe Bucket Delete Arms tuleje poliuretanowe 75ShA &#8211; na zam\u00f3wienie mo\u017cliwe 95sha (typowo na tor) 1 Para (Lewa &amp; Prawa) [&hellip;]<\/p>\n","protected":false},"featured_media":789,"template":"","meta":{"_seopress_robots_primary_cat":"none","_seopress_titles_title":"WAHACZE REGULOWANE PO USUNI\u0118CIU TYLNEJ SPR\u0118\u017bYNY DO NISSAN 370Z \/ G37","_seopress_titles_desc":"WAHACZE REGULOWANE PO USUNI\u0118CIU TYLNEJ SPR\u0118\u017bYNY DO NISSAN 370Z \/ G37","_seopress_robots_index":"","inline_featured_image":false},"product_brand":[],"product_cat":[24,46],"product_tag":[453,173,454,455,114,449,49,456,560,451,457,118,458,452,119],"class_list":{"0":"post-737","1":"product","2":"type-product","3":"status-publish","4":"has-post-thumbnail","6":"product_cat-czesci-do-nissan","7":"product_cat-zawieszenie-do-nissan","8":"product_tag-370z","9":"product_tag-drazek","10":"product_tag-g37","11":"product_tag-gtr","12":"product_tag-gwint","13":"product_tag-infinity","14":"product_tag-nissan","15":"product_tag-r35","16":"product_tag-regulowane-wahacze","17":"product_tag-sprezyna","18":"product_tag-vq37","19":"product_tag-wahacz","20":"product_tag-z33","21":"product_tag-zawieszenie-gwintowane","22":"product_tag-zbieznosc","24":"first","25":"instock","26":"taxable","27":"shipping-taxable","28":"purchasable","29":"product-type-variable"},"_links":{"self":[{"href":"https:\/\/silverproject.eu\/pl\/wp-json\/wp\/v2\/product\/737","targetHints":{"allow":["GET"]}}],"collection":[{"href":"https:\/\/silverproject.eu\/pl\/wp-json\/wp\/v2\/product"}],"about":[{"href":"https:\/\/silverproject.eu\/pl\/wp-json\/wp\/v2\/types\/product"}],"wp:featuredmedia":[{"embeddable":true,"href":"https:\/\/silverproject.eu\/pl\/wp-json\/wp\/v2\/media\/789"}],"wp:attachment":[{"href":"https:\/\/silverproject.eu\/pl\/wp-json\/wp\/v2\/media?parent=737"}],"wp:term":[{"taxonomy":"product_brand","embeddable":true,"href":"https:\/\/silverproject.eu\/pl\/wp-json\/wp\/v2\/product_brand?post=737"},{"taxonomy":"product_cat","embeddable":true,"href":"https:\/\/silverproject.eu\/pl\/wp-json\/wp\/v2\/product_cat?post=737"},{"taxonomy":"product_tag","embeddable":true,"href":"https:\/\/silverproject.eu\/pl\/wp-json\/wp\/v2\/product_tag?post=737"}],"curies":[{"name":"wp","href":"https:\/\/api.w.org\/{rel}","templated":true}]}}