{"id":712,"date":"2018-12-03T18:07:21","date_gmt":"2018-12-03T17:07:21","guid":{"rendered":"https:\/\/silverproject.eu\/pl\/produkt\/import-placeholder-for-5306\/"},"modified":"2026-04-20T08:53:56","modified_gmt":"2026-04-20T06:53:56","slug":"wahacze-regulowane-do-zmiany-zbieznosci-do-nissan-370z-g37","status":"publish","type":"product","link":"https:\/\/silverproject.eu\/pl\/wahacze-regulowane-do-zmiany-zbieznosci-do-nissan-370z-g37\/","title":{"rendered":"WAHACZE REGULOWANE DO ZMIANY ZBIE\u017bNO\u015aCI DO NISSAN 370Z \/ G37"},"content":{"rendered":"<h4><span style=\"color: #ff0000;\"><strong><span id=\"result_box\" lang=\"pl\"><a style=\"color: #ff0000;\" href=\"https:\/\/silverproject.eu\/pl\/wp-content\/uploads\/2024\/12\/inst.-wahacz-pl.pdf\">instrukcja monta\u017cu<\/a><\/span><\/strong><\/span><\/h4>\n<div><\/div>\n<h4><span style=\"color: #ff0000;\"><strong><span id=\"result_box\" lang=\"pl\"><a style=\"color: #ff0000;\" href=\"       \">certyfikat materia\u0142owy<\/a><\/span><\/strong><\/span><\/h4>\n<div><\/div>\n<\/div>\n<p>Wahacze regulowane na poliuretanie do zmiany k\u0105ta zbie\u017cno\u015bci tylnego ko\u0142\u0082a do:<\/p>\n<p>NISSAN 370Z \/ G37 \/ GTR R3<\/p>\n<div><span lang=\"pl\"><br \/>\ntuleje poliuretanowe 75ShA &#8211; na zam\u00f3wienie mo\u017cliwe 95sha (typowo na tor)<\/span><br \/>\n<span title=\"Kliknij, aby wy\u015bwietli\u0107 alternatywne t\u0142umaczenia\">1 Para (Lewa &amp; Prawa) tylne dr\u0105\u017cki Toe\/zbie\u017cno\u015b\u0107<\/span><br \/>\n<span title=\"Kliknij, aby wy\u015bwietli\u0107 alternatywne t\u0142umaczenia\">kolor : Niebieski mat lub\u00a0 Czarny mat .<\/span><br \/>\n<span title=\"Kliknij, aby wy\u015bwietli\u0107 alternatywne t\u0142umaczenia\">Polecana dla lepszej przyczepno\u015bci auta<\/span><span title=\"Kliknij, aby wy\u015bwietli\u0107 alternatywne t\u0142umaczenia\"> !!!<\/span><\/div>\n<div><span title=\"Kliknij, aby wy\u015bwietli\u0107 alternatywne t\u0142umaczenia\">Pasuj\u0105 do :<\/span><\/div>\n<div>NISSAN 370Z Z33 (2009-2014)<\/div>\n<div>i<\/div>\n<div>INFINITY G37 VQ37 (2008-2014)<\/div>\n<div>oraz NISSAN GTR R35<\/div>\n<p>&nbsp;<\/p>\n","protected":false},"excerpt":{"rendered":"<p>instrukcja monta\u017cu certyfikat materia\u0142owy Wahacze regulowane na poliuretanie do zmiany k\u0105ta zbie\u017cno\u015bci tylnego ko\u0142\u0082a do: NISSAN 370Z \/ G37 \/ GTR R3 tuleje poliuretanowe 75ShA &#8211; na zam\u00f3wienie mo\u017cliwe 95sha (typowo na tor) 1 Para (Lewa &amp; Prawa) tylne dr\u0105\u017cki Toe\/zbie\u017cno\u015b\u0107 kolor : Niebieski mat lub\u00a0 Czarny mat . Polecana dla lepszej przyczepno\u015bci auta !!! [&hellip;]<\/p>\n","protected":false},"featured_media":781,"template":"","meta":{"_seopress_robots_primary_cat":"none","_seopress_titles_title":"WAHACZE REGULOWANE DO ZMIANY ZBIE\u017bNO\u015aCI DO NISSAN 370Z \/ G37","_seopress_titles_desc":"WAHACZE REGULOWANE DO ZMIANY ZBIE\u017bNO\u015aCI DO NISSAN 370Z \/ G37","_seopress_robots_index":"","inline_featured_image":false},"product_brand":[],"product_cat":[24,46],"product_tag":[453,173,454,455,449,49,456,560,457,118,458,119],"class_list":{"0":"post-712","1":"product","2":"type-product","3":"status-publish","4":"has-post-thumbnail","6":"product_cat-czesci-do-nissan","7":"product_cat-zawieszenie-do-nissan","8":"product_tag-370z","9":"product_tag-drazek","10":"product_tag-g37","11":"product_tag-gtr","12":"product_tag-infinity","13":"product_tag-nissan","14":"product_tag-r35","15":"product_tag-regulowane-wahacze","16":"product_tag-vq37","17":"product_tag-wahacz","18":"product_tag-z33","19":"product_tag-zbieznosc","21":"first","22":"instock","23":"taxable","24":"shipping-taxable","25":"purchasable","26":"product-type-variable"},"_links":{"self":[{"href":"https:\/\/silverproject.eu\/pl\/wp-json\/wp\/v2\/product\/712","targetHints":{"allow":["GET"]}}],"collection":[{"href":"https:\/\/silverproject.eu\/pl\/wp-json\/wp\/v2\/product"}],"about":[{"href":"https:\/\/silverproject.eu\/pl\/wp-json\/wp\/v2\/types\/product"}],"wp:featuredmedia":[{"embeddable":true,"href":"https:\/\/silverproject.eu\/pl\/wp-json\/wp\/v2\/media\/781"}],"wp:attachment":[{"href":"https:\/\/silverproject.eu\/pl\/wp-json\/wp\/v2\/media?parent=712"}],"wp:term":[{"taxonomy":"product_brand","embeddable":true,"href":"https:\/\/silverproject.eu\/pl\/wp-json\/wp\/v2\/product_brand?post=712"},{"taxonomy":"product_cat","embeddable":true,"href":"https:\/\/silverproject.eu\/pl\/wp-json\/wp\/v2\/product_cat?post=712"},{"taxonomy":"product_tag","embeddable":true,"href":"https:\/\/silverproject.eu\/pl\/wp-json\/wp\/v2\/product_tag?post=712"}],"curies":[{"name":"wp","href":"https:\/\/api.w.org\/{rel}","templated":true}]}}