{"id":669,"date":"2018-12-03T18:06:48","date_gmt":"2018-12-03T17:06:48","guid":{"rendered":"https:\/\/silverproject.eu\/pl\/produkt\/import-placeholder-for-5294\/"},"modified":"2025-06-18T13:42:44","modified_gmt":"2025-06-18T11:42:44","slug":"wahacze-regulowane-do-zmiany-kata-camber-do-nissan-350z-z33","status":"publish","type":"product","link":"https:\/\/silverproject.eu\/pl\/wahacze-regulowane-do-zmiany-kata-camber-do-nissan-350z-z33\/","title":{"rendered":"WAHACZE REGULOWANE DO ZMIANY K\u0104TA CAMBER DO NISSAN 350Z Z33"},"content":{"rendered":"<h4><span style=\"color: #ff0000;\"><strong><span id=\"result_box\" lang=\"pl\"><a style=\"color: #ff0000;\" href=\"https:\/\/silverproject.eu\/pl\/wp-content\/uploads\/2024\/12\/inst.-wahacz-pl.pdf\">instrukcja monta\u017cu<\/a><\/span><\/strong><\/span><\/h4>\n<div><\/div>\n<h4><span style=\"color: #ff0000;\"><strong><span id=\"result_box\" lang=\"pl\"><a style=\"color: #ff0000;\" href=\"       \">certyfikat materia\u0142owy<\/a><\/span><\/strong><\/span><\/h4>\n<div><\/div>\n<\/div>\n<p>Wahacze regulowane na poliuretanie do zmiany k\u0105ta pochylenia tylnego ko\u0142\u0082a do:<\/p>\n<p>NISSAN 350Z\u00a0 Z33 oraz INFINITY G35 VQ35.<\/p>\n<div><span lang=\"pl\"><br \/>\ntuleje poliuretanowe 75ShA &#8211; na zam\u00f3wienie mo\u017cliwe 95sha (typowo na tor)<\/span><br \/>\n<span title=\"Kliknij, aby wy\u015bwietli\u0107 alternatywne t\u0142umaczenia\">1 Para (Lewa &amp; Prawa) tylne dr\u0105\u017cki Camber<\/span><br \/>\n<span title=\"Kliknij, aby wy\u015bwietli\u0107 alternatywne t\u0142umaczenia\">kolor : Niebieski mat lub\u00a0 Czarny mat .<\/span><br \/>\n<span title=\"Kliknij, aby wy\u015bwietli\u0107 alternatywne t\u0142umaczenia\">Polecana dla lepszej przyczepno\u015bci auta<\/span><span title=\"Kliknij, aby wy\u015bwietli\u0107 alternatywne t\u0142umaczenia\"> !!!<\/span><\/div>\n<div><span title=\"Kliknij, aby wy\u015bwietli\u0107 alternatywne t\u0142umaczenia\">Pasuj\u0105 do :<\/span><\/div>\n<div>NISSAN 350Z Z33 (2003-2008)<\/div>\n<div>and<\/div>\n<div>INFINITY G35 VQ35 (2003-2007)<\/div>\n","protected":false},"excerpt":{"rendered":"<p>instrukcja monta\u017cu certyfikat materia\u0142owy Wahacze regulowane na poliuretanie do zmiany k\u0105ta pochylenia tylnego ko\u0142\u0082a do: NISSAN 350Z\u00a0 Z33 oraz INFINITY G35 VQ35. tuleje poliuretanowe 75ShA &#8211; na zam\u00f3wienie mo\u017cliwe 95sha (typowo na tor) 1 Para (Lewa &amp; Prawa) tylne dr\u0105\u017cki Camber kolor : Niebieski mat lub\u00a0 Czarny mat . Polecana dla lepszej przyczepno\u015bci auta !!! [&hellip;]<\/p>\n","protected":false},"featured_media":751,"template":"","meta":{"_seopress_robots_primary_cat":"none","_seopress_titles_title":"WAHACZE REGULOWANE DO ZMIANY K\u0104TA CAMBER DO NISSAN 350Z Z33","_seopress_titles_desc":"WAHACZE REGULOWANE DO ZMIANY K\u0104TA CAMBER DO NISSAN 350Z Z33","_seopress_robots_index":"","inline_featured_image":false},"product_brand":[],"product_cat":[24,46],"product_tag":[257,173,259,449,49,560,450,118],"class_list":{"0":"post-669","1":"product","2":"type-product","3":"status-publish","4":"has-post-thumbnail","6":"product_cat-czesci-do-nissan","7":"product_cat-zawieszenie-do-nissan","8":"product_tag-350z","9":"product_tag-drazek","10":"product_tag-g35","11":"product_tag-infinity","12":"product_tag-nissan","13":"product_tag-regulowane-wahacze","14":"product_tag-vq35","15":"product_tag-wahacz","17":"first","18":"instock","19":"taxable","20":"shipping-taxable","21":"purchasable","22":"product-type-variable"},"_links":{"self":[{"href":"https:\/\/silverproject.eu\/pl\/wp-json\/wp\/v2\/product\/669","targetHints":{"allow":["GET"]}}],"collection":[{"href":"https:\/\/silverproject.eu\/pl\/wp-json\/wp\/v2\/product"}],"about":[{"href":"https:\/\/silverproject.eu\/pl\/wp-json\/wp\/v2\/types\/product"}],"wp:featuredmedia":[{"embeddable":true,"href":"https:\/\/silverproject.eu\/pl\/wp-json\/wp\/v2\/media\/751"}],"wp:attachment":[{"href":"https:\/\/silverproject.eu\/pl\/wp-json\/wp\/v2\/media?parent=669"}],"wp:term":[{"taxonomy":"product_brand","embeddable":true,"href":"https:\/\/silverproject.eu\/pl\/wp-json\/wp\/v2\/product_brand?post=669"},{"taxonomy":"product_cat","embeddable":true,"href":"https:\/\/silverproject.eu\/pl\/wp-json\/wp\/v2\/product_cat?post=669"},{"taxonomy":"product_tag","embeddable":true,"href":"https:\/\/silverproject.eu\/pl\/wp-json\/wp\/v2\/product_tag?post=669"}],"curies":[{"name":"wp","href":"https:\/\/api.w.org\/{rel}","templated":true}]}}