{"id":666,"date":"2018-12-03T18:06:48","date_gmt":"2018-12-03T17:06:48","guid":{"rendered":"https:\/\/silverproject.eu\/pl\/produkt\/import-placeholder-for-4996\/"},"modified":"2026-03-25T10:11:04","modified_gmt":"2026-03-25T09:11:04","slug":"poduszki-skrzyni-do-bmw-e36e46e87e90e39f10z3z4e65","status":"publish","type":"product","link":"https:\/\/silverproject.eu\/pl\/poduszki-skrzyni-do-bmw-e36e46e87e90e39f10z3z4e65\/","title":{"rendered":"Poduszki skrzyni do BMW E36,E46,E87,E90,E39,F10,Z3,Z4,E65"},"content":{"rendered":"<p>Poduszki skrzyni do BMW E36,E46,E87,E90,E39,F10,Z3,Z4,E65<\/p>\n<p>na poliuretanie o Twardo\u015bci 75ShA<\/p>\n<p>du\u017co sztywniejsze ni\u017c seryjne<\/p>\n<p>doskonale sprawdzaj\u0105 si\u0119\u00a0 w sporcie<\/p>\n<p>cena za komplet czyli lewa i prawa strona<\/p>\n<p>Pasuj\u0105 do :<\/p>\n<div><span id=\"gwpceafd3b9_gwpaa8f7384_gwp852305d8_span_typ1\" class=\"gwpceafd3b9_gwpaa8f7384_gwp852305d8_icon-minus-circle\">1 (E81)<\/span>:<\/div>\n<div><a target=\"_blank\" rel=\"noopener\">123 d 150 kW \/ <\/a><a target=\"_blank\" rel=\"noopener\">130 i 195 kW<\/a> \/ <a target=\"_blank\" rel=\"noopener\">130 i 190 kW<\/a><\/div>\n<div><span id=\"gwpceafd3b9_gwpaa8f7384_gwp852305d8_span_typ2\" class=\"gwpceafd3b9_gwpaa8f7384_gwp852305d8_icon-minus-circle\">1 coupe (E82)<\/span>:<\/div>\n<div><a target=\"_blank\" rel=\"noopener\">135 i 225 kW \/ <\/a><a target=\"_blank\" rel=\"noopener\">125 i 160 kW \/ <\/a><a target=\"_blank\" rel=\"noopener\">M 250 kW<\/a><\/div>\n<div><span id=\"gwpceafd3b9_gwpaa8f7384_gwp852305d8_span_typ1\" class=\"gwpceafd3b9_gwpaa8f7384_gwp852305d8_icon-minus-circle\">1 (E87):<\/span><\/div>\n<div><span id=\"gwpceafd3b9_gwpaa8f7384_gwp852305d8_span_typ1\" class=\"gwpceafd3b9_gwpaa8f7384_gwp852305d8_icon-minus-circle\">\u00a0<\/span><a target=\"_blank\" rel=\"noopener\">116 i 85 kW \/ <\/a><a target=\"_blank\" rel=\"noopener\">116 i 90 kW \/ <\/a><a target=\"_blank\" rel=\"noopener\">118 i 95 kW \/ <\/a><a target=\"_blank\" rel=\"noopener\">118 i 105 kW \/ <\/a><a target=\"_blank\" rel=\"noopener\">120 i 110 kW \/ <\/a><a target=\"_blank\" rel=\"noopener\">120 i 115 kW \/ <\/a><a target=\"_blank\" rel=\"noopener\">120 i 120 kW \/<\/a><\/div>\n<div><a target=\"_blank\" rel=\"noopener\">\u00a0\u00a0\u00a0\u00a0\u00a0\u00a0\u00a0\u00a0\u00a0\u00a0\u00a0\u00a0\u00a0\u00a0\u00a0 120 i 125 kW \/ <\/a><a target=\"_blank\" rel=\"noopener\">116 d 85 kW \/ <\/a><a target=\"_blank\" rel=\"noopener\">118 d 90 kW \/ <\/a><a target=\"_blank\" rel=\"noopener\">118 d 105 kW \/ <\/a><a target=\"_blank\" rel=\"noopener\">120 d 120 kW \/ <\/a><a target=\"_blank\" rel=\"noopener\">120 d 130 kW \/ <\/a><a target=\"_blank\" rel=\"noopener\">123 d 150 kW \/ <\/a><\/div>\n<div><a target=\"_blank\" rel=\"noopener\">\u00a0\u00a0\u00a0\u00a0\u00a0\u00a0\u00a0\u00a0\u00a0\u00a0\u00a0\u00a0\u00a0\u00a0 130 i 190 kW \/ 130 i 195 kW<\/a><\/div>\n<div><a target=\"_blank\" rel=\"noopener\"><span id=\"gwpceafd3b9_gwpaa8f7384_gwp852305d8_span_typ3\" class=\"gwpceafd3b9_gwpaa8f7384_gwp852305d8_icon-minus-circle\">1 kabriolet (E88)<\/span> :<\/a><\/div>\n<div><a target=\"_blank\" rel=\"noopener\">123 d 150 kW \/ 135 i 225 kW \/ 135 i 240 kW \/ 125 i 160 kW<\/a><\/div>\n<div><a target=\"_blank\" rel=\"noopener\"><span id=\"gwpceafd3b9_gwpaa8f7384_gwp852305d8_span_typ4\" class=\"gwpceafd3b9_gwpaa8f7384_gwp852305d8_icon-minus-circle\">3 (E36):<\/span> <\/a><\/div>\n<div><a target=\"_blank\" rel=\"noopener\">316 i 75 kW \/ 318 i 83 kW \/ 318 i 85 kW \/ 318 is 103 kW \/ 320 i 110 kW \/ 325 i 141 kW \/ 323 i 2.5 125 kW \/ <\/a><\/div>\n<div><a target=\"_blank\" rel=\"noopener\">328 i 142 kW\u00a0 \/ 318 tds 66 kW \/ 325 td 85 kW \/ 325 tds 105 kW \/ M3 3.0 210 kW \/ M3 3.2 236 kW<\/a><\/div>\n<div><a target=\"_blank\" rel=\"noopener\"><span id=\"gwpceafd3b9_gwpaa8f7384_gwp852305d8_span_typ3\" class=\"gwpceafd3b9_gwpaa8f7384_gwp852305d8_icon-minus-circle\">3 Compact (E36)<\/span> :<\/a><\/div>\n<div><a target=\"_blank\" rel=\"noopener\">316 i 75 kW \/ 316 g 75 kW \/ 318 tds 66 kW \/ 318 ti 103 kW \/ 316 i 77 kW \/ 323 ti 125 kW<\/a><\/div>\n<div><a target=\"_blank\" rel=\"noopener\"><span id=\"gwpceafd3b9_gwpaa8f7384_gwp852305d8_span_typ6\" class=\"gwpceafd3b9_gwpaa8f7384_gwp852305d8_icon-minus-circle\">3 coupe (E36)<\/span> :<\/a><\/div>\n<div><a target=\"_blank\" rel=\"noopener\">316 i 75 kW \/ 318 is 103 kW \/ 320 i 110 kW \/ 325 i 141 kW \/ 323 i 125 kW \/ 328 i 142 kW \/ M3 3.0 210 kW \/ <\/a><\/div>\n<div><a target=\"_blank\" rel=\"noopener\">M3 3.0 217 kW \/ M3 3.2 236 kW<\/a><\/div>\n<div><a target=\"_blank\" rel=\"noopener\"><span id=\"gwpceafd3b9_gwpaa8f7384_gwp852305d8_span_typ5\" class=\"gwpceafd3b9_gwpaa8f7384_gwp852305d8_icon-minus-circle\">3 kabriolet (E36)<\/span> :<\/a><\/div>\n<div><a target=\"_blank\" rel=\"noopener\">318 i 85 kW \/ 320 i 110 kW \/ 325 i 141 kW \/ 323 i 125 kW \/ 328 i 142 kW \/ M3 3.0 210 kW \/ M3 3.2 236 kW<\/a><\/div>\n<div><a target=\"_blank\" rel=\"noopener\"><span id=\"gwpceafd3b9_gwpaa8f7384_gwp852305d8_span_typ9\" class=\"gwpceafd3b9_gwpaa8f7384_gwp852305d8_icon-minus-circle\">3 Touring (E36)<\/span> :<\/a><\/div>\n<div><a target=\"_blank\" rel=\"noopener\">316 i 75 kW \/ 318 tds 66 kW \/ 318 i 85 kW \/ 320 i 110 kW \/ 323 i 125 kW \/ 325 tds 105 kW \/ 328 i 142 kW<\/a><\/div>\n<div><a target=\"_blank\" rel=\"noopener\"><span id=\"gwpceafd3b9_gwpaa8f7384_gwp852305d8_span_typ9\" class=\"gwpceafd3b9_gwpaa8f7384_gwp852305d8_icon-minus-circle\">3 (E46)<\/span> : <\/a><\/div>\n<div><a target=\"_blank\" rel=\"noopener\">316 i 85 kW \/ 318 i 87 kW \/ 316 i 77 kW \/ 318 d 85 kW \/ 320 d 110 kW \/ 320 i 110 kW \/ 318 i 105 kW \/ <\/a><\/div>\n<div><a target=\"_blank\" rel=\"noopener\">320 i 125 kW \/ 323 i 125 kW \/ 325 i 141 kW \/ 328 i 142 kW \/ 330 i 170 kW<\/a><\/div>\n<div><a target=\"_blank\" rel=\"noopener\"><span id=\"gwpceafd3b9_gwpaa8f7384_gwp852305d8_span_typ11\" class=\"gwpceafd3b9_gwpaa8f7384_gwp852305d8_icon-minus-circle\">3 Compact (E46) : <\/span><\/a><\/div>\n<div><a target=\"_blank\" rel=\"noopener\">325 ti 141 kW \/ 316 ti 85 kW \/ 318 ti 105 kW \/ 320 td 110 kW \/ 318 td 85 kW<\/a><\/div>\n<div><a target=\"_blank\" rel=\"noopener\"><span id=\"gwpceafd3b9_gwpaa8f7384_gwp852305d8_span_typ12\" class=\"gwpceafd3b9_gwpaa8f7384_gwp852305d8_icon-minus-circle\">3 coupe (E46)<\/span> : <\/a><\/div>\n<div><a target=\"_blank\" rel=\"noopener\">318 Ci 87 kW \/ 318 Ci 105 kW \/ 320 Ci 110 kW \/ 320 Ci 125 kW \/ 323 Ci 125 kW \/ 325 Ci 141 kW \/ <\/a><\/div>\n<div><a target=\"_blank\" rel=\"noopener\">328 Ci 142 kW \/ 330 Ci 170 kW \/ 320 Cd 110 kW \/ 318 Ci 110 kW<\/a><\/div>\n<div><a target=\"_blank\" rel=\"noopener\"><span id=\"gwpceafd3b9_gwpaa8f7384_gwp852305d8_span_typ12\" class=\"gwpceafd3b9_gwpaa8f7384_gwp852305d8_icon-minus-circle\">3 kabriolet (E46)<\/span> : <\/a><\/div>\n<div><a target=\"_blank\" rel=\"noopener\">318 Ci 105 kW \/ 320 Ci 125 kW \/ 323 Ci 125 kW \/ 325 Ci 141 kW \/ 330 Ci 170 kW \/ 320 Cd 110 kW \/ 318 Ci 110 kW<span id=\"gwpceafd3b9_gwpaa8f7384_gwp852305d8_span_typ13\" class=\"gwpceafd3b9_gwpaa8f7384_gwp852305d8_icon-minus-circle\"><\/span><\/a><\/div>\n<div><a target=\"_blank\" rel=\"noopener\"><span id=\"gwpceafd3b9_gwpaa8f7384_gwp852305d8_span_typ11\" class=\"gwpceafd3b9_gwpaa8f7384_gwp852305d8_icon-minus-circle\">3 Touring (E46)<\/span> : <\/a><\/div>\n<div><a target=\"_blank\" rel=\"noopener\">316 i 85 kW \/ 318 i 87 kW \/ 320 d 100 kW \/ 318 d 85 kW \/ 320 i 110 kW \/ 320 d 110 kW \/ 318 i 105 kW \/ <\/a><\/div>\n<div><a target=\"_blank\" rel=\"noopener\">320 i 125 kW \/ 325 i 141 kW \/ 328 i 142 kW \/ 330 i 170 kW<\/a><\/div>\n<div><a target=\"_blank\" rel=\"noopener\"><span id=\"gwpceafd3b9_gwpaa8f7384_gwp852305d8_span_typ15\" class=\"gwpceafd3b9_gwpaa8f7384_gwp852305d8_icon-minus-circle\">3 (E90)<\/span> : <\/a><\/div>\n<div><a target=\"_blank\" rel=\"noopener\">316 i 85 kW \/ 318 d 90 kW \/ 320 d 110 kW \/ 320 si 127 kW \/ 320 i 110 kW \/ 325 i 160 kW \/ 323 i 130 kW \/ 335 i 225 kW \/ 335 d 210 kW \/ 325 d 145 kW \/ 330 d 170 kW \/ 330 d 180 kW \/ 325 d 150 kW \/ 330 i 190 kW \/ 325 i 160 kW \/ 330 i 200 kW<\/a><\/div>\n<div><a target=\"_blank\" rel=\"noopener\"><span id=\"gwpceafd3b9_gwpaa8f7384_gwp852305d8_span_typ16\" class=\"gwpceafd3b9_gwpaa8f7384_gwp852305d8_icon-minus-circle\">3 Touring (E91)<\/span> :<\/a><\/div>\n<div><a target=\"_blank\" rel=\"noopener\">320 i 110 kW \/ 320 d 120 kW \/ 318 d 90 kW \/ 320 d 110 kW \/ 325 i 160 kW \/ 323 i 130 kW \/ 335 i 225 kW \/ 330 d 180 kW \/ 325 d 150 kW \/ 330 i 190 kW \/ 330 i 200 kW \/ 325 i 160 kW \/ 330 d 170 kW \/ 335 d 210 kW \/ 325 d 145 kW<\/a><\/div>\n<div><a target=\"_blank\" rel=\"noopener\"><span id=\"gwpceafd3b9_gwpaa8f7384_gwp852305d8_span_typ17\" class=\"gwpceafd3b9_gwpaa8f7384_gwp852305d8_icon-minus-circle\">3 coupe (E92)<\/span> :<\/a><\/div>\n<div><a target=\"_blank\" rel=\"noopener\">316 i 90 kW \/ 325 i 160 kW \/ 335 i 225 kW \/ 330 d 180 kW \/ 325 d 150 kW \/ 325 i 160 kW \/ 330 i 200 kW \/ <\/a><\/div>\n<div><a target=\"_blank\" rel=\"noopener\">335 d 210 kW \/ 330 d 170 kW \/ 325 d 145 kW<\/a><\/div>\n<div><a target=\"_blank\" rel=\"noopener\"><span id=\"gwpceafd3b9_gwpaa8f7384_gwp852305d8_span_typ17\" class=\"gwpceafd3b9_gwpaa8f7384_gwp852305d8_icon-minus-circle\">3 kabriolet (E93)<\/span> : <\/a><\/div>\n<div><a target=\"_blank\" rel=\"noopener\">325 i 160 kW \/ 335 i 225 kW \/ 325 d 150 kW \/ 330 d 170 kW \/ 325 d 145 kW \/ 330 d 180 kW \/ <\/a><\/div>\n<div><a target=\"_blank\" rel=\"noopener\">325 i 160 kW \/ 330 i 200 kW<\/a><\/div>\n<div><a target=\"_blank\" rel=\"noopener\"><span id=\"gwpceafd3b9_gwpaa8f7384_gwp852305d8_span_typ15\" class=\"gwpceafd3b9_gwpaa8f7384_gwp852305d8_icon-minus-circle\">5 (E39)<\/span> : <\/a><\/div>\n<div><a target=\"_blank\" rel=\"noopener\">520 d 100 kW \/ 520 i 110 kW \/ 520 i 100 kW \/ 520 i 125 kW \/ 523 i 125 kW \/ 525 i 141 kW \/ 525 td 85 kW \/ 525 d 120 kW \/ 525 tds 105 kW \/ 528 i 142 kW \/ 530 d 135 kW \/ 530 d 142 kW \/ 530 i 170 kW \/ 535 i 173 kW \/ 535 i 180 kW \/ 540 i 210 kW<\/a><\/div>\n<div><a target=\"_blank\" rel=\"noopener\"><span id=\"gwpceafd3b9_gwpaa8f7384_gwp852305d8_span_typ16\" class=\"gwpceafd3b9_gwpaa8f7384_gwp852305d8_icon-minus-circle\">5 Touring (E39)<\/span> : <\/a><\/div>\n<div><a target=\"_blank\" rel=\"noopener\">520 d 100 kW \/ 520 i 110 kW \/ 520 i 100 kW \/ 520 i 125 kW \/ 523 i 125 kW \/ 525 i 141 kW \/ 525 tds 105 kW \/ 525 d 120 kW \/ 528 i 142 kW \/ 530 d 135 kW \/ 530 d 142 kW \/ 530 i 170 kW \/ 540 i 210 kW<\/a><\/div>\n<div><a target=\"_blank\" rel=\"noopener\"><span id=\"gwpceafd3b9_gwpaa8f7384_gwp852305d8_span_typ13\" class=\"gwpceafd3b9_gwpaa8f7384_gwp852305d8_icon-minus-circle\">5 (E34)<\/span> : <\/a><\/div>\n<div><a target=\"_blank\" rel=\"noopener\">518 i 85 kW \/ 518 i 83 kW \/ 520 i 95 kW \/ 520 i 24V 110 kW \/ 524 td 85 kW \/ 525 i 125 kW \/ 525 i 24V 141 kW \/ <\/a><\/div>\n<div><a target=\"_blank\" rel=\"noopener\">525 iX 24V 141 kW \/ 525 td 85 kW \/ 525 tds 105 kW \/ 530 i 138 kW \/ 530 i V8 160 kW \/ 535 i 155 kW \/ M5 232 kW \/ <\/a><\/div>\n<div><a target=\"_blank\" rel=\"noopener\">M5 CAT 232 kW \/ M5 210 kW \/ M5 250 kW \/ 540 i V8 210 kW<\/a><\/div>\n<div><a target=\"_blank\" rel=\"noopener\"><span id=\"gwpceafd3b9_gwpaa8f7384_gwp852305d8_span_typ14\" class=\"gwpceafd3b9_gwpaa8f7384_gwp852305d8_icon-minus-circle\">5 Touring (E34)<\/span> : <\/a><\/div>\n<div><a target=\"_blank\" rel=\"noopener\">518 g 85 kW \/ 518 i 83 kW \/ 518 i 85 kW \/ 520 i 110 kW \/ 525 i 141 kW \/ 525 ix 141 kW \/ 525 td 85 kW \/ 525 tds 105 kW \/ 530 i V8 160 kW \/ M5 250 kW \/ 540 i 210 kW<\/a><\/div>\n<div><a target=\"_blank\" rel=\"noopener\"><span id=\"gwpceafd3b9_gwpaa8f7384_gwp852305d8_span_typ21\" class=\"gwpceafd3b9_gwpaa8f7384_gwp852305d8_icon-minus-circle\">5 Gran Turismo (F07)<\/span> :<\/a><\/div>\n<div><a target=\"_blank\" rel=\"noopener\">530 d xDrive 180 kW \/ 535 i xDrive 225 kW \/ 535 d xDrive 220 kW<\/a><\/div>\n<div><a target=\"_blank\" rel=\"noopener\"><span id=\"gwpceafd3b9_gwpaa8f7384_gwp852305d8_span_typ22\" class=\"gwpceafd3b9_gwpaa8f7384_gwp852305d8_icon-minus-circle\">5 (F10)<\/span> : <\/a><\/div>\n<div><a target=\"_blank\" rel=\"noopener\">535 i xDrive 225 kW \/ 530 d xDrive 190 kW \/ 535 d xDrive 230 kW <\/a><\/div>\n<div><a target=\"_blank\" rel=\"noopener\"><span id=\"gwpceafd3b9_gwpaa8f7384_gwp852305d8_span_typ23\" class=\"gwpceafd3b9_gwpaa8f7384_gwp852305d8_icon-minus-circle\">5 Touring (F11)<\/span> : <\/a><\/div>\n<div><a target=\"_blank\" rel=\"noopener\">530 d xDrive 190 kW \/ 535 d xDrive 230 kW<\/a><\/div>\n<div><a target=\"_blank\" rel=\"noopener\"><span id=\"gwpceafd3b9_gwpaa8f7384_gwp852305d8_span_typ21\" class=\"gwpceafd3b9_gwpaa8f7384_gwp852305d8_icon-minus-circle\">Z3 (E36)<\/span> :<\/a><\/div>\n<div><a target=\"_blank\" rel=\"noopener\">1.8 i 85 kW \/ 1.9 i 103 kW \/ 1.9 i 87 kW \/ 1.9 i 85 kW \/ 2.0 i 110 kW \/ 2.2 i 125 kW \/ 2.8 i 141 kW \/ 3.0 i 170 kW \/ <\/a><\/div>\n<div><a target=\"_blank\" rel=\"noopener\">M 3.2 236 kW \/ M 3.2 239 kW<\/a><\/div>\n<div><a target=\"_blank\" rel=\"noopener\"><span id=\"gwpceafd3b9_gwpaa8f7384_gwp852305d8_span_typ22\" class=\"gwpceafd3b9_gwpaa8f7384_gwp852305d8_icon-minus-circle\">Z3 coupe (E36)<\/span> : <\/a><\/div>\n<div><a target=\"_blank\" rel=\"noopener\">2.8 i 141 kW \/ 3.0 i 170 kW<\/a><\/div>\n<div><a target=\"_blank\" rel=\"noopener\"><span id=\"gwpceafd3b9_gwpaa8f7384_gwp852305d8_span_typ23\" class=\"gwpceafd3b9_gwpaa8f7384_gwp852305d8_icon-minus-circle\">Z4 (E85)<\/span> :<\/a><\/div>\n<div><a target=\"_blank\" rel=\"noopener\">2.0 i 110 kW \/ 2.2 i 125 kW \/ 2.5 i 141 kW \/ 2.5 i 130 kW \/ 2.5 si 160 kW \/ 3.0 i 170 kW \/ 3.0 si 195 kW \/ M 252 kW<\/a><\/div>\n<div><a target=\"_blank\" rel=\"noopener\"><span id=\"gwpceafd3b9_gwpaa8f7384_gwp852305d8_span_typ24\" class=\"gwpceafd3b9_gwpaa8f7384_gwp852305d8_icon-minus-circle\">Z4 coupe (E86)<\/span> : <\/a><\/div>\n<div><a target=\"_blank\" rel=\"noopener\">3.0 si 195 kW \/ M 252 kW<\/a><\/div>\n<div><a target=\"_blank\" rel=\"noopener\"><span id=\"gwpceafd3b9_gwpaa8f7384_gwp852305d8_span_typ29\" class=\"gwpceafd3b9_gwpaa8f7384_gwp852305d8_icon-minus-circle\">Z4 ROADSTER (E89)<\/span> : <\/a><\/div>\n<div><a target=\"_blank\" rel=\"noopener\">sDrive 20 i 135 kW \/ sDrive 28 i 180 kW \/ sDrive 23 i 150 kW \/ sDrive 35 i 225 kW \/ <\/a><\/div>\n<div><a target=\"_blank\" rel=\"noopener\">sDrive 35 is 250 kW \/ sDrive 30 i 190 kW<\/a><\/div>\n<div><a target=\"_blank\" rel=\"noopener\"><span id=\"gwpceafd3b9_gwpaa8f7384_gwp852305d8_span_typ17\" class=\"gwpceafd3b9_gwpaa8f7384_gwp852305d8_icon-minus-circle\">7 (E32)<\/span> : <\/a><\/div>\n<div><a target=\"_blank\" rel=\"noopener\">730 i,iL 145 kW \/ 730 i,iL 138 kW \/ 730 i,iL V8 160 kW \/ 735 i,iL 155 kW \/ 735 i,iL 162 kW \/ <\/a><\/div>\n<div><a target=\"_blank\" rel=\"noopener\">740 i,iL V8 210 kW \/ 750 i,iL V12 220 kW<\/a><\/div>\n<div><a target=\"_blank\" rel=\"noopener\"><span id=\"gwpceafd3b9_gwpaa8f7384_gwp852305d8_span_typ18\" class=\"gwpceafd3b9_gwpaa8f7384_gwp852305d8_icon-minus-circle\">7 (E38)<\/span> : <\/a><\/div>\n<div><a target=\"_blank\" rel=\"noopener\">728 i, iL 142 kW \/ 730 d 135 kW \/ 730 d 142 kW \/ 730 i, iL 155 kW \/ 730 i, iL 160 kW \/ 735 i, iL 173 kW \/ <\/a><\/div>\n<div><a target=\"_blank\" rel=\"noopener\">740 d 180 kW \/ 740 i, iL 210 kW \/ 740 i, iL 210 kW<\/a><\/div>\n<div><a target=\"_blank\" rel=\"noopener\"><span id=\"gwpceafd3b9_gwpaa8f7384_gwp852305d8_span_typ19\" class=\"gwpceafd3b9_gwpaa8f7384_gwp852305d8_icon-minus-circle\">7 (E65, E66, E67)<\/span> :<\/a><\/div>\n<div><a target=\"_blank\" rel=\"noopener\">730 i, Li 170 kW \/ 730 d 155 kW \/ 730 d 160 kW \/ 730 Ld 170 kW \/ 730 i, Li 190 kW \/ 735 i, Li 200 kW \/ 740 d 190 kW \/ 740 i, Li 225 kW \/ 745 i, Li 245 kW \/ 745 d 242 kW \/ 745 d 220 kW \/ 750 i, Li 270 kW \/ 760 i, Li 327 kW<\/a><\/div>\n<div><a target=\"_blank\" rel=\"noopener\"><span id=\"gwpceafd3b9_gwpaa8f7384_gwp852305d8_span_typ24\" class=\"gwpceafd3b9_gwpaa8f7384_gwp852305d8_icon-minus-circle\">7 (F01, F02, F03, F04)<\/span> : <\/a><\/div>\n<div><a target=\"_blank\" rel=\"noopener\">740 d xDrive 225 kW<\/a><\/div>\n<div><a target=\"_blank\" rel=\"noopener\"><span id=\"gwpceafd3b9_gwpaa8f7384_gwp852305d8_span_typ20\" class=\"gwpceafd3b9_gwpaa8f7384_gwp852305d8_icon-minus-circle\">8 (E31)<\/span> : <\/a><\/div>\n<div><a target=\"_blank\" rel=\"noopener\">840 i 210 kW \/ 840 Ci 210 kW \/ 850 i,Ci 220 kW \/ 850 Ci 240 kW \/ 850 CSi 280 kW<\/a><\/div>\n","protected":false},"excerpt":{"rendered":"<p>Poduszki skrzyni do BMW E36,E46,E87,E90,E39,F10,Z3,Z4,E65 na poliuretanie o Twardo\u015bci 75ShA du\u017co sztywniejsze ni\u017c seryjne doskonale sprawdzaj\u0105 si\u0119\u00a0 w sporcie cena za komplet czyli lewa i prawa strona Pasuj\u0105 do : 1 (E81): 123 d 150 kW \/ 130 i 195 kW \/ 130 i 190 kW 1 coupe (E82): 135 i 225 kW \/ 125 [&hellip;]<\/p>\n","protected":false},"featured_media":731,"template":"","meta":{"_seopress_robots_primary_cat":"none","_seopress_titles_title":"Poduszki skrzyni do BMW E36,E46,E87,E90,E39,F10,Z3,Z4,E65 SilverProject.eu","_seopress_titles_desc":"Poduszki skrzyni do BMW E36,E46,E87,E90,E39,F10,Z3,Z4,E65","_seopress_robots_index":"","inline_featured_image":false},"product_brand":[],"product_cat":[18,156],"product_tag":[61,40,427,428,65,67,429,430,69,431,432,433,369,370,434,435,372,373,436,374,376,437,438,439,440,441,442,443,444,116,136,137,445,142,446,181],"class_list":{"0":"post-666","1":"product","2":"type-product","3":"status-publish","4":"has-post-thumbnail","6":"product_cat-czesci-do-bmw","7":"product_cat-silnik-i-przeniesienie-napedu-do-bmw","8":"product_tag-bmw","9":"product_tag-drift","10":"product_tag-e31","11":"product_tag-e32","12":"product_tag-e34","13":"product_tag-e36","14":"product_tag-e38","15":"product_tag-e39","16":"product_tag-e46","17":"product_tag-e65","18":"product_tag-e66","19":"product_tag-e67","20":"product_tag-e81","21":"product_tag-e82","22":"product_tag-e85","23":"product_tag-e86","24":"product_tag-e87","25":"product_tag-e88","26":"product_tag-e89","27":"product_tag-e90","28":"product_tag-e92","29":"product_tag-f01","30":"product_tag-f02","31":"product_tag-f03","32":"product_tag-f04","33":"product_tag-f07","34":"product_tag-f10","35":"product_tag-f11","36":"product_tag-m-power","37":"product_tag-poduszka","38":"product_tag-poduszki","39":"product_tag-silnika","40":"product_tag-skrzyni","41":"product_tag-skrzynia","42":"product_tag-z3","43":"product_tag-z4","45":"first","46":"instock","47":"taxable","48":"shipping-taxable","49":"purchasable","50":"product-type-simple"},"_links":{"self":[{"href":"https:\/\/silverproject.eu\/pl\/wp-json\/wp\/v2\/product\/666","targetHints":{"allow":["GET"]}}],"collection":[{"href":"https:\/\/silverproject.eu\/pl\/wp-json\/wp\/v2\/product"}],"about":[{"href":"https:\/\/silverproject.eu\/pl\/wp-json\/wp\/v2\/types\/product"}],"wp:featuredmedia":[{"embeddable":true,"href":"https:\/\/silverproject.eu\/pl\/wp-json\/wp\/v2\/media\/731"}],"wp:attachment":[{"href":"https:\/\/silverproject.eu\/pl\/wp-json\/wp\/v2\/media?parent=666"}],"wp:term":[{"taxonomy":"product_brand","embeddable":true,"href":"https:\/\/silverproject.eu\/pl\/wp-json\/wp\/v2\/product_brand?post=666"},{"taxonomy":"product_cat","embeddable":true,"href":"https:\/\/silverproject.eu\/pl\/wp-json\/wp\/v2\/product_cat?post=666"},{"taxonomy":"product_tag","embeddable":true,"href":"https:\/\/silverproject.eu\/pl\/wp-json\/wp\/v2\/product_tag?post=666"}],"curies":[{"name":"wp","href":"https:\/\/api.w.org\/{rel}","templated":true}]}}