{"id":665,"date":"2018-12-03T18:06:48","date_gmt":"2018-12-03T17:06:48","guid":{"rendered":"https:\/\/silverproject.eu\/pl\/produkt\/import-placeholder-for-4990\/"},"modified":"2025-09-09T12:46:57","modified_gmt":"2025-09-09T10:46:57","slug":"poduszki-silnika-do-nissan-200sx-s12-fj20","status":"publish","type":"product","link":"https:\/\/silverproject.eu\/pl\/poduszki-silnika-do-nissan-200sx-s12-fj20\/","title":{"rendered":"Poduszki silnika do Nissan 200sx S12 FJ20"},"content":{"rendered":"<p>Poduszki silnika do Nissan 200sx S12 FJ20<\/p>\n<p>Kiedy wzrasta moment obrotowy silnika powoduje nadmierne poruszanie si\u0119 -ta poduszka ca\u0142kowicie eliminuje ten efekt.<br \/>\nTo rozwi\u0105zanie pomaga zmniejszy\u0107 te obci\u0105\u017cenia , a tak\u017ce jest lepszym rozwi\u0105zaniem w przypadku wymiany starej fabrycznej poduszki , kt\u00f3ra zu\u017cywa si\u0119 w czasie. Pomaga stabilizacji momentu obrotowego silnika i skrzyni bieg\u00f3w uk\u0142adu nap\u0119dowego zapewnia lepsz\u0105 reakcj\u0119.<\/p>\n<p>Zalecany w Sporcie i Drifcie.<\/p>\n<p>&nbsp;<\/p>\n","protected":false},"excerpt":{"rendered":"<p>Poduszki silnika do Nissan 200sx S12 FJ20 Kiedy wzrasta moment obrotowy silnika powoduje nadmierne poruszanie si\u0119 -ta poduszka ca\u0142kowicie eliminuje ten efekt. To rozwi\u0105zanie pomaga zmniejszy\u0107 te obci\u0105\u017cenia , a tak\u017ce jest lepszym rozwi\u0105zaniem w przypadku wymiany starej fabrycznej poduszki , kt\u00f3ra zu\u017cywa si\u0119 w czasie. Pomaga stabilizacji momentu obrotowego silnika i skrzyni bieg\u00f3w uk\u0142adu [&hellip;]<\/p>\n","protected":false},"featured_media":728,"template":"","meta":{"_seopress_robots_primary_cat":"none","_seopress_titles_title":"Poduszki silnika do Nissan 200sx S12 FJ20 SilverProject.eu","_seopress_titles_desc":"Poduszki silnika do Nissan 200sx S12 FJ20","_seopress_robots_index":"","inline_featured_image":false},"product_brand":[],"product_cat":[24,47],"product_tag":[48,40,426,49,50,51,229,56],"class_list":{"0":"post-665","1":"product","2":"type-product","3":"status-publish","4":"has-post-thumbnail","6":"product_cat-czesci-do-nissan","7":"product_cat-silnik-i-przeniesienie-napedu-do-nissan","8":"product_tag-200sx","9":"product_tag-drift","10":"product_tag-fj20","11":"product_tag-nissan","12":"product_tag-poduszka-silnika","13":"product_tag-poduszki-silnika","14":"product_tag-s12","15":"product_tag-swap","17":"first","18":"instock","19":"taxable","20":"shipping-taxable","21":"purchasable","22":"product-type-simple"},"_links":{"self":[{"href":"https:\/\/silverproject.eu\/pl\/wp-json\/wp\/v2\/product\/665","targetHints":{"allow":["GET"]}}],"collection":[{"href":"https:\/\/silverproject.eu\/pl\/wp-json\/wp\/v2\/product"}],"about":[{"href":"https:\/\/silverproject.eu\/pl\/wp-json\/wp\/v2\/types\/product"}],"wp:featuredmedia":[{"embeddable":true,"href":"https:\/\/silverproject.eu\/pl\/wp-json\/wp\/v2\/media\/728"}],"wp:attachment":[{"href":"https:\/\/silverproject.eu\/pl\/wp-json\/wp\/v2\/media?parent=665"}],"wp:term":[{"taxonomy":"product_brand","embeddable":true,"href":"https:\/\/silverproject.eu\/pl\/wp-json\/wp\/v2\/product_brand?post=665"},{"taxonomy":"product_cat","embeddable":true,"href":"https:\/\/silverproject.eu\/pl\/wp-json\/wp\/v2\/product_cat?post=665"},{"taxonomy":"product_tag","embeddable":true,"href":"https:\/\/silverproject.eu\/pl\/wp-json\/wp\/v2\/product_tag?post=665"}],"curies":[{"name":"wp","href":"https:\/\/api.w.org\/{rel}","templated":true}]}}