{"id":626,"date":"2018-12-03T18:06:26","date_gmt":"2018-12-03T17:06:26","guid":{"rendered":"https:\/\/silverproject.eu\/pl\/produkt\/import-placeholder-for-4918\/"},"modified":"2026-02-13T09:41:53","modified_gmt":"2026-02-13T08:41:53","slug":"camber-plates-regulator-do-renault-clio-3-nissan-micra-3","status":"publish","type":"product","link":"https:\/\/silverproject.eu\/pl\/camber-plates-regulator-do-renault-clio-3-nissan-micra-3\/","title":{"rendered":"CAMBER PLATES regulator do Renault Clio 3 , Nissan Micra 3"},"content":{"rendered":"<p>CAMBER PLATES regulator do Renault Clio III\u00a0 oraz Nissan Micra 3<\/p>\n<h4><span style=\"color: #ff0000;\"><strong><span id=\"result_box\" lang=\"pl\"><a style=\"color: #ff0000;\" href=\"https:\/\/silverproject.eu\/pl\/wp-content\/uploads\/2024\/12\/inst.-camber-pl.pdf\">instrukcja monta\u017cu<\/a><\/span><\/strong><\/span><\/h4>\n<div><\/div>\n<h4><span style=\"color: #ff0000;\"><strong><span id=\"result_box\" lang=\"pl\"><a style=\"color: #ff0000;\" href=\"https:\/\/silverproject.eu\/pl\/wp-content\/uploads\/2024\/12\/parts-pl.pdf\">elementy camber plates<\/a><\/span><\/strong><\/span><\/h4>\n<div><\/div>\n<h4><span style=\"color: #ff0000;\"><strong><span id=\"result_box\" lang=\"pl\"><a style=\"color: #ff0000;\" href=\"https:\/\/silverproject.eu\/pl\/wp-content\/uploads\/2024\/12\/Nm-camber-caster-PL.pdf\">instrukcja ustawienia<\/a><\/span><\/strong><\/span><\/h4>\n<div><\/div>\n<h4><span style=\"color: #ff0000;\"><strong><span id=\"result_box\" lang=\"pl\"><a style=\"color: #ff0000;\" href=\"https:\/\/silverproject.eu\/pl\/wp-content\/uploads\/2024\/12\/material-certyf.pdf\">certyfikat materia\u0142owy<\/a><\/span><\/strong><\/span><\/h4>\n<div><\/div>\n<\/div>\n<p>Dost\u0119pne kolory : Czarny mat , Niebieski mat , Czerwony mat , \u017c\u00f3\u0142ty mat , pomara\u0144czowy mat<\/p>\n<p>Pasuje do:<\/p>\n<p>Renault<br \/>\n&#8211;<span id=\"span_typ3\" class=\"icon-plus-circle\">CLIO III (BR0\/1, CR0\/1)<\/span><br \/>\n<span id=\"span_typ6\" class=\"icon-plus-circle\"><\/span><\/p>\n<p>&#8211;<span id=\"span_typ4\" class=\"icon-plus-circle\">CLIO Grandtour (KR0\/1_)<\/span><\/p>\n<p>&#8211;<span id=\"span_typ5\" class=\"icon-plus-circle\">MODUS \/ GRAND MODUS (F\/JP0_)<\/span><\/p>\n<p>oraz<\/p>\n<p>Nissan<br \/>\n&#8211;<span id=\"span_typ1\" class=\"icon-plus-circle\">MICRA III (K12)<\/span><\/p>\n<p>&#8211;<span id=\"span_typ2\" class=\"icon-plus-circle\">MICRA C+C (K12)<\/span><\/p>\n<p>&nbsp;<\/p>\n<p><span class=\"text_exposed_show\">\u00a0Zestaw zawiera 2 sztuki.<br \/>\n<\/span><\/p>\n<p>Pasuje pod zawieszenie seryjne.<\/p>\n<p>Pochylenie ko\u0142a <span data-ft=\"{&quot;tn&quot;:&quot;K&quot;}\"><span class=\"UFICommentBody\">+2 &#8230;-2<\/span><\/span>\u00b0<\/p>\n<p>&nbsp;<\/p>\n<p>CAMBER PLATES regulator do Renault Clio 3 , Nissan Micra 3<\/p>\n<p>&nbsp;<\/p>\n","protected":false},"excerpt":{"rendered":"<p>CAMBER PLATES regulator do Renault Clio III\u00a0 oraz Nissan Micra 3 instrukcja monta\u017cu elementy camber plates instrukcja ustawienia certyfikat materia\u0142owy Dost\u0119pne kolory : Czarny mat , Niebieski mat , Czerwony mat , \u017c\u00f3\u0142ty mat , pomara\u0144czowy mat Pasuje do: Renault &#8211;CLIO III (BR0\/1, CR0\/1) &#8211;CLIO Grandtour (KR0\/1_) &#8211;MODUS \/ GRAND MODUS (F\/JP0_) oraz Nissan &#8211;MICRA [&hellip;]<\/p>\n","protected":false},"featured_media":687,"template":"","meta":{"_seopress_robots_primary_cat":"none","_seopress_titles_title":"","_seopress_titles_desc":"CAMBER PLATES regulator do Renault Clio 3 , Nissan Micra 3","_seopress_robots_index":"","inline_featured_image":false},"product_brand":[],"product_cat":[24,297,46,298],"product_tag":[66,57,415,416,417,49,418,419,420,421],"class_list":{"0":"post-626","1":"product","2":"type-product","3":"status-publish","4":"has-post-thumbnail","6":"product_cat-czesci-do-nissan","7":"product_cat-czesci-do-renault","8":"product_cat-zawieszenie-do-nissan","9":"product_cat-zawieszenie-do-renault","10":"product_tag-camber","11":"product_tag-camber-plates","12":"product_tag-clio","13":"product_tag-clio-iii","14":"product_tag-micra","15":"product_tag-nissan","16":"product_tag-plates","17":"product_tag-renault","18":"product_tag-rs","19":"product_tag-rs3","21":"first","22":"instock","23":"taxable","24":"shipping-taxable","25":"purchasable","26":"product-type-variable"},"_links":{"self":[{"href":"https:\/\/silverproject.eu\/pl\/wp-json\/wp\/v2\/product\/626","targetHints":{"allow":["GET"]}}],"collection":[{"href":"https:\/\/silverproject.eu\/pl\/wp-json\/wp\/v2\/product"}],"about":[{"href":"https:\/\/silverproject.eu\/pl\/wp-json\/wp\/v2\/types\/product"}],"wp:featuredmedia":[{"embeddable":true,"href":"https:\/\/silverproject.eu\/pl\/wp-json\/wp\/v2\/media\/687"}],"wp:attachment":[{"href":"https:\/\/silverproject.eu\/pl\/wp-json\/wp\/v2\/media?parent=626"}],"wp:term":[{"taxonomy":"product_brand","embeddable":true,"href":"https:\/\/silverproject.eu\/pl\/wp-json\/wp\/v2\/product_brand?post=626"},{"taxonomy":"product_cat","embeddable":true,"href":"https:\/\/silverproject.eu\/pl\/wp-json\/wp\/v2\/product_cat?post=626"},{"taxonomy":"product_tag","embeddable":true,"href":"https:\/\/silverproject.eu\/pl\/wp-json\/wp\/v2\/product_tag?post=626"}],"curies":[{"name":"wp","href":"https:\/\/api.w.org\/{rel}","templated":true}]}}