{"id":620,"date":"2018-12-03T18:06:26","date_gmt":"2018-12-03T17:06:26","guid":{"rendered":"https:\/\/silverproject.eu\/pl\/produkt\/import-placeholder-for-4705\/"},"modified":"2026-04-14T12:03:57","modified_gmt":"2026-04-14T10:03:57","slug":"camber-plates-regulator-do-vw-golf-7-audi-a3-seat-leon","status":"publish","type":"product","link":"https:\/\/silverproject.eu\/pl\/camber-plates-regulator-do-vw-golf-7-audi-a3-seat-leon\/","title":{"rendered":"CAMBER PLATES regulator do VW Golf 7 Audi A3 Seat Leon"},"content":{"rendered":"<p>CAMBER PLATES regulator do VW Golf 7 Audi A3 Seat Leon<\/p>\n<h4><span style=\"color: #ff0000;\"><strong><span id=\"result_box\" lang=\"pl\"><a style=\"color: #ff0000;\" href=\"https:\/\/silverproject.eu\/pl\/wp-content\/uploads\/2024\/12\/inst.-camber-pl.pdf\">instrukcja monta\u017cu<\/a><\/span><\/strong><\/span><\/h4>\n<div><\/div>\n<h4><span style=\"color: #ff0000;\"><strong><span id=\"result_box\" lang=\"pl\"><a style=\"color: #ff0000;\" href=\"https:\/\/silverproject.eu\/pl\/wp-content\/uploads\/2024\/12\/parts-pl.pdf\">elementy camber plates<\/a><\/span><\/strong><\/span><\/h4>\n<div><\/div>\n<h4><span style=\"color: #ff0000;\"><strong><span id=\"result_box\" lang=\"pl\"><a style=\"color: #ff0000;\" href=\"https:\/\/silverproject.eu\/pl\/wp-content\/uploads\/2024\/12\/Nm-camber-caster-PL.pdf\">instrukcja ustawienia<\/a><\/span><\/strong><\/span><\/h4>\n<div><\/div>\n<h4><span style=\"color: #ff0000;\"><strong><span id=\"result_box\" lang=\"pl\"><a style=\"color: #ff0000;\" href=\"https:\/\/silverproject.eu\/pl\/wp-content\/uploads\/2024\/12\/material-certyf.pdf\">certyfikat materia\u0142owy<\/a><\/span><\/strong><\/span><\/h4>\n<div><\/div>\n<p>CAMBER PLATES Domlager VW Golf 7 Audi A3 Seat Leon<\/p>\n<p>Front Camber Plates fit oem absorber<\/p>\n<p>Color : Black mat , Blue mat<\/p>\n<p>AUDI<br \/>\nA3 (8V1)<br \/>\nA3 Sportback (8VA)<span class=\"text_exposed_show\"><br \/>\nA3 Limousine (8VS)<br \/>\nA3 kabriolet (8V7)<br \/>\nTT (FV3)<\/span><\/p>\n<div class=\"text_exposed_show\">\n<p>SEAT<br \/>\nLEON (5F1)<br \/>\nLEON SC (5F5)<br \/>\nLEON ST (5F8)<\/p>\n<p>SKODA<br \/>\nOCTAVIA (5E3)<br \/>\nOCTAVIA Combi (5E5)<\/p>\n<p>VW<br \/>\nGOLF VII (5G1, BE1)<br \/>\nGOLF VII kombi (BA5)<br \/>\nGOLF SPORTSVAN (AM1)<\/p>\n<\/div>\n<p>zestaw zawiera 2 sztuki.<\/p>\n<p>Pasuje pod seryjny amortyzator.<\/p>\n<p>-3\u00b0 pochylenia ko\u0142a.<\/p>\n<p>Instalacja bardzo prosta, cambery montuje si\u0119 zamiast seryjnej poduszki na seryjne \u0142o\u017cysko amortyzatora.<\/p>\n<p>&nbsp;<\/p>\n","protected":false},"excerpt":{"rendered":"<p>CAMBER PLATES regulator do VW Golf 7 Audi A3 Seat Leon instrukcja monta\u017cu elementy camber plates instrukcja ustawienia certyfikat materia\u0142owy CAMBER PLATES Domlager VW Golf 7 Audi A3 Seat Leon Front Camber Plates fit oem absorber Color : Black mat , Blue mat AUDI A3 (8V1) A3 Sportback (8VA) A3 Limousine (8VS) A3 kabriolet (8V7) [&hellip;]<\/p>\n","protected":false},"featured_media":675,"template":"","meta":{"_seopress_robots_primary_cat":"none","_seopress_titles_title":"","_seopress_titles_desc":"","_seopress_robots_index":"","inline_featured_image":false},"product_brand":[],"product_cat":[16,30,32,38,182,225,143,144],"product_tag":[407,348,408,409,410,121,411,412,192,193,57,351,147,413,196,197,198,414],"class_list":{"0":"post-620","1":"product","2":"type-product","3":"status-publish","4":"has-post-thumbnail","6":"product_cat-czesci-do-audi","7":"product_cat-czesci-do-seat","8":"product_cat-czesci-do-skoda","9":"product_cat-czesci-do-vw","10":"product_cat-zawieszenie-do-audi","11":"product_cat-zawieszenie-do-skoda","12":"product_cat-zawieszenie-do-seat","13":"product_cat-zawieszenie-do-vw","14":"product_tag-407","15":"product_tag-5f1","16":"product_tag-5f5","17":"product_tag-5f8","18":"product_tag-5g1","19":"product_tag-121","20":"product_tag-8v1","21":"product_tag-8va","22":"product_tag-a3","23":"product_tag-audi","24":"product_tag-camber-plates","25":"product_tag-fv3","26":"product_tag-golf","27":"product_tag-mk7","28":"product_tag-roadster","29":"product_tag-sportback","30":"product_tag-tt","31":"product_tag-vii","33":"first","34":"instock","35":"taxable","36":"shipping-taxable","37":"purchasable","38":"product-type-variable"},"_links":{"self":[{"href":"https:\/\/silverproject.eu\/pl\/wp-json\/wp\/v2\/product\/620","targetHints":{"allow":["GET"]}}],"collection":[{"href":"https:\/\/silverproject.eu\/pl\/wp-json\/wp\/v2\/product"}],"about":[{"href":"https:\/\/silverproject.eu\/pl\/wp-json\/wp\/v2\/types\/product"}],"wp:featuredmedia":[{"embeddable":true,"href":"https:\/\/silverproject.eu\/pl\/wp-json\/wp\/v2\/media\/675"}],"wp:attachment":[{"href":"https:\/\/silverproject.eu\/pl\/wp-json\/wp\/v2\/media?parent=620"}],"wp:term":[{"taxonomy":"product_brand","embeddable":true,"href":"https:\/\/silverproject.eu\/pl\/wp-json\/wp\/v2\/product_brand?post=620"},{"taxonomy":"product_cat","embeddable":true,"href":"https:\/\/silverproject.eu\/pl\/wp-json\/wp\/v2\/product_cat?post=620"},{"taxonomy":"product_tag","embeddable":true,"href":"https:\/\/silverproject.eu\/pl\/wp-json\/wp\/v2\/product_tag?post=620"}],"curies":[{"name":"wp","href":"https:\/\/api.w.org\/{rel}","templated":true}]}}