{"id":585,"date":"2018-12-03T18:06:01","date_gmt":"2018-12-03T17:06:01","guid":{"rendered":"https:\/\/silverproject.eu\/pl\/produkt\/import-placeholder-for-4695\/"},"modified":"2025-10-19T15:30:13","modified_gmt":"2025-10-19T13:30:13","slug":"zestaw-tylnych-regulowanych-wahaczy-do-ford-focus-mazda-3-volvo-c30","status":"publish","type":"product","link":"https:\/\/silverproject.eu\/pl\/zestaw-tylnych-regulowanych-wahaczy-do-ford-focus-mazda-3-volvo-c30\/","title":{"rendered":"Zestaw tylnych regulowanych wahaczy do Ford Focus , Mazda 3 , Volvo C30"},"content":{"rendered":"<h4><span style=\"color: #ff0000;\"><strong><span id=\"result_box\" lang=\"pl\"><a style=\"color: #ff0000;\" href=\"https:\/\/silverproject.eu\/pl\/wp-content\/uploads\/2024\/12\/inst.-wahacz-pl.pdf\">instrukcja monta\u017cu<\/a><\/span><\/strong><\/span><\/h4>\n<div><\/div>\n<h4><span style=\"color: #ff0000;\"><strong><span id=\"result_box\" lang=\"pl\"><a style=\"color: #ff0000;\" href=\"       \">certyfikat materia\u0142owy<\/a><\/span><\/strong><\/span><\/h4>\n<div><\/div>\n<\/div>\n<p>Zestaw tylnych regulowanych wahaczy do Ford Focus , Mazda 3 , Volvo C30<\/p>\n<p>Dr\u0105\u017cki &#8211; camber\u00a0 : <span title=\"Kliknij, aby wy\u015bwietli\u0107 alternatywne t\u0142umaczenia\">1 Para (Lewa &amp; Prawa)<\/span><\/p>\n<p>dr\u0105\u017cki &#8211; zbie\u017cno\u015b\u0107 :<span title=\"Kliknij, aby wy\u015bwietli\u0107 alternatywne t\u0142umaczenia\">1 Para (Lewa &amp; Prawa)<\/span><\/p>\n<p><span lang=\"pl\">tuleje z poliuretanu w twardo\u015bci 75ShA <\/span><span title=\"Kliknij, aby wy\u015bwietli\u0107 alternatywne t\u0142umaczenia\">Mo\u017cliwe pochylenie ko\u0142a: -4.00 do +3.00 stopnia<\/span><\/p>\n<div>Kolor <span title=\"Kliknij, aby wy\u015bwietli\u0107 alternatywne t\u0142umaczenia\">: Niebieski mat lub Czarny mat.<\/span><br \/>\n<span title=\"Kliknij, aby wy\u015bwietli\u0107 alternatywne t\u0142umaczenia\">Polecany dla tych kt\u00f3rzy chc\u0105 mie\u0107 lepsz\u0105 przyczepno\u015b\u0107 !!!<\/span><\/div>\n<div><span title=\"Kliknij, aby wy\u015bwietli\u0107 alternatywne t\u0142umaczenia\">Pasuje do :<\/span><\/div>\n<p>&nbsp;<\/p>\n<p>FORD<br \/>\nC-MAX (DM2)<br \/>\nFOCUS (DAW, DBW)<span class=\"text_exposed_show\"><br \/>\nFOCUS sedan (DFW)<br \/>\nFOCUS kombi (DNW)<br \/>\nFOCUS C-MAX<br \/>\nFOCUS II (DA_)<br \/>\nFOCUS II sedan (DA_)<br \/>\nFOCUS II kombi (DA_)<\/span><\/p>\n<div class=\"text_exposed_show\">\n<p>MAZDA<br \/>\n3 (BK)<br \/>\n3 sedan (BK)<br \/>\n3 (BL)<br \/>\n3 sedan (BL)<br \/>\n5 (CR19)<br \/>\n5 (CW)<\/p>\n<p>VOLVO<br \/>\nC30<br \/>\nC70 II kabriolet<br \/>\nS40 II (MS)<br \/>\nV50 (MW)<\/p>\n<\/div>\n<div>\n<div><span title=\"Kliknij, aby wy\u015bwietli\u0107 alternatywne t\u0142umaczenia\">Polecane na zloty,na tor\/ track days ,wy\u015bcigi.<br \/>\n<\/span><\/div>\n<p><span id=\"result_box\" lang=\"pl\"><span title=\"Kliknij, aby wy\u015bwietli\u0107 alternatywne t\u0142umaczenia\">Nie zawiera instrukcji monta\u017cu . Polecamy monta\u017c przez profesjonalist\u0119.<\/span><\/span><\/p>\n<\/div>\n","protected":false},"excerpt":{"rendered":"<p>instrukcja monta\u017cu certyfikat materia\u0142owy Zestaw tylnych regulowanych wahaczy do Ford Focus , Mazda 3 , Volvo C30 Dr\u0105\u017cki &#8211; camber\u00a0 : 1 Para (Lewa &amp; Prawa) dr\u0105\u017cki &#8211; zbie\u017cno\u015b\u0107 :1 Para (Lewa &amp; Prawa) tuleje z poliuretanu w twardo\u015bci 75ShA Mo\u017cliwe pochylenie ko\u0142a: -4.00 do +3.00 stopnia Kolor : Niebieski mat lub Czarny mat. Polecany [&hellip;]<\/p>\n","protected":false},"featured_media":647,"template":"","meta":{"_seopress_robots_primary_cat":"none","_seopress_titles_title":"","_seopress_titles_desc":"","_seopress_robots_index":"","inline_featured_image":false},"product_brand":[],"product_cat":[386,387,388,391,389,390,271],"product_tag":[392,393,394,395,396,397,338,398,399,400,401,402,342,560,403,404,405],"class_list":{"0":"post-585","1":"product","2":"type-product","3":"status-publish","4":"has-post-thumbnail","6":"product_cat-czesci-do-ford","7":"product_cat-czesci-do-mazda","8":"product_cat-czesci-do-volvo","9":"product_cat-zawieszenie-volvo","10":"product_cat-zawieszenie-do-ford","11":"product_cat-zawieszenie-do-mazda","12":"product_cat-zestawy","13":"product_tag-3-sedan","14":"product_tag-bk","15":"product_tag-bl","16":"product_tag-c-max","17":"product_tag-c30","18":"product_tag-c70","19":"product_tag-control-arm","20":"product_tag-focus","21":"product_tag-focus-2","22":"product_tag-focus-ii","23":"product_tag-ford","24":"product_tag-mazda","25":"product_tag-rear-lower","26":"product_tag-regulowane-wahacze","27":"product_tag-s40","28":"product_tag-v50","29":"product_tag-volvo","31":"first","32":"instock","33":"sale","34":"taxable","35":"shipping-taxable","36":"purchasable","37":"product-type-variable"},"_links":{"self":[{"href":"https:\/\/silverproject.eu\/pl\/wp-json\/wp\/v2\/product\/585","targetHints":{"allow":["GET"]}}],"collection":[{"href":"https:\/\/silverproject.eu\/pl\/wp-json\/wp\/v2\/product"}],"about":[{"href":"https:\/\/silverproject.eu\/pl\/wp-json\/wp\/v2\/types\/product"}],"wp:featuredmedia":[{"embeddable":true,"href":"https:\/\/silverproject.eu\/pl\/wp-json\/wp\/v2\/media\/647"}],"wp:attachment":[{"href":"https:\/\/silverproject.eu\/pl\/wp-json\/wp\/v2\/media?parent=585"}],"wp:term":[{"taxonomy":"product_brand","embeddable":true,"href":"https:\/\/silverproject.eu\/pl\/wp-json\/wp\/v2\/product_brand?post=585"},{"taxonomy":"product_cat","embeddable":true,"href":"https:\/\/silverproject.eu\/pl\/wp-json\/wp\/v2\/product_cat?post=585"},{"taxonomy":"product_tag","embeddable":true,"href":"https:\/\/silverproject.eu\/pl\/wp-json\/wp\/v2\/product_tag?post=585"}],"curies":[{"name":"wp","href":"https:\/\/api.w.org\/{rel}","templated":true}]}}