{"id":555,"date":"2018-12-03T18:05:41","date_gmt":"2018-12-03T17:05:41","guid":{"rendered":"https:\/\/silverproject.eu\/pl\/produkt\/import-placeholder-for-4691\/"},"modified":"2026-01-22T10:06:18","modified_gmt":"2026-01-22T09:06:18","slug":"poduszki-silnika-do-bmw-e81e82e87e88e90e91e92e93e84","status":"publish","type":"product","link":"https:\/\/silverproject.eu\/pl\/poduszki-silnika-do-bmw-e81e82e87e88e90e91e92e93e84\/","title":{"rendered":"Poduszki silnika do BMW E81,E82,E87,E88,E90,E91,E92,E93,E84"},"content":{"rendered":"<p>Poduszki silnika do BMW E81,E82,E87,E88,E90,E91,E92,E93,E84<\/p>\n<p>Kiedy moc wzrasta moment obrotowy silnika powoduje nadmierne poruszanie si\u0119 -te poduszki ca\u0142kowicie eliminuj\u0119 ten efekt.<br \/>\nTo rozwi\u0105zanie pomaga zmniejszy\u0107 te obci\u0105\u017cenia , a tak\u017ce jest lepszym rozwi\u0105zaniem w przypadku wymiany starej fabrycznej poduszki , kt\u00f3re zu\u017cywaj\u0105 si\u0119 w czasie. Pomaga w stabilizacji momentu obrotowego silnika i uk\u0142adu nap\u0119dowego zapewnia lepsz\u0105 reakcj\u0119.<\/p>\n<p>&nbsp;<\/p>\n<p>Polecana podczas tuningu silnika. . Zalecany w Sporcie i Drifcie.<br \/>\nZestaw zawiera lew\u0105 i praw\u0105 poduszk\u0119 silnika<\/p>\n","protected":false},"excerpt":{"rendered":"<p>Poduszki silnika do BMW E81,E82,E87,E88,E90,E91,E92,E93,E84 Kiedy moc wzrasta moment obrotowy silnika powoduje nadmierne poruszanie si\u0119 -te poduszki ca\u0142kowicie eliminuj\u0119 ten efekt. To rozwi\u0105zanie pomaga zmniejszy\u0107 te obci\u0105\u017cenia , a tak\u017ce jest lepszym rozwi\u0105zaniem w przypadku wymiany starej fabrycznej poduszki , kt\u00f3re zu\u017cywaj\u0105 si\u0119 w czasie. Pomaga w stabilizacji momentu obrotowego silnika i uk\u0142adu nap\u0119dowego zapewnia [&hellip;]<\/p>\n","protected":false},"featured_media":612,"template":"","meta":{"_seopress_robots_primary_cat":"none","_seopress_titles_title":"","_seopress_titles_desc":"","_seopress_robots_index":"","inline_featured_image":false},"product_brand":[],"product_cat":[18,156],"product_tag":[61,369,370,371,372,373,374,375,376,377,378,379,50,51],"class_list":{"0":"post-555","1":"product","2":"type-product","3":"status-publish","4":"has-post-thumbnail","6":"product_cat-czesci-do-bmw","7":"product_cat-silnik-i-przeniesienie-napedu-do-bmw","8":"product_tag-bmw","9":"product_tag-e81","10":"product_tag-e82","11":"product_tag-e84","12":"product_tag-e87","13":"product_tag-e88","14":"product_tag-e90","15":"product_tag-e91","16":"product_tag-e92","17":"product_tag-e93","18":"product_tag-engine-mount","19":"product_tag-engine-mounts","20":"product_tag-poduszka-silnika","21":"product_tag-poduszki-silnika","23":"first","24":"instock","25":"taxable","26":"shipping-taxable","27":"purchasable","28":"product-type-simple"},"_links":{"self":[{"href":"https:\/\/silverproject.eu\/pl\/wp-json\/wp\/v2\/product\/555","targetHints":{"allow":["GET"]}}],"collection":[{"href":"https:\/\/silverproject.eu\/pl\/wp-json\/wp\/v2\/product"}],"about":[{"href":"https:\/\/silverproject.eu\/pl\/wp-json\/wp\/v2\/types\/product"}],"wp:featuredmedia":[{"embeddable":true,"href":"https:\/\/silverproject.eu\/pl\/wp-json\/wp\/v2\/media\/612"}],"wp:attachment":[{"href":"https:\/\/silverproject.eu\/pl\/wp-json\/wp\/v2\/media?parent=555"}],"wp:term":[{"taxonomy":"product_brand","embeddable":true,"href":"https:\/\/silverproject.eu\/pl\/wp-json\/wp\/v2\/product_brand?post=555"},{"taxonomy":"product_cat","embeddable":true,"href":"https:\/\/silverproject.eu\/pl\/wp-json\/wp\/v2\/product_cat?post=555"},{"taxonomy":"product_tag","embeddable":true,"href":"https:\/\/silverproject.eu\/pl\/wp-json\/wp\/v2\/product_tag?post=555"}],"curies":[{"name":"wp","href":"https:\/\/api.w.org\/{rel}","templated":true}]}}