{"id":535,"date":"2018-12-03T18:05:18","date_gmt":"2018-12-03T17:05:18","guid":{"rendered":"https:\/\/silverproject.eu\/pl\/produkt\/import-placeholder-for-4684\/"},"modified":"2026-03-26T13:26:35","modified_gmt":"2026-03-26T12:26:35","slug":"zestaw-tylnych-drazkow-regulowanych-do-vw-golf-mk5-mk6-and-audi-a3-8p","status":"publish","type":"product","link":"https:\/\/silverproject.eu\/pl\/zestaw-tylnych-drazkow-regulowanych-do-vw-golf-mk5-mk6-and-audi-a3-8p\/","title":{"rendered":"Zestaw tylnych dr\u0105\u017ck\u00f3w regulowanych do VW golf Mk5 Mk6 and Audi A3 (8P)"},"content":{"rendered":"<h4><span style=\"color: #ff0000;\"><strong><span id=\"result_box\" lang=\"pl\"><a style=\"color: #ff0000;\" href=\"https:\/\/silverproject.eu\/pl\/wp-content\/uploads\/2024\/12\/inst.-wahacz-pl.pdf\">instrukcja monta\u017cu<\/a><\/span><\/strong><\/span><\/h4>\n<div><\/div>\n<h4><span style=\"color: #ff0000;\"><strong><span id=\"result_box\" lang=\"pl\"><a style=\"color: #ff0000;\" href=\"       \">certyfikat materia\u0142owy<\/a><\/span><\/strong><\/span><\/h4>\n<div><\/div>\n<\/div>\n<p>Zestaw tylnych dr\u0105\u017ck\u00f3w regulowanych do VW golf Mk5 Mk6 and Audi A3 (8P)<\/p>\n<p>Dr\u0105\u017cki &#8211; camber\u00a0 : <span title=\"Kliknij, aby wy\u015bwietli\u0107 alternatywne t\u0142umaczenia\">1 Para (Lewa &amp; Prawa)<\/span><\/p>\n<p>dr\u0105\u017cki &#8211; zbie\u017cno\u015b\u0107 :<span title=\"Kliknij, aby wy\u015bwietli\u0107 alternatywne t\u0142umaczenia\">1 Para (Lewa &amp; Prawa)<\/span><\/p>\n<p><span lang=\"pl\">tuleje z poliuretanu w twardo\u015bci 75ShA <\/span><span title=\"Kliknij, aby wy\u015bwietli\u0107 alternatywne t\u0142umaczenia\">Mo\u017cliwe pochylenie ko\u0142a: -4.00 do +4.00 stopnia<\/span><\/p>\n<div>Kolor <span title=\"Kliknij, aby wy\u015bwietli\u0107 alternatywne t\u0142umaczenia\">: Niebieski mat lub Czarny mat.<\/span><br \/>\n<span title=\"Kliknij, aby wy\u015bwietli\u0107 alternatywne t\u0142umaczenia\">Polecany dla tych kt\u00f3rzy chc\u0105 mie\u0107 lepsz\u0105 przyczepno\u015b\u0107 !!!<\/span><\/div>\n<div><span title=\"Kliknij, aby wy\u015bwietli\u0107 alternatywne t\u0142umaczenia\">Pasuje do :<\/span><\/div>\n<div><span class=\"text_exposed_show\">AUDI<br \/>\nA1 (8X1, 8XF)<br \/>\nA3 (8P1)<br \/>\nA3 Sportback (8PA)<br \/>\nA3 kabriolet (8P7)<br \/>\nQ3 (8U)<br \/>\nTT (8J3)<br \/>\nTT Roadster (8J9)<br \/>\nSEAT<br \/>\nALHAMBRA (710)<br \/>\nALTEA (5P1)<br \/>\nALTEA XL (5P5, 5P8)<br \/>\nLEON (1P1)<br \/>\nTOLEDO III (5P2)<br \/>\nSKODA<br \/>\nOCTAVIA (1Z3)<br \/>\nOCTAVIA Combi (1Z5)<br \/>\nSUPERB (3T4)<br \/>\nSUPERB kombi (3T5)<br \/>\nYETI (5L)<br \/>\nVW<br \/>\nEOS (1F7, 1F8)<br \/>\nGOLF V (1K1)<br \/>\nGOLF V Variant (1K5)<br \/>\nGOLF VI (5K1)<br \/>\nGOLF VI Variant (AJ5)<br \/>\nGOLF VI kabriolet (517)<br \/>\nGOLF PLUS (5M1, 521)<br \/>\nJETTA III (1K2)<br \/>\nJETTA IV (162, 163)<br \/>\nPASSAT (3C2)<br \/>\nPASSAT Variant (3C5)<br \/>\nPASSAT CC (357)<br \/>\nPASSAT (362)<br \/>\nPASSAT Variant (365)<br \/>\nPASSAT ALLTRACK (365)<br \/>\nCC (358)<br \/>\nSCIROCCO (137, 138)<br \/>\nSHARAN (7N)<br \/>\nTIGUAN (5N_)<br \/>\nTOURAN (1T1, 1T2)<br \/>\nTOURAN (1T3)<\/span><\/div>\n<div>\n<div><span title=\"Kliknij, aby wy\u015bwietli\u0107 alternatywne t\u0142umaczenia\">Polecane na zloty,na tor\/ track days ,wy\u015bcigi.<br \/>\n<\/span><\/div>\n<p><span id=\"result_box\" lang=\"pl\"><span title=\"Kliknij, aby wy\u015bwietli\u0107 alternatywne t\u0142umaczenia\">Nie zawiera instrukcji monta\u017cu . Polecamy monta\u017c przez profesjonalist\u0119.<\/span><\/span><\/p>\n<\/div>\n<p>&nbsp;<\/p>\n<p><span title=\"Kliknij, aby wy\u015bwietli\u0107 alternatywne t\u0142umaczenia\">\u00a0<\/span><\/p>\n","protected":false},"excerpt":{"rendered":"<p>instrukcja monta\u017cu certyfikat materia\u0142owy Zestaw tylnych dr\u0105\u017ck\u00f3w regulowanych do VW golf Mk5 Mk6 and Audi A3 (8P) Dr\u0105\u017cki &#8211; camber\u00a0 : 1 Para (Lewa &amp; Prawa) dr\u0105\u017cki &#8211; zbie\u017cno\u015b\u0107 :1 Para (Lewa &amp; Prawa) tuleje z poliuretanu w twardo\u015bci 75ShA Mo\u017cliwe pochylenie ko\u0142a: -4.00 do +4.00 stopnia Kolor : Niebieski mat lub Czarny mat. Polecany [&hellip;]<\/p>\n","protected":false},"featured_media":606,"template":"","meta":{"_seopress_robots_primary_cat":"none","_seopress_titles_title":"","_seopress_titles_desc":"","_seopress_robots_index":"","inline_featured_image":false},"product_brand":[],"product_cat":[16,30,32,38,143,144,182,225,271],"product_tag":[347,348,349,337,192,193,350,338,351,365,358,339,195,245,335,340,342,343,344,345,198,346],"class_list":{"0":"post-535","1":"product","2":"type-product","3":"status-publish","4":"has-post-thumbnail","6":"product_cat-czesci-do-audi","7":"product_cat-czesci-do-seat","8":"product_cat-czesci-do-skoda","9":"product_cat-czesci-do-vw","10":"product_cat-zawieszenie-do-seat","11":"product_cat-zawieszenie-do-vw","12":"product_cat-zawieszenie-do-audi","13":"product_cat-zawieszenie-do-skoda","14":"product_cat-zestawy","15":"product_tag-5c1","16":"product_tag-5f1","17":"product_tag-8v","18":"product_tag-a1","19":"product_tag-a3","20":"product_tag-audi","21":"product_tag-beetle","22":"product_tag-control-arm","23":"product_tag-fv3","24":"product_tag-golf-5","25":"product_tag-golf-mk5","26":"product_tag-golf-v","27":"product_tag-mk6","28":"product_tag-octavia","29":"product_tag-passat","30":"product_tag-passat-cc","31":"product_tag-rear-lower","32":"product_tag-sirocco","33":"product_tag-toledo-3","34":"product_tag-toledo-iii","35":"product_tag-tt","36":"product_tag-vi-golf","38":"first","39":"instock","40":"sale","41":"taxable","42":"shipping-taxable","43":"purchasable","44":"product-type-variable"},"_links":{"self":[{"href":"https:\/\/silverproject.eu\/pl\/wp-json\/wp\/v2\/product\/535","targetHints":{"allow":["GET"]}}],"collection":[{"href":"https:\/\/silverproject.eu\/pl\/wp-json\/wp\/v2\/product"}],"about":[{"href":"https:\/\/silverproject.eu\/pl\/wp-json\/wp\/v2\/types\/product"}],"wp:featuredmedia":[{"embeddable":true,"href":"https:\/\/silverproject.eu\/pl\/wp-json\/wp\/v2\/media\/606"}],"wp:attachment":[{"href":"https:\/\/silverproject.eu\/pl\/wp-json\/wp\/v2\/media?parent=535"}],"wp:term":[{"taxonomy":"product_brand","embeddable":true,"href":"https:\/\/silverproject.eu\/pl\/wp-json\/wp\/v2\/product_brand?post=535"},{"taxonomy":"product_cat","embeddable":true,"href":"https:\/\/silverproject.eu\/pl\/wp-json\/wp\/v2\/product_cat?post=535"},{"taxonomy":"product_tag","embeddable":true,"href":"https:\/\/silverproject.eu\/pl\/wp-json\/wp\/v2\/product_tag?post=535"}],"curies":[{"name":"wp","href":"https:\/\/api.w.org\/{rel}","templated":true}]}}