{"id":532,"date":"2018-12-03T18:05:18","date_gmt":"2018-12-03T17:05:18","guid":{"rendered":"https:\/\/silverproject.eu\/pl\/produkt\/import-placeholder-for-4681\/"},"modified":"2026-03-19T12:34:09","modified_gmt":"2026-03-19T11:34:09","slug":"zestaw-tylnych-drazkow-regulowanych-do-vw-golf-mk7-and-audi-a3-8v","status":"publish","type":"product","link":"https:\/\/silverproject.eu\/pl\/zestaw-tylnych-drazkow-regulowanych-do-vw-golf-mk7-and-audi-a3-8v\/","title":{"rendered":"Zestaw tylnych dr\u0105\u017ck\u00f3w regulowanych do VW golf Mk7 and Audi A3 (8V)"},"content":{"rendered":"<h4><span style=\"color: #ff0000;\"><strong><span id=\"result_box\" lang=\"pl\"><a style=\"color: #ff0000;\" href=\"https:\/\/silverproject.eu\/pl\/wp-content\/uploads\/2024\/12\/inst.-wahacz-pl.pdf\">instrukcja monta\u017cu<\/a><\/span><\/strong><\/span><\/h4>\n<div><\/div>\n<h4><span style=\"color: #ff0000;\"><strong><span id=\"result_box\" lang=\"pl\"><a style=\"color: #ff0000;\" href=\"       \">certyfikat materia\u0142owy<\/a><\/span><\/strong><\/span><\/h4>\n<div><\/div>\n<\/div>\n<p>Zestaw tylnych dr\u0105\u017ck\u00f3w regulowanych do VW golf Mk7 and Audi A3 (8V)<\/p>\n<p>Dr\u0105\u017cki &#8211; camber\u00a0 : <span title=\"Kliknij, aby wy\u015bwietli\u0107 alternatywne t\u0142umaczenia\">1 Para (Lewa &amp; Prawa)<\/span><\/p>\n<p>dr\u0105\u017cki &#8211; zbie\u017cno\u015b\u0107 :<span title=\"Kliknij, aby wy\u015bwietli\u0107 alternatywne t\u0142umaczenia\">1 Para (Lewa &amp; Prawa)<\/span><\/p>\n<p><span lang=\"pl\">tuleje z poliuretanu w twardo\u015bci 75ShA <\/span><span title=\"Kliknij, aby wy\u015bwietli\u0107 alternatywne t\u0142umaczenia\">Mo\u017cliwe pochylenie ko\u0142a: -4.00 do +4.00 stopnia<\/span><\/p>\n<div>Kolor <span title=\"Kliknij, aby wy\u015bwietli\u0107 alternatywne t\u0142umaczenia\">: Niebieski mat lub Czarny mat.<\/span><br \/>\n<span title=\"Kliknij, aby wy\u015bwietli\u0107 alternatywne t\u0142umaczenia\">Polecany dla tych kt\u00f3rzy chc\u0105 mie\u0107 lepsz\u0105 przyczepno\u015b\u0107 !!!<\/span><\/div>\n<div><span title=\"Kliknij, aby wy\u015bwietli\u0107 alternatywne t\u0142umaczenia\">Pasuje do :<\/span><\/div>\n<p>&nbsp;<\/p>\n<div>AUDI<br \/>\nA1 Sportback (8XA, 8XK)<br \/>\nA3 (8V1)<span class=\"text_exposed_show\"><br \/>\nA3 Sportback (8VA)<br \/>\nA3 Limousine (8VS)<br \/>\nA3 kabriolet (8V7)<br \/>\nTT (FV3)<br \/>\nSEAT<br \/>\nLEON (5F1)<br \/>\nLEON SC (5F5)<br \/>\nLEON ST (5F8)<br \/>\nSKODA<br \/>\nOCTAVIA (5E3)<br \/>\nOCTAVIA Combi (5E5)<br \/>\nVW<br \/>\nBEETLE (5C1)<br \/>\nBEETLE kabriolet (5C7)<br \/>\nGOLF VII (5G1, BE1)<br \/>\nGOLF VII kombi (BA5)<\/span><\/div>\n<div>\n<div><span title=\"Kliknij, aby wy\u015bwietli\u0107 alternatywne t\u0142umaczenia\">Polecane na zloty,na tor\/ track days ,wy\u015bcigi.<br \/>\n<\/span><\/div>\n<p><span id=\"result_box\" lang=\"pl\"><span title=\"Kliknij, aby wy\u015bwietli\u0107 alternatywne t\u0142umaczenia\">Nie zawiera instrukcji monta\u017cu . Polecamy monta\u017c przez profesjonalist\u0119.<\/span><\/span><\/p>\n<\/div>\n<p>&nbsp;<\/p>\n<p><span title=\"Kliknij, aby wy\u015bwietli\u0107 alternatywne t\u0142umaczenia\">\u00a0<\/span><\/p>\n","protected":false},"excerpt":{"rendered":"<p>instrukcja monta\u017cu certyfikat materia\u0142owy Zestaw tylnych dr\u0105\u017ck\u00f3w regulowanych do VW golf Mk7 and Audi A3 (8V) Dr\u0105\u017cki &#8211; camber\u00a0 : 1 Para (Lewa &amp; Prawa) dr\u0105\u017cki &#8211; zbie\u017cno\u015b\u0107 :1 Para (Lewa &amp; Prawa) tuleje z poliuretanu w twardo\u015bci 75ShA Mo\u017cliwe pochylenie ko\u0142a: -4.00 do +4.00 stopnia Kolor : Niebieski mat lub Czarny mat. Polecany dla [&hellip;]<\/p>\n","protected":false},"featured_media":606,"template":"","meta":{"_seopress_robots_primary_cat":"none","_seopress_titles_title":"","_seopress_titles_desc":"","_seopress_robots_index":"","inline_featured_image":false},"product_brand":[],"product_cat":[16,30,32,38,143,144,182,225,271],"product_tag":[347,348,349,337,192,193,350,338,351,352,353,339,354,355,356,195,245,335,340,342,343,344,345,198,346],"class_list":{"0":"post-532","1":"product","2":"type-product","3":"status-publish","4":"has-post-thumbnail","6":"product_cat-czesci-do-audi","7":"product_cat-czesci-do-seat","8":"product_cat-czesci-do-skoda","9":"product_cat-czesci-do-vw","10":"product_cat-zawieszenie-do-seat","11":"product_cat-zawieszenie-do-vw","12":"product_cat-zawieszenie-do-audi","13":"product_cat-zawieszenie-do-skoda","14":"product_cat-zestawy","15":"product_tag-5c1","16":"product_tag-5f1","17":"product_tag-8v","18":"product_tag-a1","19":"product_tag-a3","20":"product_tag-audi","21":"product_tag-beetle","22":"product_tag-control-arm","23":"product_tag-fv3","24":"product_tag-golf-7","25":"product_tag-golf-mk7","26":"product_tag-golf-v","27":"product_tag-golf-vii","28":"product_tag-leon-sc","29":"product_tag-leon-st","30":"product_tag-mk6","31":"product_tag-octavia","32":"product_tag-passat","33":"product_tag-passat-cc","34":"product_tag-rear-lower","35":"product_tag-sirocco","36":"product_tag-toledo-3","37":"product_tag-toledo-iii","38":"product_tag-tt","39":"product_tag-vi-golf","41":"first","42":"instock","43":"sale","44":"taxable","45":"shipping-taxable","46":"purchasable","47":"product-type-variable"},"_links":{"self":[{"href":"https:\/\/silverproject.eu\/pl\/wp-json\/wp\/v2\/product\/532","targetHints":{"allow":["GET"]}}],"collection":[{"href":"https:\/\/silverproject.eu\/pl\/wp-json\/wp\/v2\/product"}],"about":[{"href":"https:\/\/silverproject.eu\/pl\/wp-json\/wp\/v2\/types\/product"}],"wp:featuredmedia":[{"embeddable":true,"href":"https:\/\/silverproject.eu\/pl\/wp-json\/wp\/v2\/media\/606"}],"wp:attachment":[{"href":"https:\/\/silverproject.eu\/pl\/wp-json\/wp\/v2\/media?parent=532"}],"wp:term":[{"taxonomy":"product_brand","embeddable":true,"href":"https:\/\/silverproject.eu\/pl\/wp-json\/wp\/v2\/product_brand?post=532"},{"taxonomy":"product_cat","embeddable":true,"href":"https:\/\/silverproject.eu\/pl\/wp-json\/wp\/v2\/product_cat?post=532"},{"taxonomy":"product_tag","embeddable":true,"href":"https:\/\/silverproject.eu\/pl\/wp-json\/wp\/v2\/product_tag?post=532"}],"curies":[{"name":"wp","href":"https:\/\/api.w.org\/{rel}","templated":true}]}}