{"id":515,"date":"2018-12-03T18:04:57","date_gmt":"2018-12-03T17:04:57","guid":{"rendered":"https:\/\/silverproject.eu\/pl\/produkt\/import-placeholder-for-4675\/"},"modified":"2026-04-16T15:05:09","modified_gmt":"2026-04-16T13:05:09","slug":"tylny-drazek-zbieznosci-kola-do-vw-golf-mk5-mk6-audi-a3-8p","status":"publish","type":"product","link":"https:\/\/silverproject.eu\/pl\/tylny-drazek-zbieznosci-kola-do-vw-golf-mk5-mk6-audi-a3-8p\/","title":{"rendered":"Tylny dr\u0105\u017cek zbie\u017cno\u015bci ko\u0142a do VW Golf Mk5 Mk6 Audi A3 8P"},"content":{"rendered":"<h4><span style=\"color: #ff0000;\"><strong><span id=\"result_box\" lang=\"pl\"><a style=\"color: #ff0000;\" href=\"https:\/\/silverproject.eu\/pl\/wp-content\/uploads\/2024\/12\/inst.-wahacz-pl.pdf\">instrukcja monta\u017cu<\/a><\/span><\/strong><\/span><\/h4>\n<div><\/div>\n<h4><span style=\"color: #ff0000;\"><strong><span id=\"result_box\" lang=\"pl\"><a style=\"color: #ff0000;\" href=\"       \">certyfikat materia\u0142owy<\/a><\/span><\/strong><\/span><\/h4>\n<div><\/div>\n<\/div>\n<p>Tylny dr\u0105\u017cek zbie\u017cno\u015bci ko\u0142a do VW Golf Mk5 Mk6 Audi A3 8P<\/p>\n<p>Potrzebny do zmiany ustawienia tylnego ko\u0142a.<\/p>\n<p>Kolor : Czarny mat , Niebieski mat.<\/p>\n<p>Pasuje do :<\/p>\n<p>AUDI<br \/>\nA1 (8X1, 8XF)<br \/>\nA3 (8P1)<span class=\"text_exposed_show\"><br \/>\nA3 Sportback (8PA)<br \/>\nA3 kabriolet (8P7)<br \/>\nQ3 (8U)<br \/>\nTT (8J3)<br \/>\nTT Roadster (8J9)<br \/>\nSEAT<br \/>\nALHAMBRA (710)<br \/>\nALTEA (5P1)<br \/>\nALTEA XL (5P5, 5P8)<br \/>\nLEON (1P1)<br \/>\nTOLEDO III (5P2)<br \/>\nSKODA<br \/>\nOCTAVIA (1Z3)<br \/>\nOCTAVIA Combi (1Z5)<br \/>\nSUPERB (3T4)<br \/>\nSUPERB kombi (3T5)<br \/>\nYETI (5L)<br \/>\nVW<br \/>\nEOS (1F7, 1F8)<br \/>\nGOLF V (1K1)<br \/>\nGOLF V Variant (1K5)<br \/>\nGOLF VI (5K1)<br \/>\nGOLF VI Variant (AJ5)<br \/>\nGOLF VI kabriolet (517)<br \/>\nGOLF PLUS (5M1, 521)<br \/>\nJETTA III (1K2)<br \/>\nJETTA IV (162, 163)<br \/>\nPASSAT (3C2)<br \/>\nPASSAT Variant (3C5)<br \/>\nPASSAT CC (357)<br \/>\nPASSAT (362)<br \/>\nPASSAT Variant (365)<br \/>\nPASSAT ALLTRACK (365)<br \/>\nCC (358)<br \/>\nSCIROCCO (137, 138)<br \/>\nSHARAN (7N)<br \/>\nTIGUAN (5N_)<br \/>\nTOURAN (1T1, 1T2)<br \/>\nTOURAN (1T3)<\/span><\/p>\n<p>&nbsp;<\/p>\n<p>&nbsp;<\/p>\n","protected":false},"excerpt":{"rendered":"<p>instrukcja monta\u017cu certyfikat materia\u0142owy Tylny dr\u0105\u017cek zbie\u017cno\u015bci ko\u0142a do VW Golf Mk5 Mk6 Audi A3 8P Potrzebny do zmiany ustawienia tylnego ko\u0142a. Kolor : Czarny mat , Niebieski mat. Pasuje do : AUDI A1 (8X1, 8XF) A3 (8P1) A3 Sportback (8PA) A3 kabriolet (8P7) Q3 (8U) TT (8J3) TT Roadster (8J9) SEAT ALHAMBRA (710) ALTEA [&hellip;]<\/p>\n","protected":false},"featured_media":599,"template":"","meta":{"_seopress_robots_primary_cat":"none","_seopress_titles_title":"","_seopress_titles_desc":"","_seopress_robots_index":"","inline_featured_image":false},"product_brand":[],"product_cat":[16,30,32,38,225,143,144,182],"product_tag":[357,358,359,360,361,185,362,363],"class_list":{"0":"post-515","1":"product","2":"type-product","3":"status-publish","4":"has-post-thumbnail","6":"product_cat-czesci-do-audi","7":"product_cat-czesci-do-seat","8":"product_cat-czesci-do-skoda","9":"product_cat-czesci-do-vw","10":"product_cat-zawieszenie-do-skoda","11":"product_cat-zawieszenie-do-seat","12":"product_cat-zawieszenie-do-vw","13":"product_cat-zawieszenie-do-audi","14":"product_tag-adjustable","15":"product_tag-golf-mk5","16":"product_tag-golf-mk6","17":"product_tag-lowe","18":"product_tag-rear","19":"product_tag-seat","20":"product_tag-toe-arm","21":"product_tag-toledo","23":"first","24":"instock","25":"taxable","26":"shipping-taxable","27":"purchasable","28":"product-type-variable"},"_links":{"self":[{"href":"https:\/\/silverproject.eu\/pl\/wp-json\/wp\/v2\/product\/515","targetHints":{"allow":["GET"]}}],"collection":[{"href":"https:\/\/silverproject.eu\/pl\/wp-json\/wp\/v2\/product"}],"about":[{"href":"https:\/\/silverproject.eu\/pl\/wp-json\/wp\/v2\/types\/product"}],"wp:featuredmedia":[{"embeddable":true,"href":"https:\/\/silverproject.eu\/pl\/wp-json\/wp\/v2\/media\/599"}],"wp:attachment":[{"href":"https:\/\/silverproject.eu\/pl\/wp-json\/wp\/v2\/media?parent=515"}],"wp:term":[{"taxonomy":"product_brand","embeddable":true,"href":"https:\/\/silverproject.eu\/pl\/wp-json\/wp\/v2\/product_brand?post=515"},{"taxonomy":"product_cat","embeddable":true,"href":"https:\/\/silverproject.eu\/pl\/wp-json\/wp\/v2\/product_cat?post=515"},{"taxonomy":"product_tag","embeddable":true,"href":"https:\/\/silverproject.eu\/pl\/wp-json\/wp\/v2\/product_tag?post=515"}],"curies":[{"name":"wp","href":"https:\/\/api.w.org\/{rel}","templated":true}]}}