{"id":468,"date":"2018-12-03T18:04:29","date_gmt":"2018-12-03T17:04:29","guid":{"rendered":"https:\/\/silverproject.eu\/pl\/produkt\/import-placeholder-for-4665\/"},"modified":"2026-01-08T11:36:01","modified_gmt":"2026-01-08T10:36:01","slug":"camber-plates-audi-80-81-85-b2-85q-passat-32-33-regulator","status":"publish","type":"product","link":"https:\/\/silverproject.eu\/pl\/camber-plates-audi-80-81-85-b2-85q-passat-32-33-regulator\/","title":{"rendered":"Camber Plates AUDI 80 ,81, 85, B2, 85Q , PASSAT 32 , 33 regulator"},"content":{"rendered":"<p>Camber Plates AUDI 80 ,81, 85, B2, 85Q , PASSAT 32 , 33 regulator<\/p>\n<h4><span style=\"color: #ff0000;\"><strong><span id=\"result_box\" lang=\"pl\"><a style=\"color: #ff0000;\" href=\"https:\/\/silverproject.eu\/pl\/wp-content\/uploads\/2024\/12\/inst.-camber-pl.pdf\">instrukcja monta\u017cu<\/a><\/span><\/strong><\/span><\/h4>\n<div><\/div>\n<h4><span style=\"color: #ff0000;\"><strong><span id=\"result_box\" lang=\"pl\"><a style=\"color: #ff0000;\" href=\"https:\/\/silverproject.eu\/pl\/wp-content\/uploads\/2024\/12\/parts-pl.pdf\">elementy camber plates<\/a><\/span><\/strong><\/span><\/h4>\n<div><\/div>\n<h4><span style=\"color: #ff0000;\"><strong><span id=\"result_box\" lang=\"pl\"><a style=\"color: #ff0000;\" href=\"https:\/\/silverproject.eu\/pl\/wp-content\/uploads\/2024\/12\/Nm-camber-caster-PL.pdf\">instrukcja ustawienia<\/a><\/span><\/strong><\/span><\/h4>\n<div><\/div>\n<h4><span style=\"color: #ff0000;\"><strong><span id=\"result_box\" lang=\"pl\"><a style=\"color: #ff0000;\" href=\"https:\/\/silverproject.eu\/pl\/wp-content\/uploads\/2024\/12\/material-certyf.pdf\">certyfikat materia\u0142owy<\/a><\/span><\/strong><\/span><\/h4>\n<div><\/div>\n<\/div>\n<div><span lang=\"pl\">Przedni Camber Plates do<br \/>\nAUDI :<\/span><\/div>\n<div><span lang=\"pl\"><span lang=\"pl\">-80 (81,85,B2)<\/span><\/span><\/div>\n<div>-COUPE (81,85)<\/div>\n<div>-80 (89,89Q,8A,B3)<\/div>\n<div>-CABRIOLET (8G7,B4)<\/div>\n<div>-COUPE (89,8B)<\/div>\n<div>-80 (8C,B4)<\/div>\n<div>-80 AVANT (8C,B4)<\/div>\n<div>-90 (81,85,B2)<\/div>\n<div>-90 (89,89Q,8A,B3)<\/div>\n<div><\/div>\n<div>VW:<\/div>\n<div>-PASSAT (32)<\/div>\n<div>-PASSAT VARIANT (33)<\/div>\n<div>-PASSAT (32B)<\/div>\n<div>-PASSAT SEDAN (32B)<\/div>\n<div>-PASSAT VARIANT (32B)<\/div>\n<div>-SANTANA (32B)<\/div>\n<p><span id=\"span_mod2\" class=\"icon-minus-circle\" lang=\"pl\"><span lang=\"pl\"><br \/>\nKolor: <span title=\"Kliknij, aby wy\u015bwietli\u0107 alternatywne t\u0142umaczenia\">Czarny mat<\/span> , Niebieski mat <\/span><\/span><\/p>\n<div><span title=\"Kliknij, aby wy\u015bwietli\u0107 alternatywne t\u0142umaczenia\">(2 sztuki)<\/span><\/div>\n<p><span id=\"result_box\" lang=\"pl\"><br \/>\n<span title=\"Kliknij, aby wy\u015bwietli\u0107 alternatywne t\u0142umaczenia\">Uwagi: pasuje pod seryjny amortyzator<br \/>\n<\/span><\/span><\/p>\n<p><span title=\"Kliknij, aby wy\u015bwietli\u0107 alternatywne t\u0142umaczenia\">Mo\u017cliwe ustawienie Caster<br \/>\n<\/span><\/p>\n<p><span title=\"Kliknij, aby wy\u015bwietli\u0107 alternatywne t\u0142umaczenia\">Instalowane zamiast seryjnej poduszki amortyzatora.<\/span><br \/>\n<span title=\"Kliknij, aby wy\u015bwietli\u0107 alternatywne t\u0142umaczenia\"><br \/>\n<\/span><\/p>\n<p>&nbsp;<\/p>\n","protected":false},"excerpt":{"rendered":"<p>Camber Plates AUDI 80 ,81, 85, B2, 85Q , PASSAT 32 , 33 regulator instrukcja monta\u017cu elementy camber plates instrukcja ustawienia certyfikat materia\u0142owy Przedni Camber Plates do AUDI : -80 (81,85,B2) -COUPE (81,85) -80 (89,89Q,8A,B3) -CABRIOLET (8G7,B4) -COUPE (89,8B) -80 (8C,B4) -80 AVANT (8C,B4) -90 (81,85,B2) -90 (89,89Q,8A,B3) VW: -PASSAT (32) -PASSAT VARIANT (33) -PASSAT [&hellip;]<\/p>\n","protected":false},"featured_media":577,"template":"","meta":{"_seopress_robots_primary_cat":"none","_seopress_titles_title":"","_seopress_titles_desc":"","_seopress_robots_index":"","inline_featured_image":false},"product_brand":[],"product_cat":[16,38,144,182],"product_tag":[321,322,323,324,325,326,327,328,329,193,330,331,332,333,57,334,335,336],"class_list":{"0":"post-468","1":"product","2":"type-product","3":"status-publish","4":"has-post-thumbnail","6":"product_cat-czesci-do-audi","7":"product_cat-czesci-do-vw","8":"product_cat-zawieszenie-do-vw","9":"product_cat-zawieszenie-do-audi","10":"product_tag-321","11":"product_tag-32b","12":"product_tag-323","13":"product_tag-324","14":"product_tag-325","15":"product_tag-326","16":"product_tag-89q","17":"product_tag-8a","18":"product_tag-329","19":"product_tag-audi","20":"product_tag-avant","21":"product_tag-b2","22":"product_tag-b3","23":"product_tag-b4","24":"product_tag-camber-plates","25":"product_tag-coupe","26":"product_tag-passat","27":"product_tag-passat-variant","29":"first","30":"instock","31":"taxable","32":"shipping-taxable","33":"purchasable","34":"product-type-variable"},"_links":{"self":[{"href":"https:\/\/silverproject.eu\/pl\/wp-json\/wp\/v2\/product\/468","targetHints":{"allow":["GET"]}}],"collection":[{"href":"https:\/\/silverproject.eu\/pl\/wp-json\/wp\/v2\/product"}],"about":[{"href":"https:\/\/silverproject.eu\/pl\/wp-json\/wp\/v2\/types\/product"}],"wp:featuredmedia":[{"embeddable":true,"href":"https:\/\/silverproject.eu\/pl\/wp-json\/wp\/v2\/media\/577"}],"wp:attachment":[{"href":"https:\/\/silverproject.eu\/pl\/wp-json\/wp\/v2\/media?parent=468"}],"wp:term":[{"taxonomy":"product_brand","embeddable":true,"href":"https:\/\/silverproject.eu\/pl\/wp-json\/wp\/v2\/product_brand?post=468"},{"taxonomy":"product_cat","embeddable":true,"href":"https:\/\/silverproject.eu\/pl\/wp-json\/wp\/v2\/product_cat?post=468"},{"taxonomy":"product_tag","embeddable":true,"href":"https:\/\/silverproject.eu\/pl\/wp-json\/wp\/v2\/product_tag?post=468"}],"curies":[{"name":"wp","href":"https:\/\/api.w.org\/{rel}","templated":true}]}}