{"id":463,"date":"2018-12-03T18:04:29","date_gmt":"2018-12-03T17:04:29","guid":{"rendered":"https:\/\/silverproject.eu\/pl\/produkt\/import-placeholder-for-4472\/"},"modified":"2025-01-13T18:39:00","modified_gmt":"2025-01-13T17:39:00","slug":"regulatory-camber-plates-do-mercedesa-sl-r129-w124-s124","status":"publish","type":"product","link":"https:\/\/silverproject.eu\/pl\/regulatory-camber-plates-do-mercedesa-sl-r129-w124-s124\/","title":{"rendered":"Regulatory CAMBER PLATES do Mercedesa SL R129 \/ W124 \/ S124"},"content":{"rendered":"<p>Camber plates do Mercedesa<br \/>\nz \u0142o\u017cyskami z wk\u0142adem teflonowym<\/p>\n<h4><span style=\"color: #ff0000;\"><strong><span id=\"result_box\" lang=\"pl\"><a style=\"color: #ff0000;\" href=\"https:\/\/silverproject.eu\/pl\/wp-content\/uploads\/2024\/12\/inst.-camber-pl.pdf\">instrukcja monta\u017cu<\/a><\/span><\/strong><\/span><\/h4>\n<div><\/div>\n<h4><span style=\"color: #ff0000;\"><strong><span id=\"result_box\" lang=\"pl\"><a style=\"color: #ff0000;\" href=\"https:\/\/silverproject.eu\/pl\/wp-content\/uploads\/2024\/12\/parts-pl.pdf\">elementy camber plates<\/a><\/span><\/strong><\/span><\/h4>\n<div><\/div>\n<h4><span style=\"color: #ff0000;\"><strong><span id=\"result_box\" lang=\"pl\"><a style=\"color: #ff0000;\" href=\"https:\/\/silverproject.eu\/pl\/wp-content\/uploads\/2024\/12\/Nm-camber-caster-PL.pdf\">instrukcja ustawienia<\/a><\/span><\/strong><\/span><\/h4>\n<div><\/div>\n<h4><span style=\"color: #ff0000;\"><strong><span id=\"result_box\" lang=\"pl\"><a style=\"color: #ff0000;\" href=\"https:\/\/silverproject.eu\/pl\/wp-content\/uploads\/2024\/12\/material-certyf.pdf\">certyfikat materia\u0142owy<\/a><\/span><\/strong><\/span><\/h4>\n<div><\/div>\n<p>W kolorze czarny mat.<br \/>\nWszystkie detale ocynkowane i malowane proszkowo<br \/>\nSkala naniesiona przy pomocy lasera<br \/>\n&#8211; dla idealnego ustawiania pochylenia ko\u0142a<\/p>\n<p>Po wymianie precyzyjniejsze prowadzenie samochodu<br \/>\noraz<br \/>\nmo\u017cliwo\u015b\u0107 zmiany pochylenia ko\u0142a +2,0 -1,5 stopnie<br \/>\nDo jazdy na co dzie\u0144 jak i do sportu.<\/p>\n<p>Podana cena jest cena za komplet<br \/>\nPasuj\u0105 do<br \/>\n-SL (R129)<br \/>\n-280<br \/>\n-300<br \/>\n-320<br \/>\n-500<br \/>\n-600<br \/>\n-E kombi (S124)<br \/>\n-E 300 T Turbo-D 4-matic<br \/>\n-E (W124)<br \/>\n-E 300 4-matic<br \/>\n-Kombi(S124)<br \/>\n-300 TE 4-matic<br \/>\n-Sedan (W124)<br \/>\n-260 E 4-matic<br \/>\n-300 E 4-matic<br \/>\n-300 D 4-matic<br \/>\n-300 Turbo-D 4-matic<\/p>\n<p>Polecana do obni\u017conych aut i do sportu .<\/p>\n","protected":false},"excerpt":{"rendered":"<p>Camber plates do Mercedesa z \u0142o\u017cyskami z wk\u0142adem teflonowym instrukcja monta\u017cu elementy camber plates instrukcja ustawienia certyfikat materia\u0142owy W kolorze czarny mat. Wszystkie detale ocynkowane i malowane proszkowo Skala naniesiona przy pomocy lasera &#8211; dla idealnego ustawiania pochylenia ko\u0142a Po wymianie precyzyjniejsze prowadzenie samochodu oraz mo\u017cliwo\u015b\u0107 zmiany pochylenia ko\u0142a +2,0 -1,5 stopnie Do jazdy na [&hellip;]<\/p>\n","protected":false},"featured_media":558,"template":"","meta":{"_seopress_robots_primary_cat":"none","_seopress_titles_title":"Regulatory CAMBER PLATES do Mercedesa SL R129 \/ W124 \/ S124 SilverProject.eu","_seopress_titles_desc":"Regulatory CAMBER PLATES do Mercedesa SL R129 \/ W124 \/ S124","_seopress_robots_index":"","inline_featured_image":false},"product_brand":[],"product_cat":[26,238],"product_tag":[57,240,315,255,316,241],"class_list":{"0":"post-463","1":"product","2":"type-product","3":"status-publish","4":"has-post-thumbnail","6":"product_cat-czesci-do-mercedes-benz","7":"product_cat-zawieszenie-do-mercedes-benz","8":"product_tag-camber-plates","9":"product_tag-mercedes","10":"product_tag-r129","11":"product_tag-regulatory-katow","12":"product_tag-sl","13":"product_tag-w124","15":"first","16":"instock","17":"taxable","18":"shipping-taxable","19":"purchasable","20":"product-type-simple"},"_links":{"self":[{"href":"https:\/\/silverproject.eu\/pl\/wp-json\/wp\/v2\/product\/463","targetHints":{"allow":["GET"]}}],"collection":[{"href":"https:\/\/silverproject.eu\/pl\/wp-json\/wp\/v2\/product"}],"about":[{"href":"https:\/\/silverproject.eu\/pl\/wp-json\/wp\/v2\/types\/product"}],"wp:featuredmedia":[{"embeddable":true,"href":"https:\/\/silverproject.eu\/pl\/wp-json\/wp\/v2\/media\/558"}],"wp:attachment":[{"href":"https:\/\/silverproject.eu\/pl\/wp-json\/wp\/v2\/media?parent=463"}],"wp:term":[{"taxonomy":"product_brand","embeddable":true,"href":"https:\/\/silverproject.eu\/pl\/wp-json\/wp\/v2\/product_brand?post=463"},{"taxonomy":"product_cat","embeddable":true,"href":"https:\/\/silverproject.eu\/pl\/wp-json\/wp\/v2\/product_cat?post=463"},{"taxonomy":"product_tag","embeddable":true,"href":"https:\/\/silverproject.eu\/pl\/wp-json\/wp\/v2\/product_tag?post=463"}],"curies":[{"name":"wp","href":"https:\/\/api.w.org\/{rel}","templated":true}]}}