{"id":462,"date":"2018-12-03T18:04:29","date_gmt":"2018-12-03T17:04:29","guid":{"rendered":"https:\/\/silverproject.eu\/pl\/produkt\/import-placeholder-for-4422\/"},"modified":"2024-01-17T11:08:09","modified_gmt":"2024-01-17T10:08:09","slug":"poduszki-silnika-do-nissan-skyline-rb26dett","status":"publish","type":"product","link":"https:\/\/silverproject.eu\/pl\/poduszki-silnika-do-nissan-skyline-rb26dett\/","title":{"rendered":"Poduszki silnika do Nissan Skyline RB26DETT"},"content":{"rendered":"<p>Poduszki silnika Nissan Skyline RB26DETT<\/p>\n<p>Kiedy moc wzrasta moment obrotowy silnika powoduje nadmierne poruszanie si\u0119 -te poduszki ca\u0142kowicie eliminuj\u0119 ten efekt.<br \/>\nTo rozwi\u0105zanie pomaga zmniejszy\u0107 te obci\u0105\u017cenia , a tak\u017ce jest lepszym rozwi\u0105zaniem w przypadku wymiany starej fabrycznej poduszki , kt\u00f3re zu\u017cywaj\u0105 si\u0119 w czasie. Pomaga w stabilizacji momentu obrotowego silnika i uk\u0142adu nap\u0119dowego zapewnia lepsz\u0105 reakcj\u0119.<\/p>\n<p>Polecana podczas tuningu silnika. . Zalecany w Sporcie i Drifcie.<br \/>\nZestaw zawiera lew\u0105 i praw\u0105 poduszk\u0119 silnika<\/p>\n","protected":false},"excerpt":{"rendered":"<p>Poduszki silnika Nissan Skyline RB26DETT Kiedy moc wzrasta moment obrotowy silnika powoduje nadmierne poruszanie si\u0119 -te poduszki ca\u0142kowicie eliminuj\u0119 ten efekt. To rozwi\u0105zanie pomaga zmniejszy\u0107 te obci\u0105\u017cenia , a tak\u017ce jest lepszym rozwi\u0105zaniem w przypadku wymiany starej fabrycznej poduszki , kt\u00f3re zu\u017cywaj\u0105 si\u0119 w czasie. Pomaga w stabilizacji momentu obrotowego silnika i uk\u0142adu nap\u0119dowego zapewnia [&hellip;]<\/p>\n","protected":false},"featured_media":548,"template":"","meta":{"_seopress_robots_primary_cat":"none","_seopress_titles_title":"Poduszki silnika do Nissan Skyline RB26DETT - SilverProject.eu","_seopress_titles_desc":"Poduszki silnika do Nissan Skyline RB26DETT","_seopress_robots_index":"","inline_featured_image":false},"product_brand":[],"product_cat":[24,47],"product_tag":[49,50,51,314,113],"class_list":{"0":"post-462","1":"product","2":"type-product","3":"status-publish","4":"has-post-thumbnail","6":"product_cat-czesci-do-nissan","7":"product_cat-silnik-i-przeniesienie-napedu-do-nissan","8":"product_tag-nissan","9":"product_tag-poduszka-silnika","10":"product_tag-poduszki-silnika","11":"product_tag-rb26dett","12":"product_tag-skyline","14":"first","15":"instock","16":"taxable","17":"shipping-taxable","18":"purchasable","19":"product-type-simple"},"_links":{"self":[{"href":"https:\/\/silverproject.eu\/pl\/wp-json\/wp\/v2\/product\/462","targetHints":{"allow":["GET"]}}],"collection":[{"href":"https:\/\/silverproject.eu\/pl\/wp-json\/wp\/v2\/product"}],"about":[{"href":"https:\/\/silverproject.eu\/pl\/wp-json\/wp\/v2\/types\/product"}],"wp:featuredmedia":[{"embeddable":true,"href":"https:\/\/silverproject.eu\/pl\/wp-json\/wp\/v2\/media\/548"}],"wp:attachment":[{"href":"https:\/\/silverproject.eu\/pl\/wp-json\/wp\/v2\/media?parent=462"}],"wp:term":[{"taxonomy":"product_brand","embeddable":true,"href":"https:\/\/silverproject.eu\/pl\/wp-json\/wp\/v2\/product_brand?post=462"},{"taxonomy":"product_cat","embeddable":true,"href":"https:\/\/silverproject.eu\/pl\/wp-json\/wp\/v2\/product_cat?post=462"},{"taxonomy":"product_tag","embeddable":true,"href":"https:\/\/silverproject.eu\/pl\/wp-json\/wp\/v2\/product_tag?post=462"}],"curies":[{"name":"wp","href":"https:\/\/api.w.org\/{rel}","templated":true}]}}