{"id":46,"date":"2018-12-03T18:01:36","date_gmt":"2018-12-03T17:01:36","guid":{"rendered":"https:\/\/silverproject.eu\/pl\/produkt\/import-placeholder-for-2572\/"},"modified":"2026-04-14T10:22:18","modified_gmt":"2026-04-14T08:22:18","slug":"regulatory-katow-camber-plates-do-bmw-e46-drift","status":"publish","type":"product","link":"https:\/\/silverproject.eu\/pl\/regulatory-katow-camber-plates-do-bmw-e46-drift\/","title":{"rendered":"Regulatory k\u0105t\u00f3w CAMBER PLATES do BMW E46 DRIFT"},"content":{"rendered":"<p>Camber Plates na prz\u00f3d do BMW E46<br \/>\nrocznik 1998-2004<br \/>\nwersja pod amortyzator z seryjnym g\u00f3rnym mocowaniem spr\u0119\u017cyny.<\/p>\n<h4><span style=\"color: #ff0000;\"><strong><span id=\"result_box\" lang=\"pl\"><a style=\"color: #ff0000;\" href=\"https:\/\/silverproject.eu\/pl\/wp-content\/uploads\/2024\/12\/inst.-camber-pl.pdf\">instrukcja monta\u017cu<\/a><\/span><\/strong><\/span><\/h4>\n<div><\/div>\n<h4><span style=\"color: #ff0000;\"><strong><span id=\"result_box\" lang=\"pl\"><a style=\"color: #ff0000;\" href=\"https:\/\/silverproject.eu\/pl\/wp-content\/uploads\/2024\/12\/parts-pl.pdf\">elementy camber plates<\/a><\/span><\/strong><\/span><\/h4>\n<div><\/div>\n<h4><span style=\"color: #ff0000;\"><strong><span id=\"result_box\" lang=\"pl\"><a style=\"color: #ff0000;\" href=\"https:\/\/silverproject.eu\/pl\/wp-content\/uploads\/2024\/12\/Nm-camber-caster-PL.pdf\">instrukcja ustawienia<\/a><\/span><\/strong><\/span><\/h4>\n<div><\/div>\n<h4><span style=\"color: #ff0000;\"><strong><span id=\"result_box\" lang=\"pl\"><a style=\"color: #ff0000;\" href=\"https:\/\/silverproject.eu\/pl\/wp-content\/uploads\/2024\/12\/material-certyf.pdf\">certyfikat materia\u0142owy<\/a><\/span><\/strong><\/span><\/h4>\n<div><\/div>\n<\/div>\n<p>Dost\u0119pne w kolorze:Czarny mat , Niebieski mat , Pomara\u0144czowy mat .<\/p>\n<p>Pozwala pochyli\u0107 ko\u0142o\/amortyzator o kilka stopni,<br \/>\nco jest niezb\u0119dne gdy chcemy je\u017adzi\u0107 w drifcie i mie\u0107 wi\u0119ksz\u0105 przyczepno\u015b\u0107.<br \/>\n\u0141o\u017cyska z wk\u0142adem teflonowym.<\/p>\n<p>Przetestowane na torach Polski , UK , Stan\u00f3w Zjednoczonych oraz Niemiec<\/p>\n","protected":false},"excerpt":{"rendered":"<p>Camber Plates na prz\u00f3d do BMW E46 rocznik 1998-2004 wersja pod amortyzator z seryjnym g\u00f3rnym mocowaniem spr\u0119\u017cyny. instrukcja monta\u017cu elementy camber plates instrukcja ustawienia certyfikat materia\u0142owy Dost\u0119pne w kolorze:Czarny mat , Niebieski mat , Pomara\u0144czowy mat . Pozwala pochyli\u0107 ko\u0142o\/amortyzator o kilka stopni, co jest niezb\u0119dne gdy chcemy je\u017adzi\u0107 w drifcie i mie\u0107 wi\u0119ksz\u0105 przyczepno\u015b\u0107. [&hellip;]<\/p>\n","protected":false},"featured_media":75,"template":"","meta":{"_seopress_robots_primary_cat":"none","_seopress_titles_title":"Regulatory k\u0105t\u00f3w CAMBER PLATES do BMW E46 DRIFT","_seopress_titles_desc":"Regulatory k\u0105t\u00f3w CAMBER PLATES BMW E46 DRIFT do BMW E46 rocznik 1998-2004 wersja pod amortyzator z seryjnym g\u00f3rnym mocowaniem spr\u0119\u017cyny.","_seopress_robots_index":"","inline_featured_image":false},"product_brand":[],"product_cat":[18,60],"product_tag":[61,66,57,40,69],"class_list":{"0":"post-46","1":"product","2":"type-product","3":"status-publish","4":"has-post-thumbnail","6":"product_cat-czesci-do-bmw","7":"product_cat-zawieszenie-do-bmw","8":"product_tag-bmw","9":"product_tag-camber","10":"product_tag-camber-plates","11":"product_tag-drift","12":"product_tag-e46","14":"first","15":"instock","16":"taxable","17":"shipping-taxable","18":"purchasable","19":"product-type-variable"},"_links":{"self":[{"href":"https:\/\/silverproject.eu\/pl\/wp-json\/wp\/v2\/product\/46","targetHints":{"allow":["GET"]}}],"collection":[{"href":"https:\/\/silverproject.eu\/pl\/wp-json\/wp\/v2\/product"}],"about":[{"href":"https:\/\/silverproject.eu\/pl\/wp-json\/wp\/v2\/types\/product"}],"wp:featuredmedia":[{"embeddable":true,"href":"https:\/\/silverproject.eu\/pl\/wp-json\/wp\/v2\/media\/75"}],"wp:attachment":[{"href":"https:\/\/silverproject.eu\/pl\/wp-json\/wp\/v2\/media?parent=46"}],"wp:term":[{"taxonomy":"product_brand","embeddable":true,"href":"https:\/\/silverproject.eu\/pl\/wp-json\/wp\/v2\/product_brand?post=46"},{"taxonomy":"product_cat","embeddable":true,"href":"https:\/\/silverproject.eu\/pl\/wp-json\/wp\/v2\/product_cat?post=46"},{"taxonomy":"product_tag","embeddable":true,"href":"https:\/\/silverproject.eu\/pl\/wp-json\/wp\/v2\/product_tag?post=46"}],"curies":[{"name":"wp","href":"https:\/\/api.w.org\/{rel}","templated":true}]}}