{"id":453,"date":"2018-12-03T18:04:28","date_gmt":"2018-12-03T17:04:28","guid":{"rendered":"https:\/\/silverproject.eu\/pl\/produkt\/import-placeholder-for-4241\/"},"modified":"2026-03-25T10:11:14","modified_gmt":"2026-03-25T09:11:14","slug":"camber-plates-do-renault-megane-ii","status":"publish","type":"product","link":"https:\/\/silverproject.eu\/pl\/camber-plates-do-renault-megane-ii\/","title":{"rendered":"Camber plates do Renault Megane II"},"content":{"rendered":"<p>Camber plates do Renault Megane II<\/p>\n<h4><span style=\"color: #ff0000;\"><strong><span id=\"result_box\" lang=\"pl\"><a style=\"color: #ff0000;\" href=\"https:\/\/silverproject.eu\/pl\/wp-content\/uploads\/2024\/12\/inst.-camber-pl.pdf\">instrukcja monta\u017cu<\/a><\/span><\/strong><\/span><\/h4>\n<div><\/div>\n<h4><span style=\"color: #ff0000;\"><strong><span id=\"result_box\" lang=\"pl\"><a style=\"color: #ff0000;\" href=\"https:\/\/silverproject.eu\/pl\/wp-content\/uploads\/2024\/12\/parts-pl.pdf\">elementy camber plates<\/a><\/span><\/strong><\/span><\/h4>\n<div><\/div>\n<h4><span style=\"color: #ff0000;\"><strong><span id=\"result_box\" lang=\"pl\"><a style=\"color: #ff0000;\" href=\"https:\/\/silverproject.eu\/pl\/wp-content\/uploads\/2024\/12\/Nm-camber-caster-PL.pdf\">instrukcja ustawienia<\/a><\/span><\/strong><\/span><\/h4>\n<div><\/div>\n<h4><span style=\"color: #ff0000;\"><strong><span id=\"result_box\" lang=\"pl\"><a style=\"color: #ff0000;\" href=\"https:\/\/silverproject.eu\/pl\/wp-content\/uploads\/2024\/12\/material-certyf.pdf\">certyfikat materia\u0142owy<\/a><\/span><\/strong><\/span><\/h4>\n<div><\/div>\n<\/div>\n<p>Kolor : Czarny mat lub Niebieski Mat.<\/p>\n<p>Pozwala pochyli\u0107 ko\u0142o\/amortyzator o kilka stopni<br \/>\nco jest niezb\u0119dne gdy chcemy je\u017adzi\u0107 w wy\u015bcigach i mie\u0107 wi\u0119ksz\u0105 przyczepno\u015b\u0107.<br \/>\n\u0141o\u017cyska z wk\u0142adem teflonowym.<\/p>\n<p>Przetestowane na torach Polski , UK , Stan\u00f3w Zjednoczonych oraz Niemiec.<br \/>\nNasze Cambery wysy\u0142amy do wielu pa\u0144stw Europy oraz do Stan\u00f3w Zjednoczonych i Australii<\/p>\n<p>CENA ZA 2SZTUKi<br \/>\nDzi\u0119ki naniesionej skali \u0142atwa mo\u017cliwo\u015b\u0107 powrotu do starych ustawie\u0144.<br \/>\nPasuje pod seryjny amortyzator.<\/p>\n","protected":false},"excerpt":{"rendered":"<p>Camber plates do Renault Megane II instrukcja monta\u017cu elementy camber plates instrukcja ustawienia certyfikat materia\u0142owy Kolor : Czarny mat lub Niebieski Mat. Pozwala pochyli\u0107 ko\u0142o\/amortyzator o kilka stopni co jest niezb\u0119dne gdy chcemy je\u017adzi\u0107 w wy\u015bcigach i mie\u0107 wi\u0119ksz\u0105 przyczepno\u015b\u0107. \u0141o\u017cyska z wk\u0142adem teflonowym. Przetestowane na torach Polski , UK , Stan\u00f3w Zjednoczonych oraz Niemiec. [&hellip;]<\/p>\n","protected":false},"featured_media":519,"template":"","meta":{"_seopress_robots_primary_cat":"none","_seopress_titles_title":"Camber plates do Renault Megane II","_seopress_titles_desc":"Pozwala pochyli\u0107 ko\u0142o\/amortyzator o kilka stopni co jest niezb\u0119dne gdy chcemy je\u017adzi\u0107 w wy\u015bcigach i mie\u0107 wi\u0119ksz\u0105 przyczepno\u015b\u0107.","_seopress_robots_index":"","inline_featured_image":false},"product_brand":[],"product_cat":[297,298],"product_tag":[286,57,287,130,96],"class_list":{"0":"post-453","1":"product","2":"type-product","3":"status-publish","4":"has-post-thumbnail","6":"product_cat-czesci-do-renault","7":"product_cat-zawieszenie-do-renault","8":"product_tag-brz","9":"product_tag-camber-plates","10":"product_tag-gt86","11":"product_tag-subaru","12":"product_tag-toyota","14":"first","15":"instock","16":"taxable","17":"shipping-taxable","18":"purchasable","19":"product-type-variable"},"_links":{"self":[{"href":"https:\/\/silverproject.eu\/pl\/wp-json\/wp\/v2\/product\/453","targetHints":{"allow":["GET"]}}],"collection":[{"href":"https:\/\/silverproject.eu\/pl\/wp-json\/wp\/v2\/product"}],"about":[{"href":"https:\/\/silverproject.eu\/pl\/wp-json\/wp\/v2\/types\/product"}],"wp:featuredmedia":[{"embeddable":true,"href":"https:\/\/silverproject.eu\/pl\/wp-json\/wp\/v2\/media\/519"}],"wp:attachment":[{"href":"https:\/\/silverproject.eu\/pl\/wp-json\/wp\/v2\/media?parent=453"}],"wp:term":[{"taxonomy":"product_brand","embeddable":true,"href":"https:\/\/silverproject.eu\/pl\/wp-json\/wp\/v2\/product_brand?post=453"},{"taxonomy":"product_cat","embeddable":true,"href":"https:\/\/silverproject.eu\/pl\/wp-json\/wp\/v2\/product_cat?post=453"},{"taxonomy":"product_tag","embeddable":true,"href":"https:\/\/silverproject.eu\/pl\/wp-json\/wp\/v2\/product_tag?post=453"}],"curies":[{"name":"wp","href":"https:\/\/api.w.org\/{rel}","templated":true}]}}