{"id":442,"date":"2018-12-03T18:04:27","date_gmt":"2018-12-03T17:04:27","guid":{"rendered":"https:\/\/silverproject.eu\/pl\/produkt\/import-placeholder-for-4187\/"},"modified":"2026-04-07T10:13:16","modified_gmt":"2026-04-07T08:13:16","slug":"hydrauliczny-hamulec-reczny-pion-poziom-2-pompy","status":"publish","type":"product","link":"https:\/\/silverproject.eu\/pl\/hydrauliczny-hamulec-reczny-pion-poziom-2-pompy\/","title":{"rendered":"HYDRAULICZNY HAMULEC R\u0118CZNY PION POZIOM 2 POMPY"},"content":{"rendered":"<p>HYDRAULICZNY HAMULEC R\u0118CZNY PION POZIOM 2 POMPY\u00a0Driftu \/ RALLY \/ KJS<\/p>\n<h4><span style=\"color: #ff0000;\"><strong><span id=\"result_box\" lang=\"pl\"><a style=\"color: #ff0000;\" href=\"https:\/\/silverproject.eu\/pl\/wp-content\/uploads\/2024\/12\/inst.-hydro-pl.pdf\">instrukcja monta\u017cu<\/a><\/span><\/strong><\/span><\/h4>\n<div><\/div>\n<h4><span style=\"color: #ff0000;\"><strong><span id=\"result_box\" lang=\"pl\"><a style=\"color: #ff0000;\" href=\"https:\/\/silverproject.eu\/pl\/wp-content\/uploads\/2024\/12\/material-certyf.pdf\">certyfikat materia\u0142owy<\/a><\/span><\/strong><\/span><\/h4>\n<div><\/div>\n<\/div>\n<p>Mo\u017cliwo\u015b\u0107 ustawienia pozycji Pion \/ Poziom.<br \/>\nCa\u0142o\u015b\u0107 wykonana z dobrej gatunkowo stali.Elementy prowadz\u0105ce d\u017awigni\u0119 wykonane z materia\u0142u \u015blizgowego !!!<\/p>\n<p>Regulowana d\u0142ugo\u015b\u0107 d\u017awigni &#8211; kierowca mo\u017ce dopasowa\u0107 wedle w\u0142asnego upodobania.<br \/>\nJest to jedyny na t\u0105 chwil\u0119 hamulec z tak\u0105 regulacj\u0105 w Polsce.<br \/>\nMi\u0119kka r\u0119koje\u015b\u0107 z pianki-zapewniaj\u0105ca du\u017c\u0105 wygod\u0119 i pewno\u015b\u0107 chwytu.<br \/>\nCa\u0142o\u015b\u0107 wykonana ze stali ocynkowanej malowanej proszkowo i ci\u0119tej leserem -co daje 100% powtarzalno\u015bci jako\u015bci wykonania.<br \/>\nCi\u0119te ze stali 3mm i r\u0119koje\u015b\u0107 ( z regulacj\u0105 ) 6mm.<br \/>\nDetale zapadki wykonane ze stali co jest nowo\u015bci\u0105 na rynku \u015bwiatowym-wi\u0119kszo\u015b\u0107 jest wykonana z aluminium.<br \/>\nWyposa\u017cenie &#8211; 2 pompy (0.625) -mocowanie pompy -regulowana d\u017awignie hamulca z piank\u0105.<\/p>\n<p>Przyk\u0142adowy monta\u017c w nissanie 200sx 1-wej\u015bcie 2-wyj\u015bcie<\/p>\n","protected":false},"excerpt":{"rendered":"<p>HYDRAULICZNY HAMULEC R\u0118CZNY PION POZIOM 2 POMPY\u00a0Driftu \/ RALLY \/ KJS instrukcja monta\u017cu certyfikat materia\u0142owy Mo\u017cliwo\u015b\u0107 ustawienia pozycji Pion \/ Poziom. Ca\u0142o\u015b\u0107 wykonana z dobrej gatunkowo stali.Elementy prowadz\u0105ce d\u017awigni\u0119 wykonane z materia\u0142u \u015blizgowego !!! Regulowana d\u0142ugo\u015b\u0107 d\u017awigni &#8211; kierowca mo\u017ce dopasowa\u0107 wedle w\u0142asnego upodobania. Jest to jedyny na t\u0105 chwil\u0119 hamulec z tak\u0105 regulacj\u0105 w [&hellip;]<\/p>\n","protected":false},"featured_media":470,"template":"","meta":{"_seopress_robots_primary_cat":"none","_seopress_titles_title":"HYDRAULICZNY HAMULEC R\u0118CZNY PION POZIOM 2 POMPY SilverProject.EU","_seopress_titles_desc":"HYDRAULICZNY HAMULEC R\u0118CZNY PION POZIOM 2 POMPY","_seopress_robots_index":"","inline_featured_image":false},"product_brand":[],"product_cat":[16,18,20,22,26,28,24,30,32,34,36,38,19,33,29,25,39,21,35,17,31,27,23,37],"product_tag":[282,283,543,40,284,41,42,43,44,45],"class_list":{"0":"post-442","1":"product","2":"type-product","3":"status-publish","4":"has-post-thumbnail","6":"product_cat-czesci-do-audi","7":"product_cat-czesci-do-bmw","8":"product_cat-czesci-do-fiat","9":"product_cat-czesci-do-honda","10":"product_cat-czesci-do-mercedes-benz","11":"product_cat-czesci-do-mitsubishi","12":"product_cat-czesci-do-nissan","13":"product_cat-czesci-do-seat","14":"product_cat-czesci-do-skoda","15":"product_cat-czesci-do-subaru","16":"product_cat-czesci-do-toyota","17":"product_cat-czesci-do-vw","18":"product_cat-uklad-hamulcowy-do-bmw","19":"product_cat-uklad-hamulcowy-do-skoda","20":"product_cat-uklad-hamulcowy-do-mitsubishi","21":"product_cat-uklad-hamulcowy-do-nissan","22":"product_cat-uklad-hamulcowy-do-vw","23":"product_cat-uklad-hamulcowy-do-fiat","24":"product_cat-uklad-hamulcowy-do-subaru","25":"product_cat-uklad-hamulcowy-do-audi","26":"product_cat-uklad-hamulcowy-do-seat","27":"product_cat-uklad-hamulcowy-do-mercedes-benz","28":"product_cat-uklad-hamulcowy-do-honda","29":"product_cat-uklad-hamulcowy-do-toyota","30":"product_tag-2-pompy","31":"product_tag-abs","32":"product_tag-chamulec","33":"product_tag-drift","34":"product_tag-dwie-pompy","35":"product_tag-hamulec-hydrauliczny","36":"product_tag-hudro","37":"product_tag-kjs","38":"product_tag-rally","39":"product_tag-rekaw","41":"first","42":"instock","43":"taxable","44":"shipping-taxable","45":"purchasable","46":"product-type-simple"},"_links":{"self":[{"href":"https:\/\/silverproject.eu\/pl\/wp-json\/wp\/v2\/product\/442","targetHints":{"allow":["GET"]}}],"collection":[{"href":"https:\/\/silverproject.eu\/pl\/wp-json\/wp\/v2\/product"}],"about":[{"href":"https:\/\/silverproject.eu\/pl\/wp-json\/wp\/v2\/types\/product"}],"wp:featuredmedia":[{"embeddable":true,"href":"https:\/\/silverproject.eu\/pl\/wp-json\/wp\/v2\/media\/470"}],"wp:attachment":[{"href":"https:\/\/silverproject.eu\/pl\/wp-json\/wp\/v2\/media?parent=442"}],"wp:term":[{"taxonomy":"product_brand","embeddable":true,"href":"https:\/\/silverproject.eu\/pl\/wp-json\/wp\/v2\/product_brand?post=442"},{"taxonomy":"product_cat","embeddable":true,"href":"https:\/\/silverproject.eu\/pl\/wp-json\/wp\/v2\/product_cat?post=442"},{"taxonomy":"product_tag","embeddable":true,"href":"https:\/\/silverproject.eu\/pl\/wp-json\/wp\/v2\/product_tag?post=442"}],"curies":[{"name":"wp","href":"https:\/\/api.w.org\/{rel}","templated":true}]}}