{"id":43,"date":"2018-12-03T18:01:36","date_gmt":"2018-12-03T17:01:36","guid":{"rendered":"https:\/\/silverproject.eu\/pl\/produkt\/import-placeholder-for-2568\/"},"modified":"2026-04-07T10:47:03","modified_gmt":"2026-04-07T08:47:03","slug":"camber-plates-drift-do-nissan-200sx-s13-s14","status":"publish","type":"product","link":"https:\/\/silverproject.eu\/pl\/camber-plates-drift-do-nissan-200sx-s13-s14\/","title":{"rendered":"Camber Plates drift do Nissan 200sx S13 S14"},"content":{"rendered":"<p>Camber plates do Nissan 200SX S13 oraz S14<\/p>\n<h4><span style=\"color: #ff0000;\"><strong><span id=\"result_box\" lang=\"pl\"><a style=\"color: #ff0000;\" href=\"https:\/\/silverproject.eu\/pl\/wp-content\/uploads\/2024\/12\/inst.-camber-pl.pdf\">instrukcja monta\u017cu<\/a><\/span><\/strong><\/span><\/h4>\n<div><\/div>\n<h4><span style=\"color: #ff0000;\"><strong><span id=\"result_box\" lang=\"pl\"><a style=\"color: #ff0000;\" href=\"https:\/\/silverproject.eu\/pl\/wp-content\/uploads\/2024\/12\/parts-pl.pdf\">elementy camber plates<\/a><\/span><\/strong><\/span><\/h4>\n<div><\/div>\n<h4><span style=\"color: #ff0000;\"><strong><span id=\"result_box\" lang=\"pl\"><a style=\"color: #ff0000;\" href=\"https:\/\/silverproject.eu\/pl\/wp-content\/uploads\/2024\/12\/Nm-camber-caster-PL.pdf\">instrukcja ustawienia<\/a><\/span><\/strong><\/span><\/h4>\n<div><\/div>\n<h4><span style=\"color: #ff0000;\"><strong><span id=\"result_box\" lang=\"pl\"><a style=\"color: #ff0000;\" href=\"https:\/\/silverproject.eu\/pl\/wp-content\/uploads\/2024\/12\/material-certyf.pdf\">certyfikat materia\u0142owy<\/a><\/span><\/strong><\/span><\/h4>\n<div><\/div>\n<\/div>\n<p>-obni\u017ca auto o 12mm i pozwala pochyli\u0107 ko\u0142o\/amortyzator<br \/>\nco jest niezb\u0119dne gdy chcemy je\u017adzi\u0107 w drifcie i mie\u0107 wi\u0119ksz\u0105 przyczepno\u015b\u0107.<br \/>\n\u0141o\u017cyska z wk\u0142adem teflonowym.<\/p>\n<p>Dzi\u0119ki naniesionej laserem skali mo\u017cliwo\u015b\u0107 powrotu do starych ustawie\u0144 w ka\u017cdej chwili.<\/p>\n","protected":false},"excerpt":{"rendered":"<p>Camber plates do Nissan 200SX S13 oraz S14 instrukcja monta\u017cu elementy camber plates instrukcja ustawienia certyfikat materia\u0142owy -obni\u017ca auto o 12mm i pozwala pochyli\u0107 ko\u0142o\/amortyzator co jest niezb\u0119dne gdy chcemy je\u017adzi\u0107 w drifcie i mie\u0107 wi\u0119ksz\u0105 przyczepno\u015b\u0107. \u0141o\u017cyska z wk\u0142adem teflonowym. Dzi\u0119ki naniesionej laserem skali mo\u017cliwo\u015b\u0107 powrotu do starych ustawie\u0144 w ka\u017cdej chwili.<\/p>\n","protected":false},"featured_media":58,"template":"","meta":{"_seopress_robots_primary_cat":"none","_seopress_titles_title":"Camber Plates drift do Nissan 200sx S13 S14","_seopress_titles_desc":"Camber Plates drift do Nissan 200sx S13 S14. Obni\u017ca auto o 12mm i pozwala pochyli\u0107 ko\u0142o\/amortyzator.","_seopress_robots_index":"","inline_featured_image":false},"product_brand":[],"product_cat":[24,46],"product_tag":[48,57,58,59,52,53],"class_list":{"0":"post-43","1":"product","2":"type-product","3":"status-publish","4":"has-post-thumbnail","6":"product_cat-czesci-do-nissan","7":"product_cat-zawieszenie-do-nissan","8":"product_tag-200sx","9":"product_tag-camber-plates","10":"product_tag-pochylenie","11":"product_tag-regulator-katow","12":"product_tag-s13","13":"product_tag-s14","15":"first","16":"instock","17":"taxable","18":"shipping-taxable","19":"purchasable","20":"product-type-simple"},"_links":{"self":[{"href":"https:\/\/silverproject.eu\/pl\/wp-json\/wp\/v2\/product\/43","targetHints":{"allow":["GET"]}}],"collection":[{"href":"https:\/\/silverproject.eu\/pl\/wp-json\/wp\/v2\/product"}],"about":[{"href":"https:\/\/silverproject.eu\/pl\/wp-json\/wp\/v2\/types\/product"}],"wp:featuredmedia":[{"embeddable":true,"href":"https:\/\/silverproject.eu\/pl\/wp-json\/wp\/v2\/media\/58"}],"wp:attachment":[{"href":"https:\/\/silverproject.eu\/pl\/wp-json\/wp\/v2\/media?parent=43"}],"wp:term":[{"taxonomy":"product_brand","embeddable":true,"href":"https:\/\/silverproject.eu\/pl\/wp-json\/wp\/v2\/product_brand?post=43"},{"taxonomy":"product_cat","embeddable":true,"href":"https:\/\/silverproject.eu\/pl\/wp-json\/wp\/v2\/product_cat?post=43"},{"taxonomy":"product_tag","embeddable":true,"href":"https:\/\/silverproject.eu\/pl\/wp-json\/wp\/v2\/product_tag?post=43"}],"curies":[{"name":"wp","href":"https:\/\/api.w.org\/{rel}","templated":true}]}}