{"id":42,"date":"2018-12-03T18:01:35","date_gmt":"2018-12-03T17:01:35","guid":{"rendered":"https:\/\/silverproject.eu\/pl\/produkt\/import-placeholder-for-2565\/"},"modified":"2026-03-10T10:49:33","modified_gmt":"2026-03-10T09:49:33","slug":"poduszki-silnika-do-nissan-200sx-s13-s14-ca18det-sr20det","status":"publish","type":"product","link":"https:\/\/silverproject.eu\/pl\/poduszki-silnika-do-nissan-200sx-s13-s14-ca18det-sr20det\/","title":{"rendered":"Poduszki silnika do Nissan 200sx S13 S14 CA18DET SR20DET"},"content":{"rendered":"<p>Poduszki silnika (solid) do Nissan 200sx S13 S14 CA18DET SR20DET<\/p>\n<p>Kiedy wzrasta moment obrotowy silnika powoduje nadmierne poruszanie si\u0119 -ta poduszka ca\u0142kowicie eliminuje ten efekt.<br \/>\nTo rozwi\u0105zanie pomaga zmniejszy\u0107 te obci\u0105\u017cenia , a tak\u017ce jest lepszym rozwi\u0105zaniem w przypadku wymiany starej fabrycznej poduszki, kt\u00f3ra zu\u017cywa si\u0119 w czasie. Pomaga stabilizacji momentu obrotowego silnika i skrzyni bieg\u00f3w uk\u0142adu nap\u0119dowego zapewnia lepsz\u0105 reakcj\u0119.<\/p>\n<p>Ostatnio zastosowanie w silniku CA18DET kt\u00f3ry przy ci\u015bnieniu 1,65bara wykr\u0119ci\u0142 399KM.<br \/>\nPolecana podczas swapu na silnik SR20DET. Zalecana w Sporcie i Drifcie.<\/p>\n","protected":false},"excerpt":{"rendered":"<p>Poduszki silnika (solid) do Nissan 200sx S13 S14 CA18DET SR20DET Kiedy wzrasta moment obrotowy silnika powoduje nadmierne poruszanie si\u0119 -ta poduszka ca\u0142kowicie eliminuje ten efekt. To rozwi\u0105zanie pomaga zmniejszy\u0107 te obci\u0105\u017cenia , a tak\u017ce jest lepszym rozwi\u0105zaniem w przypadku wymiany starej fabrycznej poduszki, kt\u00f3ra zu\u017cywa si\u0119 w czasie. Pomaga stabilizacji momentu obrotowego silnika i skrzyni [&hellip;]<\/p>\n","protected":false},"featured_media":55,"template":"","meta":{"_seopress_robots_primary_cat":"none","_seopress_titles_title":"Poduszki silnika do Nissan 200sx S13 S14","_seopress_titles_desc":"Poduszki silnika do Nissan 200sx S13 S14 CA18DET SR20DET. Pomaga w stabilizacji momentu obrotowego silnika i skrzyni bieg\u00f3w.","_seopress_robots_index":"","inline_featured_image":false},"product_brand":[],"product_cat":[24,47],"product_tag":[48,40,49,50,51,52,53,54,55,56],"class_list":{"0":"post-42","1":"product","2":"type-product","3":"status-publish","4":"has-post-thumbnail","6":"product_cat-czesci-do-nissan","7":"product_cat-silnik-i-przeniesienie-napedu-do-nissan","8":"product_tag-200sx","9":"product_tag-drift","10":"product_tag-nissan","11":"product_tag-poduszka-silnika","12":"product_tag-poduszki-silnika","13":"product_tag-s13","14":"product_tag-s14","15":"product_tag-s14a","16":"product_tag-sr20det","17":"product_tag-swap","19":"first","20":"instock","21":"taxable","22":"shipping-taxable","23":"purchasable","24":"product-type-simple"},"_links":{"self":[{"href":"https:\/\/silverproject.eu\/pl\/wp-json\/wp\/v2\/product\/42","targetHints":{"allow":["GET"]}}],"collection":[{"href":"https:\/\/silverproject.eu\/pl\/wp-json\/wp\/v2\/product"}],"about":[{"href":"https:\/\/silverproject.eu\/pl\/wp-json\/wp\/v2\/types\/product"}],"wp:featuredmedia":[{"embeddable":true,"href":"https:\/\/silverproject.eu\/pl\/wp-json\/wp\/v2\/media\/55"}],"wp:attachment":[{"href":"https:\/\/silverproject.eu\/pl\/wp-json\/wp\/v2\/media?parent=42"}],"wp:term":[{"taxonomy":"product_brand","embeddable":true,"href":"https:\/\/silverproject.eu\/pl\/wp-json\/wp\/v2\/product_brand?post=42"},{"taxonomy":"product_cat","embeddable":true,"href":"https:\/\/silverproject.eu\/pl\/wp-json\/wp\/v2\/product_cat?post=42"},{"taxonomy":"product_tag","embeddable":true,"href":"https:\/\/silverproject.eu\/pl\/wp-json\/wp\/v2\/product_tag?post=42"}],"curies":[{"name":"wp","href":"https:\/\/api.w.org\/{rel}","templated":true}]}}