{"id":41,"date":"2018-12-03T18:01:35","date_gmt":"2018-12-03T17:01:35","guid":{"rendered":"https:\/\/silverproject.eu\/pl\/produkt\/import-placeholder-for-2564\/"},"modified":"2026-03-19T12:25:04","modified_gmt":"2026-03-19T11:25:04","slug":"tuleje-tylnego-wozka-do-nissan-200sx-s13s14-skyline-r33r34","status":"publish","type":"product","link":"https:\/\/silverproject.eu\/pl\/tuleje-tylnego-wozka-do-nissan-200sx-s13s14-skyline-r33r34\/","title":{"rendered":"Tuleje tylnego w\u00f3zka do Nissan 200sx S13,S14 Skyline R33,R34"},"content":{"rendered":"<p>Tuleje w\u00f3zka tylnego do nissana 200sx<br \/>\nS13 \/ S14 \/ S14a \/ S15<\/p>\n<p>oraz Skyline R33,R34<\/p>\n<p>Dost\u0119pne twardo\u015bci :70Sha (Czerwone) , 80ShA (\u017b\u00f3\u0142te) , 90ShA (Niebieskie)<br \/>\n70ShA &#8211; do jazdy na codzie\u0144<\/p>\n<p>Wersja SPORT twardo\u015b\u0107 80ShA &#8211; do sportu i dla tych co lubi\u0105 je\u017adzi\u0107 twardo po mie\u015bcie. Tuleje uniwersalne zapewniaj\u0105ce jeszcze komfort i zarazem dobr\u0105 stabilizacj\u0119 przy sportowym zaci\u0119ciu.<br \/>\noraz 90ShA &#8211; typowo na tor<br \/>\nKOMPLET ZAWIERA : -4 KOMPLETNE TULEJE Z PODK\u0141ADKAMI<\/p>\n<p>Je\u015bli w twoim aucie masz wra\u017cenie \u017ce auto podczas szybszej jazdy lata na wszystkie strony albo gdy ju\u017c wida\u0107 jak z seryjnych poduszek tylnego w\u00f3zka leci olej, to znaczy ,\u017ce czas wymieni\u0107 ten element i zapewni\u0107 sobie bezpiecze\u0144stwo i pewno\u015b\u0107 prowadzenia pojazdu na wiele wiele lat.<br \/>\nPolecana do ka\u017cdego auta . Zalecane r\u00f3wnie\u017c w Sporcie i Drifcie.<\/p>\n","protected":false},"excerpt":{"rendered":"<p>Tuleje w\u00f3zka tylnego do nissana 200sx S13 \/ S14 \/ S14a \/ S15 oraz Skyline R33,R34 Dost\u0119pne twardo\u015bci :70Sha (Czerwone) , 80ShA (\u017b\u00f3\u0142te) , 90ShA (Niebieskie) 70ShA &#8211; do jazdy na codzie\u0144 Wersja SPORT twardo\u015b\u0107 80ShA &#8211; do sportu i dla tych co lubi\u0105 je\u017adzi\u0107 twardo po mie\u015bcie. Tuleje uniwersalne zapewniaj\u0105ce jeszcze komfort i zarazem [&hellip;]<\/p>\n","protected":false},"featured_media":52,"template":"","meta":{"_seopress_robots_primary_cat":"none","_seopress_titles_title":"Tuleje tylnego w\u00f3zka do Nissan 200sx","_seopress_titles_desc":"Tuleje tylnego w\u00f3zka do Nissana 200sx S13,S14 Skyline R33,R34.","_seopress_robots_index":"","inline_featured_image":false},"product_brand":[],"product_cat":[24,46],"product_tag":[],"class_list":{"0":"post-41","1":"product","2":"type-product","3":"status-publish","4":"has-post-thumbnail","6":"product_cat-czesci-do-nissan","7":"product_cat-zawieszenie-do-nissan","9":"first","10":"instock","11":"taxable","12":"shipping-taxable","13":"purchasable","14":"product-type-variable"},"_links":{"self":[{"href":"https:\/\/silverproject.eu\/pl\/wp-json\/wp\/v2\/product\/41","targetHints":{"allow":["GET"]}}],"collection":[{"href":"https:\/\/silverproject.eu\/pl\/wp-json\/wp\/v2\/product"}],"about":[{"href":"https:\/\/silverproject.eu\/pl\/wp-json\/wp\/v2\/types\/product"}],"wp:featuredmedia":[{"embeddable":true,"href":"https:\/\/silverproject.eu\/pl\/wp-json\/wp\/v2\/media\/52"}],"wp:attachment":[{"href":"https:\/\/silverproject.eu\/pl\/wp-json\/wp\/v2\/media?parent=41"}],"wp:term":[{"taxonomy":"product_brand","embeddable":true,"href":"https:\/\/silverproject.eu\/pl\/wp-json\/wp\/v2\/product_brand?post=41"},{"taxonomy":"product_cat","embeddable":true,"href":"https:\/\/silverproject.eu\/pl\/wp-json\/wp\/v2\/product_cat?post=41"},{"taxonomy":"product_tag","embeddable":true,"href":"https:\/\/silverproject.eu\/pl\/wp-json\/wp\/v2\/product_tag?post=41"}],"curies":[{"name":"wp","href":"https:\/\/api.w.org\/{rel}","templated":true}]}}