{"id":398,"date":"2018-12-03T18:04:01","date_gmt":"2018-12-03T17:04:01","guid":{"rendered":"https:\/\/silverproject.eu\/pl\/produkt\/import-placeholder-for-4172\/"},"modified":"2025-05-08T13:12:55","modified_gmt":"2025-05-08T11:12:55","slug":"camber-plates-do-mitsubishi-3000-gt","status":"publish","type":"product","link":"https:\/\/silverproject.eu\/pl\/camber-plates-do-mitsubishi-3000-gt\/","title":{"rendered":"Camber plates do Mitsubishi 3000 GT"},"content":{"rendered":"<p>Camber plates do Mitsubishi 3000 GT<\/p>\n<p>Regulatory k\u0105t\u00f3w z mo\u017cliwo\u015bci\u0105 regulacji camber<\/p>\n<p><span class=\"st\">\u00a0<\/span><\/p>\n<p>(2 sztuki)<\/p>\n<h4><span style=\"color: #ff0000;\"><strong><span id=\"result_box\" lang=\"pl\"><a style=\"color: #ff0000;\" href=\"https:\/\/silverproject.eu\/pl\/wp-content\/uploads\/2024\/12\/inst.-camber-pl.pdf\">instrukcja monta\u017cu<\/a><\/span><\/strong><\/span><\/h4>\n<div><\/div>\n<h4><span style=\"color: #ff0000;\"><strong><span id=\"result_box\" lang=\"pl\"><a style=\"color: #ff0000;\" href=\"https:\/\/silverproject.eu\/pl\/wp-content\/uploads\/2024\/12\/parts-pl.pdf\">elementy camber plates<\/a><\/span><\/strong><\/span><\/h4>\n<div><\/div>\n<h4><span style=\"color: #ff0000;\"><strong><span id=\"result_box\" lang=\"pl\"><a style=\"color: #ff0000;\" href=\"https:\/\/silverproject.eu\/pl\/wp-content\/uploads\/2024\/12\/Nm-camber-caster-PL.pdf\">instrukcja ustawienia<\/a><\/span><\/strong><\/span><\/h4>\n<div><\/div>\n<h4><span style=\"color: #ff0000;\"><strong><span id=\"result_box\" lang=\"pl\"><a style=\"color: #ff0000;\" href=\"https:\/\/silverproject.eu\/pl\/wp-content\/uploads\/2024\/12\/material-certyf.pdf\">certyfikat materia\u0142owy<\/a><\/span><\/strong><\/span><\/h4>\n<div><\/div>\n<\/div>\n<p>dost\u0119pne kolory: Czarny mat , Niebieski mat<\/p>\n<p>Szpilki s\u0105 d\u0142u\u017csze ni\u017c oryginalne ,dzi\u0119ki czemu mo\u017cna bez problemu zamontowa\u0107 dobre rozp\u00f3rki.<br \/>\nInstalacja jest prosta &#8211; zdejmujemy seryjn\u0105 poduszk\u0119 amortyzatora i zak\u0142adamy camber plates.<br \/>\n\u0141o\u017cyska z wk\u0142adem teflonowym.<\/p>\n","protected":false},"excerpt":{"rendered":"<p>Camber plates Mitsubishi 3000 GT<\/p>\n","protected":false},"featured_media":436,"template":"","meta":{"_seopress_robots_primary_cat":"none","_seopress_titles_title":"Camber plates do Mitsubishi 3000 GT","_seopress_titles_desc":"Camber plates Mitsubishi 3000 GT. Szpilki s\u0105 d\u0142u\u017csze ni\u017c oryginalne ,dzi\u0119ki czemu mo\u017cna bez problemu zamontowa\u0107 dobre rozp\u00f3rki.","_seopress_robots_index":"","inline_featured_image":false},"product_brand":[],"product_cat":[28,120],"product_tag":[281,57,126,59],"class_list":{"0":"post-398","1":"product","2":"type-product","3":"status-publish","4":"has-post-thumbnail","6":"product_cat-czesci-do-mitsubishi","7":"product_cat-zawieszenie-do-mitsubishi","8":"product_tag-3000-gt","9":"product_tag-camber-plates","10":"product_tag-mitsubishi","11":"product_tag-regulator-katow","13":"first","14":"instock","15":"taxable","16":"shipping-taxable","17":"purchasable","18":"product-type-variable","19":"has-default-attributes"},"_links":{"self":[{"href":"https:\/\/silverproject.eu\/pl\/wp-json\/wp\/v2\/product\/398","targetHints":{"allow":["GET"]}}],"collection":[{"href":"https:\/\/silverproject.eu\/pl\/wp-json\/wp\/v2\/product"}],"about":[{"href":"https:\/\/silverproject.eu\/pl\/wp-json\/wp\/v2\/types\/product"}],"wp:featuredmedia":[{"embeddable":true,"href":"https:\/\/silverproject.eu\/pl\/wp-json\/wp\/v2\/media\/436"}],"wp:attachment":[{"href":"https:\/\/silverproject.eu\/pl\/wp-json\/wp\/v2\/media?parent=398"}],"wp:term":[{"taxonomy":"product_brand","embeddable":true,"href":"https:\/\/silverproject.eu\/pl\/wp-json\/wp\/v2\/product_brand?post=398"},{"taxonomy":"product_cat","embeddable":true,"href":"https:\/\/silverproject.eu\/pl\/wp-json\/wp\/v2\/product_cat?post=398"},{"taxonomy":"product_tag","embeddable":true,"href":"https:\/\/silverproject.eu\/pl\/wp-json\/wp\/v2\/product_tag?post=398"}],"curies":[{"name":"wp","href":"https:\/\/api.w.org\/{rel}","templated":true}]}}