{"id":395,"date":"2018-12-03T18:04:00","date_gmt":"2018-12-03T17:04:00","guid":{"rendered":"https:\/\/silverproject.eu\/pl\/produkt\/import-placeholder-for-4168\/"},"modified":"2025-01-13T18:41:58","modified_gmt":"2025-01-13T17:41:58","slug":"camber-plates-do-volkswagen-super-beetle-1974-79","status":"publish","type":"product","link":"https:\/\/silverproject.eu\/pl\/camber-plates-do-volkswagen-super-beetle-1974-79\/","title":{"rendered":"Camber Plates do Volkswagen Super Beetle 1974-79"},"content":{"rendered":"<p>Camber Plates do Volkswagen Super Beetle 1974-79<\/p>\n<p>Regulatory k\u0105t\u00f3w z mo\u017cliwo\u015bci\u0105 regulacji camber<\/p>\n<p><span class=\"st\">\u00a0<\/span><\/p>\n<h4><span style=\"color: #ff0000;\"><strong><span id=\"result_box\" lang=\"pl\"><a style=\"color: #ff0000;\" href=\"https:\/\/silverproject.eu\/pl\/wp-content\/uploads\/2024\/12\/inst.-camber-pl.pdf\">instrukcja monta\u017cu<\/a><\/span><\/strong><\/span><\/h4>\n<div><\/div>\n<h4><span style=\"color: #ff0000;\"><strong><span id=\"result_box\" lang=\"pl\"><a style=\"color: #ff0000;\" href=\"https:\/\/silverproject.eu\/pl\/wp-content\/uploads\/2024\/12\/parts-pl.pdf\">elementy camber plates<\/a><\/span><\/strong><\/span><\/h4>\n<div><\/div>\n<h4><span style=\"color: #ff0000;\"><strong><span id=\"result_box\" lang=\"pl\"><a style=\"color: #ff0000;\" href=\"https:\/\/silverproject.eu\/pl\/wp-content\/uploads\/2024\/12\/Nm-camber-caster-PL.pdf\">instrukcja ustawienia<\/a><\/span><\/strong><\/span><\/h4>\n<div><\/div>\n<h4><span style=\"color: #ff0000;\"><strong><span id=\"result_box\" lang=\"pl\"><a style=\"color: #ff0000;\" href=\"https:\/\/silverproject.eu\/pl\/wp-content\/uploads\/2024\/12\/material-certyf.pdf\">certyfikat materia\u0142owy<\/a><\/span><\/strong><\/span><\/h4>\n<div><\/div>\n<\/div>\n<p>(2 sztuki)<\/p>\n<p>dost\u0119pne kolory: Czarny mat , Niebieski mat<\/p>\n<p>Szpilki s\u0105 d\u0142u\u017csze ni\u017c oryginalne ,dzi\u0119ki czemu mo\u017cna bez problemu zamontowa\u0107 dobre rozp\u00f3rki.<br \/>\nInstalacja jest prosta &#8211; zdejmujemy seryjn\u0105 poduszk\u0119 amortyzatora i zak\u0142adamy camber plates.<br \/>\n\u0141o\u017cyska z wk\u0142adem teflonowym.<\/p>\n","protected":false},"excerpt":{"rendered":"<p>Camber Plates VW Golf MK1 prz\u00f3d 3D<\/p>\n<p>Regulatory k\u0105t\u00f3w z mo\u017cliwo\u015bci\u0105 regulacji caster i camber<br \/>\ncaster +9\u00b0 \/ 0\u00b0 \/ &#8211; 9\u00b0<\/p>\n<p>(2 sztuki)<\/p>\n","protected":false},"featured_media":428,"template":"","meta":{"_seopress_robots_primary_cat":"none","_seopress_titles_title":"Camber Plates do Volkswagen Super Beetle","_seopress_titles_desc":"Camber Plates Volkswagen Super Beetle 1974-79. Regulatory k\u0105t\u00f3w z mo\u017cliwo\u015bci\u0105 regulacji camber.","_seopress_robots_index":"","inline_featured_image":false},"product_brand":[],"product_cat":[38,144],"product_tag":[57,145,278,279,59,280,187],"class_list":{"0":"post-395","1":"product","2":"type-product","3":"status-publish","4":"has-post-thumbnail","6":"product_cat-czesci-do-vw","7":"product_cat-zawieszenie-do-vw","8":"product_tag-camber-plates","9":"product_tag-caster","10":"product_tag-garbi","11":"product_tag-garbus","12":"product_tag-regulator-katow","13":"product_tag-super-beetle","14":"product_tag-vw","16":"first","17":"instock","18":"taxable","19":"shipping-taxable","20":"purchasable","21":"product-type-variable","22":"has-default-attributes"},"_links":{"self":[{"href":"https:\/\/silverproject.eu\/pl\/wp-json\/wp\/v2\/product\/395","targetHints":{"allow":["GET"]}}],"collection":[{"href":"https:\/\/silverproject.eu\/pl\/wp-json\/wp\/v2\/product"}],"about":[{"href":"https:\/\/silverproject.eu\/pl\/wp-json\/wp\/v2\/types\/product"}],"wp:featuredmedia":[{"embeddable":true,"href":"https:\/\/silverproject.eu\/pl\/wp-json\/wp\/v2\/media\/428"}],"wp:attachment":[{"href":"https:\/\/silverproject.eu\/pl\/wp-json\/wp\/v2\/media?parent=395"}],"wp:term":[{"taxonomy":"product_brand","embeddable":true,"href":"https:\/\/silverproject.eu\/pl\/wp-json\/wp\/v2\/product_brand?post=395"},{"taxonomy":"product_cat","embeddable":true,"href":"https:\/\/silverproject.eu\/pl\/wp-json\/wp\/v2\/product_cat?post=395"},{"taxonomy":"product_tag","embeddable":true,"href":"https:\/\/silverproject.eu\/pl\/wp-json\/wp\/v2\/product_tag?post=395"}],"curies":[{"name":"wp","href":"https:\/\/api.w.org\/{rel}","templated":true}]}}