{"id":391,"date":"2018-12-03T18:04:00","date_gmt":"2018-12-03T17:04:00","guid":{"rendered":"https:\/\/silverproject.eu\/pl\/produkt\/import-placeholder-for-3749\/"},"modified":"2025-10-20T08:19:00","modified_gmt":"2025-10-20T06:19:00","slug":"poduszki-silnika-do-nissan-350z-oraz-infiniti-g35-fx35","status":"publish","type":"product","link":"https:\/\/silverproject.eu\/pl\/poduszki-silnika-do-nissan-350z-oraz-infiniti-g35-fx35\/","title":{"rendered":"Poduszki silnika do NISSAN 350Z oraz INFINITI G35 FX35"},"content":{"rendered":"<p>Poduszki silnika do NISSAN 350Z oraz INFINITI G35 FX35<br \/>\nPoliuretan 60ShA<br \/>\nNumer seryjnych poduszek to oem 11220-AM600 , 11220-AC000 , 11220-CD000<\/p>\n<p>Kiedy moc wzrasta moment obrotowy silnika powoduje nadmierne poruszanie si\u0119 -te poduszki ca\u0142kowicie eliminuj\u0119 ten efekt.<br \/>\nTo rozwi\u0105zanie pomaga zmniejszy\u0107 te obci\u0105\u017cenia , a tak\u017ce jest lepszym rozwi\u0105zaniem w przypadku wymiany starej fabrycznej poduszki , kt\u00f3re zu\u017cywaj\u0105 si\u0119 w czasie. Pomaga w stabilizacji momentu obrotowego silnika i uk\u0142adu nap\u0119dowego zapewnia lepsz\u0105 reakcj\u0119.<\/p>\n<p>Wykonane na zam\u00f3wienie klienta z uturbionym silnikiem.<\/p>\n<p>Polecana podczas tuningu silnika. . Zalecany w Sporcie i Drifcie.<br \/>\nZestaw zawiera lew\u0105 i praw\u0105 poduszk\u0119 silnika<br \/>\nPoduszki silnika do Nissana 350Z i Infiniti G35<\/p>\n","protected":false},"excerpt":{"rendered":"<p>Poduszki silnika do NISSAN 350Z oraz INFINITI G35 FX35 Poliuretan 60ShA Numer seryjnych poduszek to oem 11220-AM600 , 11220-AC000 , 11220-CD000 Kiedy moc wzrasta moment obrotowy silnika powoduje nadmierne poruszanie si\u0119 -te poduszki ca\u0142kowicie eliminuj\u0119 ten efekt. To rozwi\u0105zanie pomaga zmniejszy\u0107 te obci\u0105\u017cenia , a tak\u017ce jest lepszym rozwi\u0105zaniem w przypadku wymiany starej fabrycznej poduszki [&hellip;]<\/p>\n","protected":false},"featured_media":415,"template":"","meta":{"_seopress_robots_primary_cat":"none","_seopress_titles_title":"Poduszki silnika do NISSAN 350Z, INFINITI G35","_seopress_titles_desc":"Poduszki silnika do NISSAN 350Z oraz INFINITI G35 FX35. Numer seryjnych poduszek to oem 11220-AM600, 11220-AC000, 11220-CD000.","_seopress_robots_index":"","inline_featured_image":false},"product_brand":[],"product_cat":[24,47],"product_tag":[257,258,259,260,49,50,51],"class_list":{"0":"post-391","1":"product","2":"type-product","3":"status-publish","4":"has-post-thumbnail","6":"product_cat-czesci-do-nissan","7":"product_cat-silnik-i-przeniesienie-napedu-do-nissan","8":"product_tag-350z","9":"product_tag-fx35","10":"product_tag-g35","11":"product_tag-infiniti","12":"product_tag-nissan","13":"product_tag-poduszka-silnika","14":"product_tag-poduszki-silnika","16":"first","17":"instock","18":"taxable","19":"shipping-taxable","20":"purchasable","21":"product-type-simple"},"_links":{"self":[{"href":"https:\/\/silverproject.eu\/pl\/wp-json\/wp\/v2\/product\/391","targetHints":{"allow":["GET"]}}],"collection":[{"href":"https:\/\/silverproject.eu\/pl\/wp-json\/wp\/v2\/product"}],"about":[{"href":"https:\/\/silverproject.eu\/pl\/wp-json\/wp\/v2\/types\/product"}],"wp:featuredmedia":[{"embeddable":true,"href":"https:\/\/silverproject.eu\/pl\/wp-json\/wp\/v2\/media\/415"}],"wp:attachment":[{"href":"https:\/\/silverproject.eu\/pl\/wp-json\/wp\/v2\/media?parent=391"}],"wp:term":[{"taxonomy":"product_brand","embeddable":true,"href":"https:\/\/silverproject.eu\/pl\/wp-json\/wp\/v2\/product_brand?post=391"},{"taxonomy":"product_cat","embeddable":true,"href":"https:\/\/silverproject.eu\/pl\/wp-json\/wp\/v2\/product_cat?post=391"},{"taxonomy":"product_tag","embeddable":true,"href":"https:\/\/silverproject.eu\/pl\/wp-json\/wp\/v2\/product_tag?post=391"}],"curies":[{"name":"wp","href":"https:\/\/api.w.org\/{rel}","templated":true}]}}