{"id":390,"date":"2018-12-03T18:04:00","date_gmt":"2018-12-03T17:04:00","guid":{"rendered":"https:\/\/silverproject.eu\/pl\/produkt\/import-placeholder-for-3741\/"},"modified":"2026-04-16T15:05:08","modified_gmt":"2026-04-16T13:05:08","slug":"regulatory-camber-plates-do-mercedesa-w124-w201-w190","status":"publish","type":"product","link":"https:\/\/silverproject.eu\/pl\/regulatory-camber-plates-do-mercedesa-w124-w201-w190\/","title":{"rendered":"Regulatory CAMBER PLATES do Mercedesa W124 W201 W190"},"content":{"rendered":"<p>Camber plates do Mercedesa<br \/>\nz \u0142o\u017cyskami z wk\u0142adem teflonowym<br \/>\nW kolorze czarny mat.<\/p>\n<h4><span style=\"color: #ff0000;\"><strong><span id=\"result_box\" lang=\"pl\"><a style=\"color: #ff0000;\" href=\"https:\/\/silverproject.eu\/pl\/wp-content\/uploads\/2024\/12\/inst.-camber-pl.pdf\">instrukcja monta\u017cu<\/a><\/span><\/strong><\/span><\/h4>\n<div><\/div>\n<h4><span style=\"color: #ff0000;\"><strong><span id=\"result_box\" lang=\"pl\"><a style=\"color: #ff0000;\" href=\"https:\/\/silverproject.eu\/pl\/wp-content\/uploads\/2024\/12\/parts-pl.pdf\">elementy camber plates<\/a><\/span><\/strong><\/span><\/h4>\n<div><\/div>\n<h4><span style=\"color: #ff0000;\"><strong><span id=\"result_box\" lang=\"pl\"><a style=\"color: #ff0000;\" href=\"https:\/\/silverproject.eu\/pl\/wp-content\/uploads\/2024\/12\/Nm-camber-caster-PL.pdf\">instrukcja ustawienia<\/a><\/span><\/strong><\/span><\/h4>\n<div><\/div>\n<h4><span style=\"color: #ff0000;\"><strong><span id=\"result_box\" lang=\"pl\"><a style=\"color: #ff0000;\" href=\"https:\/\/silverproject.eu\/pl\/wp-content\/uploads\/2024\/12\/material-certyf.pdf\">certyfikat materia\u0142owy<\/a><\/span><\/strong><\/span><\/h4>\n<div><\/div>\n<\/div>\n<p>Wszystkie detale ocynkowane i malowane proszkowo<br \/>\nSkala naniesiona przy pomocy lasera<br \/>\n&#8211; dla idealnego ustawiania pochylenia ko\u0142a<\/p>\n<p>Po wymianie precyzyjniejsze prowadzenie samochodu<br \/>\noraz<br \/>\nmo\u017cliwo\u015b\u0107 zmiany pochylenia ko\u0142a +1,5 -1,5 stopnie<br \/>\nDo jazdy na co dzie\u0144 jak i do sportu.<\/p>\n<p>Podana cena jest cena za komplet<br \/>\nPasuj\u0105 do<br \/>\nW124<br \/>\nC124 COUPE<br \/>\nC124<br \/>\nA124<br \/>\nW190<br \/>\nW201<\/p>\n<p>Polecana do obni\u017conych aut i do sportu .<\/p>\n","protected":false},"excerpt":{"rendered":"<p>Camber plates do Mercedesa z \u0142o\u017cyskami z wk\u0142adem teflonowym W kolorze czarny mat. instrukcja monta\u017cu elementy camber plates instrukcja ustawienia certyfikat materia\u0142owy Wszystkie detale ocynkowane i malowane proszkowo Skala naniesiona przy pomocy lasera &#8211; dla idealnego ustawiania pochylenia ko\u0142a Po wymianie precyzyjniejsze prowadzenie samochodu oraz mo\u017cliwo\u015b\u0107 zmiany pochylenia ko\u0142a +1,5 -1,5 stopnie Do jazdy na [&hellip;]<\/p>\n","protected":false},"featured_media":412,"template":"","meta":{"_seopress_robots_primary_cat":"none","_seopress_titles_title":"Regulatory CAMBER PLATES do Mercedesa W124 W201 W190 SilverProject.eu","_seopress_titles_desc":"Regulatory CAMBER PLATES do Mercedesa W124 W201 W190 Camber plates do Mercedesa z \u0142o\u017cyskami z wk\u0142adem teflonowym W kolorze czarny mat.","_seopress_robots_index":"","inline_featured_image":false},"product_brand":[],"product_cat":[26,238],"product_tag":[57,240,255,241,256,242],"class_list":{"0":"post-390","1":"product","2":"type-product","3":"status-publish","4":"has-post-thumbnail","6":"product_cat-czesci-do-mercedes-benz","7":"product_cat-zawieszenie-do-mercedes-benz","8":"product_tag-camber-plates","9":"product_tag-mercedes","10":"product_tag-regulatory-katow","11":"product_tag-w124","12":"product_tag-w190","13":"product_tag-w201","15":"first","16":"instock","17":"taxable","18":"shipping-taxable","19":"purchasable","20":"product-type-simple"},"_links":{"self":[{"href":"https:\/\/silverproject.eu\/pl\/wp-json\/wp\/v2\/product\/390","targetHints":{"allow":["GET"]}}],"collection":[{"href":"https:\/\/silverproject.eu\/pl\/wp-json\/wp\/v2\/product"}],"about":[{"href":"https:\/\/silverproject.eu\/pl\/wp-json\/wp\/v2\/types\/product"}],"wp:featuredmedia":[{"embeddable":true,"href":"https:\/\/silverproject.eu\/pl\/wp-json\/wp\/v2\/media\/412"}],"wp:attachment":[{"href":"https:\/\/silverproject.eu\/pl\/wp-json\/wp\/v2\/media?parent=390"}],"wp:term":[{"taxonomy":"product_brand","embeddable":true,"href":"https:\/\/silverproject.eu\/pl\/wp-json\/wp\/v2\/product_brand?post=390"},{"taxonomy":"product_cat","embeddable":true,"href":"https:\/\/silverproject.eu\/pl\/wp-json\/wp\/v2\/product_cat?post=390"},{"taxonomy":"product_tag","embeddable":true,"href":"https:\/\/silverproject.eu\/pl\/wp-json\/wp\/v2\/product_tag?post=390"}],"curies":[{"name":"wp","href":"https:\/\/api.w.org\/{rel}","templated":true}]}}