{"id":389,"date":"2018-12-03T18:03:59","date_gmt":"2018-12-03T17:03:59","guid":{"rendered":"https:\/\/silverproject.eu\/pl\/produkt\/import-placeholder-for-3735\/"},"modified":"2024-05-10T10:22:21","modified_gmt":"2024-05-10T08:22:21","slug":"poduszki-silnika-do-bmw-e30-drift-kjs","status":"publish","type":"product","link":"https:\/\/silverproject.eu\/pl\/poduszki-silnika-do-bmw-e30-drift-kjs\/","title":{"rendered":"Poduszki silnika do BMW e30 Drift KJS"},"content":{"rendered":"<p>Engine Mount Solid dla BMW E30 engine M20 i M21 BMW 3 &#8211; E30 320 i \/ 323 i \/324 td \/ 325 i, e,<\/p>\n<p>Kiedy moc wzrasta moment obrotowy silnika powoduje nadmierne poruszanie si\u0119 -te poduszki ca\u0142kowicie eliminuj\u0105 ten efekt.<br \/>\nTo rozwi\u0105zanie pomaga zmniejszy\u0107 te obci\u0105\u017cenia, a tak\u017ce jest lepszym rozwi\u0105zaniem w przypadku wymiany starej fabrycznej poduszki, kt\u00f3re zu\u017cywaj\u0105 si\u0119 w czasie. Pomaga stabilizacji momentu obrotowego silnika i uk\u0142adu nap\u0119dowego zapewnia lepsz\u0105 reakcj\u0119.<\/p>\n<p>Ostatnio mamy bardzo wielu zadowolonych klient\u00f3w z Niemiec<\/p>\n<p>Polecana podczas swapu silnika. Zalecany r\u00f3wnie\u017c w Sporcie i Drifcie.<\/p>\n<p>Zestaw zawiera lew\u0105 i praw\u0105 poduszk\u0119 silnika<\/p>\n","protected":false},"excerpt":{"rendered":"<p>Engine Mount Solid dla BMW E30 engine M20 i M21 BMW 3 &#8211; E30 320 i \/ 323 i \/324 td \/ 325 i, e, Kiedy moc wzrasta moment obrotowy silnika powoduje nadmierne poruszanie si\u0119 -te poduszki ca\u0142kowicie eliminuj\u0105 ten efekt. To rozwi\u0105zanie pomaga zmniejszy\u0107 te obci\u0105\u017cenia, a tak\u017ce jest lepszym rozwi\u0105zaniem w przypadku wymiany [&hellip;]<\/p>\n","protected":false},"featured_media":410,"template":"","meta":{"_seopress_robots_primary_cat":"none","_seopress_titles_title":"Poduszki silnika do BMW e30 Drift KJS","_seopress_titles_desc":"Poduszki silnika do BMW e30 drift Engine Mount Solid dla BMW E30 engine M20 i M21 BMW 3 - E30 320 i \/ 323 i \/324 td \/ 325 i, e.","_seopress_robots_index":"","inline_featured_image":false},"product_brand":[],"product_cat":[18,156],"product_tag":[251,252,64,253,254,50,136,137],"class_list":{"0":"post-389","1":"product","2":"type-product","3":"status-publish","4":"has-post-thumbnail","6":"product_cat-czesci-do-bmw","7":"product_cat-silnik-i-przeniesienie-napedu-do-bmw","8":"product_tag-320i","9":"product_tag-323i","10":"product_tag-e30","11":"product_tag-m20","12":"product_tag-m21","13":"product_tag-poduszka-silnika","14":"product_tag-poduszki","15":"product_tag-silnika","17":"first","18":"instock","19":"taxable","20":"shipping-taxable","21":"purchasable","22":"product-type-simple"},"_links":{"self":[{"href":"https:\/\/silverproject.eu\/pl\/wp-json\/wp\/v2\/product\/389","targetHints":{"allow":["GET"]}}],"collection":[{"href":"https:\/\/silverproject.eu\/pl\/wp-json\/wp\/v2\/product"}],"about":[{"href":"https:\/\/silverproject.eu\/pl\/wp-json\/wp\/v2\/types\/product"}],"wp:featuredmedia":[{"embeddable":true,"href":"https:\/\/silverproject.eu\/pl\/wp-json\/wp\/v2\/media\/410"}],"wp:attachment":[{"href":"https:\/\/silverproject.eu\/pl\/wp-json\/wp\/v2\/media?parent=389"}],"wp:term":[{"taxonomy":"product_brand","embeddable":true,"href":"https:\/\/silverproject.eu\/pl\/wp-json\/wp\/v2\/product_brand?post=389"},{"taxonomy":"product_cat","embeddable":true,"href":"https:\/\/silverproject.eu\/pl\/wp-json\/wp\/v2\/product_cat?post=389"},{"taxonomy":"product_tag","embeddable":true,"href":"https:\/\/silverproject.eu\/pl\/wp-json\/wp\/v2\/product_tag?post=389"}],"curies":[{"name":"wp","href":"https:\/\/api.w.org\/{rel}","templated":true}]}}