{"id":216,"date":"2018-12-03T18:02:42","date_gmt":"2018-12-03T17:02:42","guid":{"rendered":"https:\/\/silverproject.eu\/pl\/produkt\/import-placeholder-for-2653\/"},"modified":"2026-03-17T08:48:57","modified_gmt":"2026-03-17T07:48:57","slug":"drazki-regulowane-nissan-200sx-s13-s14-skyline-r33","status":"publish","type":"product","link":"https:\/\/silverproject.eu\/pl\/drazki-regulowane-nissan-200sx-s13-s14-skyline-r33\/","title":{"rendered":"Dr\u0105\u017cki regulowane do Nissan 200SX, S13, S14"},"content":{"rendered":"<h4><span style=\"color: #ff0000;\"><strong><span id=\"result_box\" lang=\"pl\"><a style=\"color: #ff0000;\" href=\"https:\/\/silverproject.eu\/pl\/wp-content\/uploads\/2024\/12\/inst.-wahacz-pl.pdf\">instrukcja monta\u017cu<\/a><\/span><\/strong><\/span><\/h4>\n<div><\/div>\n<h4><span style=\"color: #ff0000;\"><strong><span id=\"result_box\" lang=\"pl\"><a style=\"color: #ff0000;\" href=\"       \">certyfikat materia\u0142owy<\/a><\/span><\/strong><\/span><\/h4>\n<div><\/div>\n<\/div>\n<p>Dr\u0105\u017cki regulowane na poliuretanie do zmiany k\u0105ta pochylenia tylnego ko\u0142a do Nissana 200SX, S13, S14 oraz Skyline R33.<\/p>\n","protected":false},"excerpt":{"rendered":"<p>instrukcja monta\u017cu certyfikat materia\u0142owy Dr\u0105\u017cki regulowane na poliuretanie do zmiany k\u0105ta pochylenia tylnego ko\u0142a do Nissana 200SX, S13, S14 oraz Skyline R33.<\/p>\n","protected":false},"featured_media":332,"template":"","meta":{"_seopress_robots_primary_cat":"none","_seopress_titles_title":"Dr\u0105\u017cki regulowane do Nissan 200SX, S13, S14","_seopress_titles_desc":"Dr\u0105\u017cki regulowane na poliuretanie do zmiany k\u0105ta pochylenia tylnego ko\u0142a do Nissana 200SX, S13, S14 oraz Skyline R33.","_seopress_robots_index":"","inline_featured_image":false},"product_brand":[],"product_cat":[24,46],"product_tag":[233,48,49,151,110,52,53,179,113],"class_list":{"0":"post-216","1":"product","2":"type-product","3":"status-publish","4":"has-post-thumbnail","6":"product_cat-czesci-do-nissan","7":"product_cat-zawieszenie-do-nissan","8":"product_tag-180sx","9":"product_tag-200sx","10":"product_tag-nissan","11":"product_tag-ps13","12":"product_tag-r33","13":"product_tag-s13","14":"product_tag-s14","15":"product_tag-silvia","16":"product_tag-skyline","18":"first","19":"instock","20":"taxable","21":"shipping-taxable","22":"purchasable","23":"product-type-variable"},"_links":{"self":[{"href":"https:\/\/silverproject.eu\/pl\/wp-json\/wp\/v2\/product\/216","targetHints":{"allow":["GET"]}}],"collection":[{"href":"https:\/\/silverproject.eu\/pl\/wp-json\/wp\/v2\/product"}],"about":[{"href":"https:\/\/silverproject.eu\/pl\/wp-json\/wp\/v2\/types\/product"}],"wp:featuredmedia":[{"embeddable":true,"href":"https:\/\/silverproject.eu\/pl\/wp-json\/wp\/v2\/media\/332"}],"wp:attachment":[{"href":"https:\/\/silverproject.eu\/pl\/wp-json\/wp\/v2\/media?parent=216"}],"wp:term":[{"taxonomy":"product_brand","embeddable":true,"href":"https:\/\/silverproject.eu\/pl\/wp-json\/wp\/v2\/product_brand?post=216"},{"taxonomy":"product_cat","embeddable":true,"href":"https:\/\/silverproject.eu\/pl\/wp-json\/wp\/v2\/product_cat?post=216"},{"taxonomy":"product_tag","embeddable":true,"href":"https:\/\/silverproject.eu\/pl\/wp-json\/wp\/v2\/product_tag?post=216"}],"curies":[{"name":"wp","href":"https:\/\/api.w.org\/{rel}","templated":true}]}}