{"id":215,"date":"2018-12-03T18:02:41","date_gmt":"2018-12-03T17:02:41","guid":{"rendered":"https:\/\/silverproject.eu\/pl\/produkt\/import-placeholder-for-2650\/"},"modified":"2025-01-13T19:02:11","modified_gmt":"2025-01-13T18:02:11","slug":"tuleje-wozka-tylnego-do-nissana-200sx-s12-and-300zx-z31","status":"publish","type":"product","link":"https:\/\/silverproject.eu\/pl\/tuleje-wozka-tylnego-do-nissana-200sx-s12-and-300zx-z31\/","title":{"rendered":"Tuleje w\u00f3zka tylnego do Nissana 200sx S12 and 300ZX Z31"},"content":{"rendered":"<p>Tuleje w\u00f3zka tylnego do Nissana 200sx S12 and 300ZX Z31<br \/>\nTwardo\u015b\u0107\u00a0<strong>75sha<\/strong> lub <strong>95sha<\/strong>. Do jazdy na co dzie\u0144 jak i do sportu.<\/p>\n<p><strong>KOMPLET ZAWIERA : Dwie kompletne tuleje.<\/strong><\/p>\n<p>Je\u015bli w twoim aucie masz wra\u017cenie, \u017ce auto podczas szybszej jazdy lata na wszystkie strony albo gdy ju\u017c wida\u0107 jak z seryjnych poduszek tylnego w\u00f3zka leci olej, to znaczy \u017ce czas wymieni\u0107 ten element i zapewni\u0107 sobie bezpiecze\u0144stwo i pewno\u015b\u0107 prowadzenia pojazdu na wiele wiele lat.<\/p>\n<p>Wersja SPORT twardo\u015b\u0107 75ShA (czerowne) &#8211; do sportu i dla tych co lubi\u0105 je\u017adzi\u0107 twardo po mie\u015bcie. Tuleje uniwersalne zapewniaj\u0105ce jeszcze komfort i zarazem dobr\u0105 stabilizacj\u0119 przy sportowym zaci\u0119ciu.<\/p>\n<p>Wersja HARD SPORT twardo\u015b\u0107 95ShA (\u017c\u00f3\u0142te) -zapewniaj\u0105ca bardzo wysok\u0105 stabilno\u015b\u0107 i s\u0105 dla tych co je\u017adzi\u0107 w sporcie. S\u0105 odpowiednikiem aluminiowych tulei sportowych. Tuleje niesamowicie twarde = odczuwalny jest ka\u017cdy ruch auta. U\u017cywane w Drifcie \/ oraz 1\/4 mili.<\/p>\n","protected":false},"excerpt":{"rendered":"<p>Tuleje w\u00f3zka tylnego do Nissana 200sx S12 and 300ZX Z31 Twardo\u015b\u0107\u00a075sha lub 95sha. Do jazdy na co dzie\u0144 jak i do sportu. KOMPLET ZAWIERA : Dwie kompletne tuleje. Je\u015bli w twoim aucie masz wra\u017cenie, \u017ce auto podczas szybszej jazdy lata na wszystkie strony albo gdy ju\u017c wida\u0107 jak z seryjnych poduszek tylnego w\u00f3zka leci olej, [&hellip;]<\/p>\n","protected":false},"featured_media":307,"template":"","meta":{"_seopress_robots_primary_cat":"none","_seopress_titles_title":"Tuleje w\u00f3zka tylnego do Nissana 200sx S12 and 300ZX Z31 - SilverProject.eu","_seopress_titles_desc":"Tuleje w\u00f3zka tylnego do Nissana 200sx S12 and 300ZX Z31. Twardo\u015b\u0107 75sha lub 95sha. Do jazdy na co dzie\u0144\u0084 jak i do sportu.","_seopress_robots_index":"","inline_featured_image":false},"product_brand":[],"product_cat":[24,47,46],"product_tag":[48,228,49,229,159,230,231,232],"class_list":{"0":"post-215","1":"product","2":"type-product","3":"status-publish","4":"has-post-thumbnail","6":"product_cat-czesci-do-nissan","7":"product_cat-silnik-i-przeniesienie-napedu-do-nissan","8":"product_cat-zawieszenie-do-nissan","9":"product_tag-200sx","10":"product_tag-300zx","11":"product_tag-nissan","12":"product_tag-s12","13":"product_tag-tuleja","14":"product_tag-tylnego","15":"product_tag-wozka","16":"product_tag-z31","18":"first","19":"instock","20":"taxable","21":"shipping-taxable","22":"purchasable","23":"product-type-variable"},"_links":{"self":[{"href":"https:\/\/silverproject.eu\/pl\/wp-json\/wp\/v2\/product\/215","targetHints":{"allow":["GET"]}}],"collection":[{"href":"https:\/\/silverproject.eu\/pl\/wp-json\/wp\/v2\/product"}],"about":[{"href":"https:\/\/silverproject.eu\/pl\/wp-json\/wp\/v2\/types\/product"}],"wp:featuredmedia":[{"embeddable":true,"href":"https:\/\/silverproject.eu\/pl\/wp-json\/wp\/v2\/media\/307"}],"wp:attachment":[{"href":"https:\/\/silverproject.eu\/pl\/wp-json\/wp\/v2\/media?parent=215"}],"wp:term":[{"taxonomy":"product_brand","embeddable":true,"href":"https:\/\/silverproject.eu\/pl\/wp-json\/wp\/v2\/product_brand?post=215"},{"taxonomy":"product_cat","embeddable":true,"href":"https:\/\/silverproject.eu\/pl\/wp-json\/wp\/v2\/product_cat?post=215"},{"taxonomy":"product_tag","embeddable":true,"href":"https:\/\/silverproject.eu\/pl\/wp-json\/wp\/v2\/product_tag?post=215"}],"curies":[{"name":"wp","href":"https:\/\/api.w.org\/{rel}","templated":true}]}}