{"id":214,"date":"2018-12-03T18:02:41","date_gmt":"2018-12-03T17:02:41","guid":{"rendered":"https:\/\/silverproject.eu\/pl\/produkt\/import-placeholder-for-2648\/"},"modified":"2026-01-21T14:16:25","modified_gmt":"2026-01-21T13:16:25","slug":"regulatory-katow-camber-plates-do-vw-polo-9n","status":"publish","type":"product","link":"https:\/\/silverproject.eu\/pl\/regulatory-katow-camber-plates-do-vw-polo-9n\/","title":{"rendered":"Regulatory k\u0105t\u00f3w CAMBER PLATES do VW POLO 9N"},"content":{"rendered":"<p>Przednie Camber Plates<\/p>\n<h4><span style=\"color: #ff0000;\"><strong><span id=\"result_box\" lang=\"pl\"><a style=\"color: #ff0000;\" href=\"https:\/\/silverproject.eu\/pl\/wp-content\/uploads\/2024\/12\/inst.-camber-pl.pdf\">instrukcja monta\u017cu<\/a><\/span><\/strong><\/span><\/h4>\n<div><\/div>\n<h4><span style=\"color: #ff0000;\"><strong><span id=\"result_box\" lang=\"pl\"><a style=\"color: #ff0000;\" href=\"https:\/\/silverproject.eu\/pl\/wp-content\/uploads\/2024\/12\/parts-pl.pdf\">elementy camber plates<\/a><\/span><\/strong><\/span><\/h4>\n<div><\/div>\n<h4><span style=\"color: #ff0000;\"><strong><span id=\"result_box\" lang=\"pl\"><a style=\"color: #ff0000;\" href=\"https:\/\/silverproject.eu\/pl\/wp-content\/uploads\/2024\/12\/Nm-camber-caster-PL.pdf\">instrukcja ustawienia<\/a><\/span><\/strong><\/span><\/h4>\n<div><\/div>\n<h4><span style=\"color: #ff0000;\"><strong><span id=\"result_box\" lang=\"pl\"><a style=\"color: #ff0000;\" href=\"https:\/\/silverproject.eu\/pl\/wp-content\/uploads\/2024\/12\/material-certyf.pdf\">certyfikat materia\u0142owy<\/a><\/span><\/strong><\/span><\/h4>\n<div><\/div>\n<p>Pasuj\u0105 pod amortyzator gdzie wewn\u0119trzna \u015brednica spr\u0119\u017cyny to 80mm<\/p>\n<p>Do wyboru kolor : niebieski mat, czarny mat, czerwony mat<\/p>\n<p>Pasuj\u0105 do nastepuj\u0105cych samochod\u00f3w:<\/p>\n<ul>\n<li>VW POLO 9N<\/li>\n<li>VW POLO SEDAN 9A4<\/li>\n<\/ul>\n<p>(Zestaw 2 sztuki)<\/p>\n<p>Pasuj\u0105 pod seryjny amortyzator<\/p>\n<p>Od 0 do -2\u00b0 negatywnego cambera<\/p>\n","protected":false},"excerpt":{"rendered":"<p>Przednie Camber Plates instrukcja monta\u017cu elementy camber plates instrukcja ustawienia certyfikat materia\u0142owy Pasuj\u0105 pod amortyzator gdzie wewn\u0119trzna \u015brednica spr\u0119\u017cyny to 80mm Do wyboru kolor : niebieski mat, czarny mat, czerwony mat Pasuj\u0105 do nastepuj\u0105cych samochod\u00f3w: VW POLO 9N VW POLO SEDAN 9A4 (Zestaw 2 sztuki) Pasuj\u0105 pod seryjny amortyzator Od 0 do -2\u00b0 negatywnego cambera<\/p>\n","protected":false},"featured_media":301,"template":"","meta":{"_seopress_robots_primary_cat":"none","_seopress_titles_title":"Regulatory k\u0105t\u00f3w CAMBER PLATES do VW POLO 9N","_seopress_titles_desc":"Regulatory k\u0105t\u00f3w CAMBER PLATES do VW POLO 9N","_seopress_robots_index":"","inline_featured_image":false},"product_brand":[],"product_cat":[16,30,32,38,182,225,143,144],"product_tag":[226,57,59,227],"class_list":{"0":"post-214","1":"product","2":"type-product","3":"status-publish","4":"has-post-thumbnail","6":"product_cat-czesci-do-audi","7":"product_cat-czesci-do-seat","8":"product_cat-czesci-do-skoda","9":"product_cat-czesci-do-vw","10":"product_cat-zawieszenie-do-audi","11":"product_cat-zawieszenie-do-skoda","12":"product_cat-zawieszenie-do-seat","13":"product_cat-zawieszenie-do-vw","14":"product_tag-9n","15":"product_tag-camber-plates","16":"product_tag-regulator-katow","17":"product_tag-vw-polo","19":"first","20":"instock","21":"taxable","22":"shipping-taxable","23":"purchasable","24":"product-type-variable","25":"has-default-attributes"},"_links":{"self":[{"href":"https:\/\/silverproject.eu\/pl\/wp-json\/wp\/v2\/product\/214","targetHints":{"allow":["GET"]}}],"collection":[{"href":"https:\/\/silverproject.eu\/pl\/wp-json\/wp\/v2\/product"}],"about":[{"href":"https:\/\/silverproject.eu\/pl\/wp-json\/wp\/v2\/types\/product"}],"wp:featuredmedia":[{"embeddable":true,"href":"https:\/\/silverproject.eu\/pl\/wp-json\/wp\/v2\/media\/301"}],"wp:attachment":[{"href":"https:\/\/silverproject.eu\/pl\/wp-json\/wp\/v2\/media?parent=214"}],"wp:term":[{"taxonomy":"product_brand","embeddable":true,"href":"https:\/\/silverproject.eu\/pl\/wp-json\/wp\/v2\/product_brand?post=214"},{"taxonomy":"product_cat","embeddable":true,"href":"https:\/\/silverproject.eu\/pl\/wp-json\/wp\/v2\/product_cat?post=214"},{"taxonomy":"product_tag","embeddable":true,"href":"https:\/\/silverproject.eu\/pl\/wp-json\/wp\/v2\/product_tag?post=214"}],"curies":[{"name":"wp","href":"https:\/\/api.w.org\/{rel}","templated":true}]}}