{"id":212,"date":"2018-12-03T18:02:41","date_gmt":"2018-12-03T17:02:41","guid":{"rendered":"https:\/\/silverproject.eu\/pl\/produkt\/import-placeholder-for-2644\/"},"modified":"2026-02-19T11:54:52","modified_gmt":"2026-02-19T10:54:52","slug":"uszczelka-termiczna-do-honda-02-06-k20","status":"publish","type":"product","link":"https:\/\/silverproject.eu\/pl\/uszczelka-termiczna-do-honda-02-06-k20\/","title":{"rendered":"USZCZELKA TERMICZNA do HONDA 02-06 K20"},"content":{"rendered":"<p>USZCZELKA TERMICZNA do HONDA 02-06 K20<br \/>\n&#8211; ZNACZNIE REDUKUJE TEMPERATUR\u0118 KOLEKTORA SS\u0104CEGO<\/p>\n<p>-WI\u0118KSZA MOC<br \/>\n&#8211; IDEALNY NA CO DZIE\u0143,NA ULIC\u0118 I NA WY\u015aCIGI<br \/>\n&#8211; MAKSYMALNA TEMPERATURA 500\u00b0F\/260\u00b0C<br \/>\n-BARDZO PROSTA INSTALACJA.<br \/>\n&#8211; PRECYZYJNE CI\u0118CIE LASEREM<\/p>\n","protected":false},"excerpt":{"rendered":"<p>USZCZELKA TERMICZNA do HONDA 02-06 K20 &#8211; ZNACZNIE REDUKUJE TEMPERATUR\u0118 KOLEKTORA SS\u0104CEGO -WI\u0118KSZA MOC &#8211; IDEALNY NA CO DZIE\u0143,NA ULIC\u0118 I NA WY\u015aCIGI &#8211; MAKSYMALNA TEMPERATURA 500\u00b0F\/260\u00b0C -BARDZO PROSTA INSTALACJA. &#8211; PRECYZYJNE CI\u0118CIE LASEREM<\/p>\n","protected":false},"featured_media":299,"template":"","meta":{"_seopress_robots_primary_cat":"none","_seopress_titles_title":"USZCZELKA TERMICZNA do HONDA 02-06","_seopress_titles_desc":"USZCZELKA TERMICZNA do HONDA 02-06 K20 - ZNACZNIE REDUKUJE TEMPERATUR\u0118 KOLEKTORA SS\u0104CEGO","_seopress_robots_index":"","inline_featured_image":false},"product_brand":[],"product_cat":[22,97,73],"product_tag":[100,223,202,210],"class_list":{"0":"post-212","1":"product","2":"type-product","3":"status-publish","4":"has-post-thumbnail","6":"product_cat-czesci-do-honda","7":"product_cat-silnik-i-przeniesienie-napedu-do-honda","8":"product_cat-uklad-dolotowy-do-honda","9":"product_tag-honda","10":"product_tag-k20","11":"product_tag-uszczelka","12":"product_tag-uszczelka-termiczna","14":"first","15":"instock","16":"taxable","17":"shipping-taxable","18":"purchasable","19":"product-type-simple"},"_links":{"self":[{"href":"https:\/\/silverproject.eu\/pl\/wp-json\/wp\/v2\/product\/212","targetHints":{"allow":["GET"]}}],"collection":[{"href":"https:\/\/silverproject.eu\/pl\/wp-json\/wp\/v2\/product"}],"about":[{"href":"https:\/\/silverproject.eu\/pl\/wp-json\/wp\/v2\/types\/product"}],"wp:featuredmedia":[{"embeddable":true,"href":"https:\/\/silverproject.eu\/pl\/wp-json\/wp\/v2\/media\/299"}],"wp:attachment":[{"href":"https:\/\/silverproject.eu\/pl\/wp-json\/wp\/v2\/media?parent=212"}],"wp:term":[{"taxonomy":"product_brand","embeddable":true,"href":"https:\/\/silverproject.eu\/pl\/wp-json\/wp\/v2\/product_brand?post=212"},{"taxonomy":"product_cat","embeddable":true,"href":"https:\/\/silverproject.eu\/pl\/wp-json\/wp\/v2\/product_cat?post=212"},{"taxonomy":"product_tag","embeddable":true,"href":"https:\/\/silverproject.eu\/pl\/wp-json\/wp\/v2\/product_tag?post=212"}],"curies":[{"name":"wp","href":"https:\/\/api.w.org\/{rel}","templated":true}]}}