{"id":210,"date":"2018-12-03T18:02:41","date_gmt":"2018-12-03T17:02:41","guid":{"rendered":"https:\/\/silverproject.eu\/pl\/produkt\/import-placeholder-for-2642\/"},"modified":"2022-05-17T10:51:56","modified_gmt":"2022-05-17T08:51:56","slug":"uszczelka-termiczna-do-honda-integra","status":"publish","type":"product","link":"https:\/\/silverproject.eu\/pl\/uszczelka-termiczna-do-honda-integra\/","title":{"rendered":"USZCZELKA TERMICZNA do HONDA Integra"},"content":{"rendered":"<p>USZCZELKA TERMICZNA do B18C1 Integra 94-01 HONDA<br \/>\n&#8211; ZNACZNIE REDUKUJE TEMPERATUR\u0118\u0098 KOLEKTORA SS\u0104CEGO<\/p>\n<p>-WI\u0118KSZA MOC<br \/>\n&#8211; IDEALNY NA CO DZIE\u0143 NA ULIC\u0118 I NA WY\u015aCIGI<br \/>\n&#8211; MAKSYMALNA TEMPERATURA 500\u00b0F\/260\u00b0C<br \/>\n-BARDZO PROSTA INSTALACJA.<br \/>\n&#8211; PRECYZYJNE CI\u0118CIE LASEREM<\/p>\n","protected":false},"excerpt":{"rendered":"<p>USZCZELKA TERMICZNA do B18C1 Integra 94-01 HONDA &#8211; ZNACZNIE REDUKUJE TEMPERATUR\u0118\u0098 KOLEKTORA SS\u0104CEGO -WI\u0118KSZA MOC &#8211; IDEALNY NA CO DZIE\u0143 NA ULIC\u0118 I NA WY\u015aCIGI &#8211; MAKSYMALNA TEMPERATURA 500\u00b0F\/260\u00b0C -BARDZO PROSTA INSTALACJA. &#8211; PRECYZYJNE CI\u0118CIE LASEREM<\/p>\n","protected":false},"featured_media":297,"template":"","meta":{"_seopress_robots_primary_cat":"none","_seopress_titles_title":"USZCZELKA TERMICZNA do HONDA Integra","_seopress_titles_desc":"USZCZELKA TERMICZNA do B18C1 Integra 94-01 HONDA - ZNACZNIE REDUKUJE TEMPERATUR\u0118\u0098 KOLEKTORA SS\u0104CEGO","_seopress_robots_index":"","inline_featured_image":false},"product_brand":[],"product_cat":[22,97,73],"product_tag":[207,100,209,220,204,202],"class_list":{"0":"post-210","1":"product","2":"type-product","3":"status-publish","4":"has-post-thumbnail","6":"product_cat-czesci-do-honda","7":"product_cat-silnik-i-przeniesienie-napedu-do-honda","8":"product_cat-uklad-dolotowy-do-honda","9":"product_tag-b18c1","10":"product_tag-honda","11":"product_tag-integra","12":"product_tag-kolektor-ssacy","13":"product_tag-termiczna","14":"product_tag-uszczelka","16":"first","17":"instock","18":"taxable","19":"shipping-taxable","20":"purchasable","21":"product-type-simple"},"_links":{"self":[{"href":"https:\/\/silverproject.eu\/pl\/wp-json\/wp\/v2\/product\/210","targetHints":{"allow":["GET"]}}],"collection":[{"href":"https:\/\/silverproject.eu\/pl\/wp-json\/wp\/v2\/product"}],"about":[{"href":"https:\/\/silverproject.eu\/pl\/wp-json\/wp\/v2\/types\/product"}],"wp:featuredmedia":[{"embeddable":true,"href":"https:\/\/silverproject.eu\/pl\/wp-json\/wp\/v2\/media\/297"}],"wp:attachment":[{"href":"https:\/\/silverproject.eu\/pl\/wp-json\/wp\/v2\/media?parent=210"}],"wp:term":[{"taxonomy":"product_brand","embeddable":true,"href":"https:\/\/silverproject.eu\/pl\/wp-json\/wp\/v2\/product_brand?post=210"},{"taxonomy":"product_cat","embeddable":true,"href":"https:\/\/silverproject.eu\/pl\/wp-json\/wp\/v2\/product_cat?post=210"},{"taxonomy":"product_tag","embeddable":true,"href":"https:\/\/silverproject.eu\/pl\/wp-json\/wp\/v2\/product_tag?post=210"}],"curies":[{"name":"wp","href":"https:\/\/api.w.org\/{rel}","templated":true}]}}