{"id":209,"date":"2018-12-03T18:02:41","date_gmt":"2018-12-03T17:02:41","guid":{"rendered":"https:\/\/silverproject.eu\/pl\/produkt\/import-placeholder-for-2641\/"},"modified":"2026-04-16T13:11:15","modified_gmt":"2026-04-16T11:11:15","slug":"uszczelka-termiczna-do-honda-d-series-92-00-civic-d16z6-d16y8","status":"publish","type":"product","link":"https:\/\/silverproject.eu\/pl\/uszczelka-termiczna-do-honda-d-series-92-00-civic-d16z6-d16y8\/","title":{"rendered":"USZCZELKA TERMICZNA do HONDA D-Series"},"content":{"rendered":"<p>USZCZELKA TERMICZNA do HONDA D-Series 92-00 Civic D16Z6 D16Y8<br \/>\n&#8211; ZNACZNIE REDUKUJE TEMPERATUR\u0118 KOLEKTORA SS\u0104CEGO<\/p>\n<p>-WI\u0118KSZA MOC<br \/>\n&#8211; IDEALNY NA CO DZIE\u0143 NA ULIC\u0118\u0098 I NA WY\u015aCIGI<br \/>\n&#8211; MAKSYMALNA TEMPERATURA 500\u00b0F\/260\u00b0C<br \/>\n-BARDZO PROSTA INSTALACJA.<br \/>\n&#8211; PRECYZYJNE CI\u0118\u0098CIE LASEREM<\/p>\n","protected":false},"excerpt":{"rendered":"<p>USZCZELKA TERMICZNA do HONDA D-Series 92-00 Civic D16Z6 D16Y8 &#8211; ZNACZNIE REDUKUJE TEMPERATUR\u0118 KOLEKTORA SS\u0104CEGO -WI\u0118KSZA MOC &#8211; IDEALNY NA CO DZIE\u0143 NA ULIC\u0118\u0098 I NA WY\u015aCIGI &#8211; MAKSYMALNA TEMPERATURA 500\u00b0F\/260\u00b0C -BARDZO PROSTA INSTALACJA. &#8211; PRECYZYJNE CI\u0118\u0098CIE LASEREM<\/p>\n","protected":false},"featured_media":296,"template":"","meta":{"_seopress_robots_primary_cat":"none","_seopress_titles_title":"USZCZELKA TERMICZNA do HONDA D-Series","_seopress_titles_desc":"USZCZELKA TERMICZNA do HONDA D-Series 92-00 Civic D16Z6 D16Y8 - ZNACZNIE REDUKUJE TEMPERATUR\u0118 KOLEKTORA SS\u0104CEGO","_seopress_robots_index":"","inline_featured_image":false},"product_brand":[],"product_cat":[22,97,73],"product_tag":[208,216,217,218,219,100,204,202],"class_list":{"0":"post-209","1":"product","2":"type-product","3":"status-publish","4":"has-post-thumbnail","6":"product_cat-czesci-do-honda","7":"product_cat-silnik-i-przeniesienie-napedu-do-honda","8":"product_cat-uklad-dolotowy-do-honda","9":"product_tag-civic","10":"product_tag-d-seria","11":"product_tag-d-series","12":"product_tag-d16y8","13":"product_tag-d16z6","14":"product_tag-honda","15":"product_tag-termiczna","16":"product_tag-uszczelka","18":"first","19":"instock","20":"taxable","21":"shipping-taxable","22":"purchasable","23":"product-type-simple"},"_links":{"self":[{"href":"https:\/\/silverproject.eu\/pl\/wp-json\/wp\/v2\/product\/209","targetHints":{"allow":["GET"]}}],"collection":[{"href":"https:\/\/silverproject.eu\/pl\/wp-json\/wp\/v2\/product"}],"about":[{"href":"https:\/\/silverproject.eu\/pl\/wp-json\/wp\/v2\/types\/product"}],"wp:featuredmedia":[{"embeddable":true,"href":"https:\/\/silverproject.eu\/pl\/wp-json\/wp\/v2\/media\/296"}],"wp:attachment":[{"href":"https:\/\/silverproject.eu\/pl\/wp-json\/wp\/v2\/media?parent=209"}],"wp:term":[{"taxonomy":"product_brand","embeddable":true,"href":"https:\/\/silverproject.eu\/pl\/wp-json\/wp\/v2\/product_brand?post=209"},{"taxonomy":"product_cat","embeddable":true,"href":"https:\/\/silverproject.eu\/pl\/wp-json\/wp\/v2\/product_cat?post=209"},{"taxonomy":"product_tag","embeddable":true,"href":"https:\/\/silverproject.eu\/pl\/wp-json\/wp\/v2\/product_tag?post=209"}],"curies":[{"name":"wp","href":"https:\/\/api.w.org\/{rel}","templated":true}]}}