{"id":205,"date":"2018-12-03T18:02:41","date_gmt":"2018-12-03T17:02:41","guid":{"rendered":"https:\/\/silverproject.eu\/pl\/produkt\/import-placeholder-for-2636\/"},"modified":"2024-05-23T11:19:41","modified_gmt":"2024-05-23T09:19:41","slug":"przepustnica-do-civic-integra-b16-b18c1-uszczelka-termiczna-honda-2","status":"publish","type":"product","link":"https:\/\/silverproject.eu\/pl\/przepustnica-do-civic-integra-b16-b18c1-uszczelka-termiczna-honda-2\/","title":{"rendered":"PRZEPUSTNICA do Civic Integra B16 B18C1 USZCZELKA TERMICZNA HONDA"},"content":{"rendered":"<p>PRZEPUSTNICA do Civic Integra HONDA B18C1<br \/>\n&#8211; ZNACZNIE REDUKUJE TEMPERATUR\u0118 PRZEPUSTNICY<br \/>\n&#8211; WI\u0118KSZA MOC<br \/>\n&#8211; IDEALNY NA CO DZIE\u0143 NA ULIC\u0118 I NA WY\u015aCIGI<br \/>\n&#8211; MAKSYMALNA TEMPERATURA 500\u00b0F\/260\u00b0C<br \/>\n&#8211; BARDZO PROSTA INSTALACJA.<br \/>\n&#8211; PRECYZYJNE CI\u0118CIE LASEREM<\/p>\n","protected":false},"excerpt":{"rendered":"<p>PRZEPUSTNICA do Civic Integra HONDA B18C1 &#8211; ZNACZNIE REDUKUJE TEMPERATUR\u0118 PRZEPUSTNICY &#8211; WI\u0118KSZA MOC &#8211; IDEALNY NA CO DZIE\u0143 NA ULIC\u0118 I NA WY\u015aCIGI &#8211; MAKSYMALNA TEMPERATURA 500\u00b0F\/260\u00b0C &#8211; BARDZO PROSTA INSTALACJA. &#8211; PRECYZYJNE CI\u0118CIE LASEREM<\/p>\n","protected":false},"featured_media":292,"template":"","meta":{"_seopress_robots_primary_cat":"none","_seopress_titles_title":"PRZEPUSTNICA do Civic Integra B16 B18C1","_seopress_titles_desc":"PRZEPUSTNICA do Civic Integra B16 B18C1 USZCZELKA TERMICZNA HONDA - ZNACZNIE REDUKUJE TEMPERATUR\u0118 PRZEPUSTNICY.","_seopress_robots_index":"","inline_featured_image":false},"product_brand":[],"product_cat":[22,97,73],"product_tag":[206,207,208,100,203,204,202],"class_list":{"0":"post-205","1":"product","2":"type-product","3":"status-publish","4":"has-post-thumbnail","6":"product_cat-czesci-do-honda","7":"product_cat-silnik-i-przeniesienie-napedu-do-honda","8":"product_cat-uklad-dolotowy-do-honda","9":"product_tag-b16","10":"product_tag-b18c1","11":"product_tag-civic","12":"product_tag-honda","13":"product_tag-przepustnica","14":"product_tag-termiczna","15":"product_tag-uszczelka","17":"first","18":"instock","19":"taxable","20":"shipping-taxable","21":"purchasable","22":"product-type-simple"},"_links":{"self":[{"href":"https:\/\/silverproject.eu\/pl\/wp-json\/wp\/v2\/product\/205","targetHints":{"allow":["GET"]}}],"collection":[{"href":"https:\/\/silverproject.eu\/pl\/wp-json\/wp\/v2\/product"}],"about":[{"href":"https:\/\/silverproject.eu\/pl\/wp-json\/wp\/v2\/types\/product"}],"wp:featuredmedia":[{"embeddable":true,"href":"https:\/\/silverproject.eu\/pl\/wp-json\/wp\/v2\/media\/292"}],"wp:attachment":[{"href":"https:\/\/silverproject.eu\/pl\/wp-json\/wp\/v2\/media?parent=205"}],"wp:term":[{"taxonomy":"product_brand","embeddable":true,"href":"https:\/\/silverproject.eu\/pl\/wp-json\/wp\/v2\/product_brand?post=205"},{"taxonomy":"product_cat","embeddable":true,"href":"https:\/\/silverproject.eu\/pl\/wp-json\/wp\/v2\/product_cat?post=205"},{"taxonomy":"product_tag","embeddable":true,"href":"https:\/\/silverproject.eu\/pl\/wp-json\/wp\/v2\/product_tag?post=205"}],"curies":[{"name":"wp","href":"https:\/\/api.w.org\/{rel}","templated":true}]}}