{"id":204,"date":"2018-12-03T18:02:41","date_gmt":"2018-12-03T17:02:41","guid":{"rendered":"https:\/\/silverproject.eu\/pl\/produkt\/import-placeholder-for-2635\/"},"modified":"2026-03-19T12:29:42","modified_gmt":"2026-03-19T11:29:42","slug":"przepustnica-do-civic-integra-b16-b18c1-uszczelka-termiczna-honda","status":"publish","type":"product","link":"https:\/\/silverproject.eu\/pl\/przepustnica-do-civic-integra-b16-b18c1-uszczelka-termiczna-honda\/","title":{"rendered":"PRZEPUSTNICA do Civic Integra B16 B18C1 USZCZELKA TERMICZNA HONDA"},"content":{"rendered":"<p>PRZEPUSTNICA do Civic Integra B16 B18C1<br \/>\n&#8211; ZNACZNIE REDUKUJE TEMPERATUR\u0118 PRZEPUSTNICY<br \/>\n&#8211; WI\u0118KSZA MOC<br \/>\n&#8211; IDEALNY NA CO DZIE\u0143 NA ULIC\u0118 I NA WY\u015aCIGI<br \/>\n&#8211; MAKSYMALNA TEMPERATURA 500\u00b0F\/260\u00b0C<br \/>\n-BARDZO PROSTA INSTALACJA.<br \/>\n&#8211; PRECYZYJNE CI\u0118CIE LASEREM<\/p>\n","protected":false},"excerpt":{"rendered":"<p>PRZEPUSTNICA do Civic Integra B16 B18C1 &#8211; ZNACZNIE REDUKUJE TEMPERATUR\u0118 PRZEPUSTNICY &#8211; WI\u0118KSZA MOC &#8211; IDEALNY NA CO DZIE\u0143 NA ULIC\u0118 I NA WY\u015aCIGI &#8211; MAKSYMALNA TEMPERATURA 500\u00b0F\/260\u00b0C -BARDZO PROSTA INSTALACJA. &#8211; PRECYZYJNE CI\u0118CIE LASEREM<\/p>\n","protected":false},"featured_media":290,"template":"","meta":{"_seopress_robots_primary_cat":"none","_seopress_titles_title":"PRZEPUSTNICA do Civic Integra B16 B18C1","_seopress_titles_desc":"PRZEPUSTNICA do Civic Integra B16 B18C1 - ZNACZNIE REDUKUJE TEMPERATUR\u0118 PRZEPUSTNICY","_seopress_robots_index":"","inline_featured_image":false},"product_brand":[],"product_cat":[22,97,73],"product_tag":[206,207,208,100,209,210],"class_list":{"0":"post-204","1":"product","2":"type-product","3":"status-publish","4":"has-post-thumbnail","6":"product_cat-czesci-do-honda","7":"product_cat-silnik-i-przeniesienie-napedu-do-honda","8":"product_cat-uklad-dolotowy-do-honda","9":"product_tag-b16","10":"product_tag-b18c1","11":"product_tag-civic","12":"product_tag-honda","13":"product_tag-integra","14":"product_tag-uszczelka-termiczna","16":"first","17":"instock","18":"taxable","19":"shipping-taxable","20":"purchasable","21":"product-type-simple"},"_links":{"self":[{"href":"https:\/\/silverproject.eu\/pl\/wp-json\/wp\/v2\/product\/204","targetHints":{"allow":["GET"]}}],"collection":[{"href":"https:\/\/silverproject.eu\/pl\/wp-json\/wp\/v2\/product"}],"about":[{"href":"https:\/\/silverproject.eu\/pl\/wp-json\/wp\/v2\/types\/product"}],"wp:featuredmedia":[{"embeddable":true,"href":"https:\/\/silverproject.eu\/pl\/wp-json\/wp\/v2\/media\/290"}],"wp:attachment":[{"href":"https:\/\/silverproject.eu\/pl\/wp-json\/wp\/v2\/media?parent=204"}],"wp:term":[{"taxonomy":"product_brand","embeddable":true,"href":"https:\/\/silverproject.eu\/pl\/wp-json\/wp\/v2\/product_brand?post=204"},{"taxonomy":"product_cat","embeddable":true,"href":"https:\/\/silverproject.eu\/pl\/wp-json\/wp\/v2\/product_cat?post=204"},{"taxonomy":"product_tag","embeddable":true,"href":"https:\/\/silverproject.eu\/pl\/wp-json\/wp\/v2\/product_tag?post=204"}],"curies":[{"name":"wp","href":"https:\/\/api.w.org\/{rel}","templated":true}]}}