{"id":149,"date":"2018-12-03T18:02:19","date_gmt":"2018-12-03T17:02:19","guid":{"rendered":"https:\/\/silverproject.eu\/pl\/produkt\/import-placeholder-for-2633\/"},"modified":"2024-02-28T11:11:48","modified_gmt":"2024-02-28T10:11:48","slug":"przepustnica-uszczelka-termiczna-do-honda-s2000","status":"publish","type":"product","link":"https:\/\/silverproject.eu\/pl\/przepustnica-uszczelka-termiczna-do-honda-s2000\/","title":{"rendered":"PRZEPUSTNICA USZCZELKA TERMICZNA do HONDA S2000"},"content":{"rendered":"<p>PRZEPUSTNICA USZCZELKA TERMICZNA do HONDA S2000 F20C, F22C TYLKO SILNIK (2000-2009 Honda S2000)<br \/>\n&#8211; ZNACZNIE REDUKUJE TEMPERATUR\u0118 PRZEPUSTNICY<\/p>\n<p>-WI\u0118KSZA MOC<br \/>\n&#8211; IDEALNY NA CO DZIE\u0143 NA ULIC\u0118 I NA WY\u015aCIGI<br \/>\n&#8211; MAKSYMALNA TEMPERATURA 500\u00b0F\/260\u00b0C<br \/>\n-BARDZO PROSTA INSTALACJA.<br \/>\n&#8211; PRECYZYJNE CI\u0118CIE LASEREM<\/p>\n","protected":false},"excerpt":{"rendered":"<p>PRZEPUSTNICA USZCZELKA TERMICZNA do HONDA S2000 F20C, F22C TYLKO SILNIK (2000-2009 Honda S2000) &#8211; ZNACZNIE REDUKUJE TEMPERATUR\u0118 PRZEPUSTNICY -WI\u0118KSZA MOC &#8211; IDEALNY NA CO DZIE\u0143 NA ULIC\u0118 I NA WY\u015aCIGI &#8211; MAKSYMALNA TEMPERATURA 500\u00b0F\/260\u00b0C -BARDZO PROSTA INSTALACJA. &#8211; PRECYZYJNE CI\u0118CIE LASEREM<\/p>\n","protected":false},"featured_media":290,"template":"","meta":{"_seopress_robots_primary_cat":"none","_seopress_titles_title":"PRZEPUSTNICA USZCZELKA TERMICZNA do HONDA S2000","_seopress_titles_desc":"PRZEPUSTNICA USZCZELKA TERMICZNA do HONDA S2000 (2000-2009 Honda S2000) - ZNACZNIE REDUKUJE TEMPERATUR\u0118 PRZEPUSTNICY PRZEPUSTNICA S2000 USZCZELKA TERMICZNA HONDA","_seopress_robots_index":"","inline_featured_image":false},"product_brand":[],"product_cat":[22,97,73],"product_tag":[100,203,201,204,202],"class_list":{"0":"post-149","1":"product","2":"type-product","3":"status-publish","4":"has-post-thumbnail","6":"product_cat-czesci-do-honda","7":"product_cat-silnik-i-przeniesienie-napedu-do-honda","8":"product_cat-uklad-dolotowy-do-honda","9":"product_tag-honda","10":"product_tag-przepustnica","11":"product_tag-s2000","12":"product_tag-termiczna","13":"product_tag-uszczelka","15":"first","16":"instock","17":"taxable","18":"shipping-taxable","19":"purchasable","20":"product-type-simple"},"_links":{"self":[{"href":"https:\/\/silverproject.eu\/pl\/wp-json\/wp\/v2\/product\/149","targetHints":{"allow":["GET"]}}],"collection":[{"href":"https:\/\/silverproject.eu\/pl\/wp-json\/wp\/v2\/product"}],"about":[{"href":"https:\/\/silverproject.eu\/pl\/wp-json\/wp\/v2\/types\/product"}],"wp:featuredmedia":[{"embeddable":true,"href":"https:\/\/silverproject.eu\/pl\/wp-json\/wp\/v2\/media\/290"}],"wp:attachment":[{"href":"https:\/\/silverproject.eu\/pl\/wp-json\/wp\/v2\/media?parent=149"}],"wp:term":[{"taxonomy":"product_brand","embeddable":true,"href":"https:\/\/silverproject.eu\/pl\/wp-json\/wp\/v2\/product_brand?post=149"},{"taxonomy":"product_cat","embeddable":true,"href":"https:\/\/silverproject.eu\/pl\/wp-json\/wp\/v2\/product_cat?post=149"},{"taxonomy":"product_tag","embeddable":true,"href":"https:\/\/silverproject.eu\/pl\/wp-json\/wp\/v2\/product_tag?post=149"}],"curies":[{"name":"wp","href":"https:\/\/api.w.org\/{rel}","templated":true}]}}