{"id":146,"date":"2018-12-03T18:02:19","date_gmt":"2018-12-03T17:02:19","guid":{"rendered":"https:\/\/silverproject.eu\/pl\/produkt\/import-placeholder-for-2629\/"},"modified":"2026-04-16T15:05:09","modified_gmt":"2026-04-16T13:05:09","slug":"camber-plates-do-golf-mk1-3d-caster-camber","status":"publish","type":"product","link":"https:\/\/silverproject.eu\/pl\/camber-plates-do-golf-mk1-3d-caster-camber\/","title":{"rendered":"Camber Plates do Golf MK1 &#8211; 3D caster camber"},"content":{"rendered":"<p>Camber Plates do Golf MK1 &#8211; 3D caster camber prz\u00f3d 3D<\/p>\n<h4><span style=\"color: #ff0000;\"><strong><span id=\"result_box\" lang=\"pl\"><a style=\"color: #ff0000;\" href=\"https:\/\/silverproject.eu\/pl\/wp-content\/uploads\/2024\/12\/inst.-camber-pl.pdf\">instrukcja monta\u017cu<\/a><\/span><\/strong><\/span><\/h4>\n<div><\/div>\n<h4><span style=\"color: #ff0000;\"><strong><span id=\"result_box\" lang=\"pl\"><a style=\"color: #ff0000;\" href=\"https:\/\/silverproject.eu\/pl\/wp-content\/uploads\/2024\/12\/parts-pl.pdf\">elementy camber plates<\/a><\/span><\/strong><\/span><\/h4>\n<div><\/div>\n<h4><span style=\"color: #ff0000;\"><strong><span id=\"result_box\" lang=\"pl\"><a style=\"color: #ff0000;\" href=\"https:\/\/silverproject.eu\/pl\/wp-content\/uploads\/2024\/12\/Nm-camber-caster-PL.pdf\">instrukcja ustawienia<\/a><\/span><\/strong><\/span><\/h4>\n<div><\/div>\n<h4><span style=\"color: #ff0000;\"><strong><span id=\"result_box\" lang=\"pl\"><a style=\"color: #ff0000;\" href=\"https:\/\/silverproject.eu\/pl\/wp-content\/uploads\/2024\/12\/material-certyf.pdf\">certyfikat materia\u0142owy<\/a><\/span><\/strong><\/span><\/h4>\n<div><\/div>\n<\/div>\n<p>Regulatory k\u0105t\u00f3w z mo\u017cliwo\u015bci\u0105 regulacji caster i camber<br \/>\ncaster +9 <span class=\"st\">\u00b0<\/span>\/ 0<span class=\"st\">\u00b0<\/span> \/ &#8211; 9<span class=\"st\">\u00b0<\/span><\/p>\n<p>(2 sztuki)<\/p>\n<p>dost\u0119pne kolory: Czarny mat , Czerwony mat , Pomara\u0144czowy mat<\/p>\n<p>Szpilki s\u0105\u0085 d\u0142u\u017csze ni\u017c oryginalne ,dzi\u0119ki czemu mo\u017cna bez problemu zamontowa\u0107 dobre rozp\u00f3rki.<br \/>\nInstalacja jest prosta &#8211; zdejmujemy seryjn\u0105 poduszk\u0119 amortyzatora i zak\u0142adamy camber plates.<br \/>\n\u0141o\u017cyska z wk\u0142adem teflonowym.<\/p>\n","protected":false},"excerpt":{"rendered":"<p>Camber Plates VW Golf MK1 prz\u00f3d 3D<\/p>\n<p>Regulatory k\u0105t\u00f3w z mo\u017cliwo\u015bci\u0105 regulacji caster i camber<br \/>\ncaster +9\u00b0 \/ 0\u00b0 \/ &#8211; 9\u00b0<\/p>\n<p>(2 sztuki)<\/p>\n","protected":false},"featured_media":278,"template":"","meta":{"_seopress_robots_primary_cat":"none","_seopress_titles_title":"Camber Plates do Golf MK1 - 3D caster camber","_seopress_titles_desc":"Camber Plates do VW Golf MK1 prz\u00f3d 3D. Regulatory k\u0105t\u00f3w z mo\u017cliwo\u015bci\u0105 regulacji caster Camber Plates Golf MK1 -3D caster camber.","_seopress_robots_index":"","inline_featured_image":false},"product_brand":[],"product_cat":[38,144],"product_tag":[132,57,145,147,186,59,187],"class_list":{"0":"post-146","1":"product","2":"type-product","3":"status-publish","4":"has-post-thumbnail","6":"product_cat-czesci-do-vw","7":"product_cat-zawieszenie-do-vw","8":"product_tag-3d","9":"product_tag-camber-plates","10":"product_tag-caster","11":"product_tag-golf","12":"product_tag-mk1","13":"product_tag-regulator-katow","14":"product_tag-vw","16":"first","17":"instock","18":"taxable","19":"shipping-taxable","20":"purchasable","21":"product-type-variable","22":"has-default-attributes"},"_links":{"self":[{"href":"https:\/\/silverproject.eu\/pl\/wp-json\/wp\/v2\/product\/146","targetHints":{"allow":["GET"]}}],"collection":[{"href":"https:\/\/silverproject.eu\/pl\/wp-json\/wp\/v2\/product"}],"about":[{"href":"https:\/\/silverproject.eu\/pl\/wp-json\/wp\/v2\/types\/product"}],"wp:featuredmedia":[{"embeddable":true,"href":"https:\/\/silverproject.eu\/pl\/wp-json\/wp\/v2\/media\/278"}],"wp:attachment":[{"href":"https:\/\/silverproject.eu\/pl\/wp-json\/wp\/v2\/media?parent=146"}],"wp:term":[{"taxonomy":"product_brand","embeddable":true,"href":"https:\/\/silverproject.eu\/pl\/wp-json\/wp\/v2\/product_brand?post=146"},{"taxonomy":"product_cat","embeddable":true,"href":"https:\/\/silverproject.eu\/pl\/wp-json\/wp\/v2\/product_cat?post=146"},{"taxonomy":"product_tag","embeddable":true,"href":"https:\/\/silverproject.eu\/pl\/wp-json\/wp\/v2\/product_tag?post=146"}],"curies":[{"name":"wp","href":"https:\/\/api.w.org\/{rel}","templated":true}]}}