{"id":143,"date":"2018-12-03T18:02:19","date_gmt":"2018-12-03T17:02:19","guid":{"rendered":"https:\/\/silverproject.eu\/pl\/produkt\/import-placeholder-for-2623\/"},"modified":"2025-01-13T19:18:59","modified_gmt":"2025-01-13T18:18:59","slug":"zestaw-tulei-zawieszenia-poliuretanow-do-bmw-e30","status":"publish","type":"product","link":"https:\/\/silverproject.eu\/pl\/zestaw-tulei-zawieszenia-poliuretanow-do-bmw-e30\/","title":{"rendered":"Zestaw tulei zawieszenia poliuretan\u00f3w do BMW E30"},"content":{"rendered":"<p>Zestaw tulei zawieszenia poliuretan\u00f3w do BMW E30<\/p>\n<p>Do wyboru twardo\u015b\u0107 :<\/p>\n<p>-75ShA (czerwony) do jazdy na co dzie\u0144<\/p>\n<p>-95ShA (\u017c\u00f3\u0142ty) do jazdy po torze<\/p>\n","protected":false},"excerpt":{"rendered":"<p>Zestaw tulei zawieszenia poliuretan\u00f3w do BMW E30 Do wyboru twardo\u015b\u0107 : -75ShA (czerwony) do jazdy na co dzie\u0144 -95ShA (\u017c\u00f3\u0142ty) do jazdy po torze<\/p>\n","protected":false},"featured_media":247,"template":"","meta":{"_seopress_robots_primary_cat":"none","_seopress_titles_title":"Zestaw tulei zawieszenia poliuretan\u00f3w do BMW E30 SilverProject.eu","_seopress_titles_desc":"Zestaw tulei zawieszenia poliuretan\u00f3w do BMW E30 Do wyboru twardo\u015b\u0107 : -75ShA (czerwony) do jazdy na co dzie\u0144 -95ShA (\u017c\u00f3\u0142ty) do jazdy po torze","_seopress_robots_index":"","inline_featured_image":false},"product_brand":[],"product_cat":[18,60],"product_tag":[61,40,64,176,180,159,160,174],"class_list":{"0":"post-143","1":"product","2":"type-product","3":"status-publish","4":"has-post-thumbnail","6":"product_cat-czesci-do-bmw","7":"product_cat-zawieszenie-do-bmw","8":"product_tag-bmw","9":"product_tag-drift","10":"product_tag-e30","11":"product_tag-poliuretan","12":"product_tag-sport","13":"product_tag-tuleja","14":"product_tag-tuleje","15":"product_tag-zawieszenie","17":"first","18":"instock","19":"taxable","20":"shipping-taxable","21":"purchasable","22":"product-type-variable"},"_links":{"self":[{"href":"https:\/\/silverproject.eu\/pl\/wp-json\/wp\/v2\/product\/143","targetHints":{"allow":["GET"]}}],"collection":[{"href":"https:\/\/silverproject.eu\/pl\/wp-json\/wp\/v2\/product"}],"about":[{"href":"https:\/\/silverproject.eu\/pl\/wp-json\/wp\/v2\/types\/product"}],"wp:featuredmedia":[{"embeddable":true,"href":"https:\/\/silverproject.eu\/pl\/wp-json\/wp\/v2\/media\/247"}],"wp:attachment":[{"href":"https:\/\/silverproject.eu\/pl\/wp-json\/wp\/v2\/media?parent=143"}],"wp:term":[{"taxonomy":"product_brand","embeddable":true,"href":"https:\/\/silverproject.eu\/pl\/wp-json\/wp\/v2\/product_brand?post=143"},{"taxonomy":"product_cat","embeddable":true,"href":"https:\/\/silverproject.eu\/pl\/wp-json\/wp\/v2\/product_cat?post=143"},{"taxonomy":"product_tag","embeddable":true,"href":"https:\/\/silverproject.eu\/pl\/wp-json\/wp\/v2\/product_tag?post=143"}],"curies":[{"name":"wp","href":"https:\/\/api.w.org\/{rel}","templated":true}]}}